{"id":32574,"date":"2025-02-21T09:28:37","date_gmt":"2025-02-21T09:28:37","guid":{"rendered":"https:\/\/purama.lt\/produktas\/pulsetto-vagus-nervo-stimuliatoriaus-kelioninis-deklas\/"},"modified":"2025-11-12T13:49:23","modified_gmt":"2025-11-12T11:49:23","slug":"pulsetto-vagushermostimulaattorin-matkatarra","status":"publish","type":"product","link":"https:\/\/purama.lt\/fi\/produktas\/pulsetto-vagus-nervo-stimuliatoriaus-kelioninis-deklas\/","title":{"rendered":"Pulsetto vagushermostimulaattorin matkalaukku"},"content":{"rendered":"<p><strong>Pulsetton tapaus<\/strong> - se ei ole vain suojaus, vaan my\u00f6s k\u00e4yt\u00e4nn\u00f6llinen ratkaisu niille, jotka haluavat pit\u00e4\u00e4 laitteensa <strong>turvallinen, siisti ja aina k\u00e4sill\u00e4<\/strong>.<\/p>","protected":false},"excerpt":{"rendered":"<p data-start=\"85\" data-end=\"503\">Kanna <strong data-start=\"101\" data-end=\"113\">Pulsetto<\/strong> ota laite mukaasi kaikkialle t\u00e4m\u00e4n <strong data-start=\"148\" data-end=\"195\">kest\u00e4v\u00e4 ja tyylik\u00e4s kovakuorinen kotelo<\/strong>. Se on suunniteltu suojaamaan laitettasi iskuilta, naarmuilta ja ymp\u00e4rist\u00f6n vaikutuksilta, mik\u00e4 takaa kest\u00e4vyyden ja turvallisuuden p\u00e4ivitt\u00e4isess\u00e4 k\u00e4yt\u00f6ss\u00e4. Sis\u00e4puolella oleva pehme\u00e4 suojamateriaali suojaa laitettasi mekaanisilta vaurioilta, ja vankka vetoketjuj\u00e4rjestelm\u00e4 est\u00e4\u00e4 laitteen odottamattoman avautumisen.<\/p>\n<p data-start=\"505\" data-end=\"819\">T\u00e4m\u00e4 kotelo on ihanteellinen paitsi kotona my\u00f6s t\u00f6iss\u00e4 tai aktiivisissa ymp\u00e4rist\u00f6iss\u00e4, ja se pit\u00e4\u00e4 laitteesi suojassa riippumatta siit\u00e4, kuljetatko sit\u00e4 repussa, k\u00e4silaukussa tai taskussa. <strong data-start=\"694\" data-end=\"737\">Minimalistinen ja ergonominen muotoilu<\/strong> varmistaa, ett\u00e4 kotelo ei vie paljon tilaa, mutta t\u00e4ytt\u00e4\u00e4 teht\u00e4v\u00e4ns\u00e4 t\u00e4ydellisesti.<\/p>\n<h4 data-start=\"821\" data-end=\"839\"><strong data-start=\"825\" data-end=\"837\">Ominaisuudet:<\/strong><\/h4>\n<ul data-start=\"840\" data-end=\"1390\">\n<li data-start=\"840\" data-end=\"924\"><strong data-start=\"842\" data-end=\"858\">Kompakti<\/strong> - Kotelon ohut, virtaviivainen muotoilu vie vain v\u00e4h\u00e4n tilaa.<\/li>\n<li data-start=\"925\" data-end=\"1016\"><strong data-start=\"927\" data-end=\"939\">Kest\u00e4v\u00e4<\/strong> - vankat ja kest\u00e4v\u00e4t materiaalit suojaavat kolhuilta ja naarmuilta.<\/li>\n<li data-start=\"1017\" data-end=\"1104\"><strong data-start=\"1019\" data-end=\"1051\">Suojaava sis\u00e4vuori<\/strong> - pehme\u00e4 materiaali suojaa laitetta naarmuilta.<\/li>\n<li data-start=\"1105\" data-end=\"1191\"><strong data-start=\"1107\" data-end=\"1130\">Turvallinen vetoketju<\/strong> - vankka lukitusj\u00e4rjestelm\u00e4 est\u00e4\u00e4 laitteen putoamisen.<\/li>\n<li data-start=\"1192\" data-end=\"1283\"><strong data-start=\"1194\" data-end=\"1219\">Kevyt ja kannettava<\/strong> - k\u00e4tev\u00e4 jokap\u00e4iv\u00e4iseen k\u00e4ytt\u00f6\u00f6n kotona ja matkalla.<\/li>\n<li data-start=\"1284\" data-end=\"1390\"><strong data-start=\"1286\" data-end=\"1299\">Tyylik\u00e4s<\/strong> - moderni muotoilu antaa tyylikk\u00e4\u00e4n ilmeen ja sopii t\u00e4ydellisesti Pulsetto-laitteeseen.<\/li>\n<\/ul>","protected":false},"featured_media":32578,"comment_status":"open","ping_status":"closed","template":"","meta":{"_acf_changed":false},"product_brand":[448],"product_cat":[282,285,61,283],"product_tag":[],"class_list":{"0":"post-32574","1":"product","2":"type-product","3":"status-publish","4":"has-post-thumbnail","6":"product_brand-pulsetto","7":"product_cat-longevity-prietaisai","8":"product_cat-nervu-stimuliacija","9":"product_cat-ramybei","10":"product_cat-sveikatingumo-prietaisai","12":"first","13":"instock","14":"shipping-taxable","15":"purchasable","16":"product-type-simple"},"acf":[],"tiered_pricing_type":"fixed","tiered_pricing_fixed_rules":[],"tiered_pricing_product_settings":{"layout":"default","base_unit_name":{"singular":null,"plural":null},"default_variation":null},"tiered_pricing_minimum_quantity":null,"tiered_pricing_roles_data":[],"tiered_pricing_percentage_rules":[],"_links":{"self":[{"href":"https:\/\/purama.lt\/fi\/wp-json\/wp\/v2\/product\/32574","targetHints":{"allow":["GET"]}}],"collection":[{"href":"https:\/\/purama.lt\/fi\/wp-json\/wp\/v2\/product"}],"about":[{"href":"https:\/\/purama.lt\/fi\/wp-json\/wp\/v2\/types\/product"}],"replies":[{"embeddable":true,"href":"https:\/\/purama.lt\/fi\/wp-json\/wp\/v2\/comments?post=32574"}],"wp:featuredmedia":[{"embeddable":true,"href":"https:\/\/purama.lt\/fi\/wp-json\/wp\/v2\/media\/32578"}],"wp:attachment":[{"href":"https:\/\/purama.lt\/fi\/wp-json\/wp\/v2\/media?parent=32574"}],"wp:term":[{"taxonomy":"product_brand","embeddable":true,"href":"https:\/\/purama.lt\/fi\/wp-json\/wp\/v2\/product_brand?post=32574"},{"taxonomy":"product_cat","embeddable":true,"href":"https:\/\/purama.lt\/fi\/wp-json\/wp\/v2\/product_cat?post=32574"},{"taxonomy":"product_tag","embeddable":true,"href":"https:\/\/purama.lt\/fi\/wp-json\/wp\/v2\/product_tag?post=32574"}],"curies":[{"name":"wp","href":"https:\/\/api.w.org\/{rel}","templated":true}]}}