{"id":32535,"date":"2025-02-18T11:21:45","date_gmt":"2025-02-18T11:21:45","guid":{"rendered":"https:\/\/purama.lt\/?post_type=product&#038;p=32535"},"modified":"2026-04-27T10:51:20","modified_gmt":"2026-04-27T08:51:20","slug":"kojines-girls-can-do-diva-vaaleanpunainen-sporukka","status":"publish","type":"product","link":"https:\/\/purama.lt\/fi\/produktas\/kojines-girls-can-do-diva-pink-sporcks\/","title":{"rendered":"SPORCKS Girls Can Do Diva Vaaleanpunaiset urheilusukat"},"content":{"rendered":"<p>Etsitk\u00f6 lis\u00e4\u00e4? Katso kaikki <a href=\"\/fi\/tuoteselosteet\/sporcks\/\">Sporcks-valikoima<\/a>.<\/p>","protected":false},"excerpt":{"rendered":"<p data-start=\"0\" data-end=\"326\"><strong>SPORCKS Girls Can Do Diva vaaleanpunainen<\/strong> - on kirkas ja toiminnallinen juoksusukka, joka on suunniteltu varmistamaan maksimaalinen mukavuus ja suorituskyky joka askeleella. Ergonominen muotoilu, jossa on vahvistettu nilkan ja jalkater\u00e4n tuki, antaa vakautta ja v\u00e4hent\u00e4\u00e4 v\u00e4symyst\u00e4, mik\u00e4 tekee juoksemisesta helpompaa ja tehokkaampaa.<\/p>\n<p data-start=\"328\" data-end=\"770\">Keskivahva kompressiotaso edist\u00e4\u00e4 verenkiertoa, v\u00e4hent\u00e4\u00e4 lihasj\u00e4nnityst\u00e4 ja tulehdusten todenn\u00e4k\u00f6isyytt\u00e4, joten sukat sopivat erinomaisesti sek\u00e4 p\u00e4ivitt\u00e4iseen harjoitteluun ett\u00e4 pitkiin kilpailuihin. Kantap\u00e4\u00e4n ja varpaiden alueet on valmistettu edistyksellisest\u00e4 <strong data-start=\"549\" data-end=\"569\">COOLMAX\u00ae-kangas<\/strong>, joka vaimentaa iskuja, tarjoaa ilmanl\u00e4p\u00e4isevyytt\u00e4 ja est\u00e4\u00e4 rakkuloita. Nopeasti kuivuva kangas siirt\u00e4\u00e4 tehokkaasti kosteutta pois pit\u00e4en jalat kuivina ja miellytt\u00e4vin\u00e4 jopa intensiivisimm\u00e4nkin treenin aikana.<\/p>\n<h4 data-start=\"772\" data-end=\"802\"><strong data-start=\"776\" data-end=\"800\">T\u00e4rkeimm\u00e4t ominaisuudet:<\/strong><\/h4>\n<ul data-start=\"803\" data-end=\"1399\">\n<li data-start=\"803\" data-end=\"879\"><strong data-start=\"805\" data-end=\"833\">Parannettu tuki:<\/strong> Nilkan ja pohjan vakaus.<\/li>\n<li data-start=\"880\" data-end=\"960\"><strong data-start=\"882\" data-end=\"913\">Keskikokoinen puristus:<\/strong> Stimuloi verenkiertoa ja v\u00e4hent\u00e4\u00e4 lihasv\u00e4symyst\u00e4.<\/li>\n<li data-start=\"961\" data-end=\"1055\"><strong data-start=\"963\" data-end=\"984\">COOLMAX\u00ae-kangas:<\/strong> Rakkulansuoja, tehokas iskunvaimennus ja ilmanl\u00e4p\u00e4isevyys.<\/li>\n<li data-start=\"1056\" data-end=\"1144\"><strong data-start=\"1058\" data-end=\"1083\">Hengitt\u00e4v\u00e4 verkko:<\/strong> S\u00e4ilytt\u00e4\u00e4 ihon optimaalisen l\u00e4mp\u00f6tilan aktiivisen liikkumisen aikana.<\/li>\n<li data-start=\"1145\" data-end=\"1243\"><strong data-start=\"1147\" data-end=\"1179\">Nopea kosteuden poisto:<\/strong> Sukat pysyv\u00e4t kuivina ja mukavina my\u00f6s intensiivisen juoksun j\u00e4lkeen.<\/li>\n<li data-start=\"1244\" data-end=\"1328\"><strong data-start=\"1246\" data-end=\"1271\">Valmistettu Espanjassa:<\/strong> Huippulaatua, ammattilaisurheilijoiden innoittamana.<\/li>\n<li data-start=\"1329\" data-end=\"1399\"><strong data-start=\"1331\" data-end=\"1343\">Koostumus:<\/strong> COOLMAX\u00ae ja nailon takaavat kest\u00e4vyyden ja pehmeyden.<\/li>\n<\/ul>\n<p data-start=\"1401\" data-end=\"1618\" data-is-last-node=\"\"><strong data-start=\"1401\" data-end=\"1437\">\u201eGirls Can Do Diva Pink\u201c SPORKIT<\/strong> - se on muutakin kuin juoksusukat. Se on yhdistelm\u00e4 energiaa, itseluottamusta ja tyyli\u00e4, jonka avulla voit saavuttaa uusia tavoitteita mukavasti ja itsevarmasti. Juokse kirkkaasti, juokse itsevarmasti!<\/p>","protected":false},"featured_media":32538,"comment_status":"open","ping_status":"closed","template":"","meta":{"_acf_changed":false},"product_brand":[246],"product_cat":[98,57,102],"product_tag":[],"class_list":{"0":"post-32535","1":"product","2":"type-product","3":"status-publish","4":"has-post-thumbnail","6":"product_brand-sporcks","7":"product_cat-sportui","8":"product_cat-akcijos","9":"product_cat-kojines","11":"first","12":"outofstock","13":"sale","14":"shipping-taxable","15":"purchasable","16":"product-type-variable"},"acf":[],"tiered_pricing_type":"fixed","tiered_pricing_fixed_rules":[],"tiered_pricing_product_settings":{"layout":"default","base_unit_name":{"singular":null,"plural":null},"default_variation":null},"tiered_pricing_minimum_quantity":null,"tiered_pricing_roles_data":[],"tiered_pricing_percentage_rules":[],"_links":{"self":[{"href":"https:\/\/purama.lt\/fi\/wp-json\/wp\/v2\/product\/32535","targetHints":{"allow":["GET"]}}],"collection":[{"href":"https:\/\/purama.lt\/fi\/wp-json\/wp\/v2\/product"}],"about":[{"href":"https:\/\/purama.lt\/fi\/wp-json\/wp\/v2\/types\/product"}],"replies":[{"embeddable":true,"href":"https:\/\/purama.lt\/fi\/wp-json\/wp\/v2\/comments?post=32535"}],"wp:featuredmedia":[{"embeddable":true,"href":"https:\/\/purama.lt\/fi\/wp-json\/wp\/v2\/media\/32538"}],"wp:attachment":[{"href":"https:\/\/purama.lt\/fi\/wp-json\/wp\/v2\/media?parent=32535"}],"wp:term":[{"taxonomy":"product_brand","embeddable":true,"href":"https:\/\/purama.lt\/fi\/wp-json\/wp\/v2\/product_brand?post=32535"},{"taxonomy":"product_cat","embeddable":true,"href":"https:\/\/purama.lt\/fi\/wp-json\/wp\/v2\/product_cat?post=32535"},{"taxonomy":"product_tag","embeddable":true,"href":"https:\/\/purama.lt\/fi\/wp-json\/wp\/v2\/product_tag?post=32535"}],"curies":[{"name":"wp","href":"https:\/\/api.w.org\/{rel}","templated":true}]}}