{"id":32517,"date":"2025-02-18T08:03:27","date_gmt":"2025-02-18T08:03:27","guid":{"rendered":"https:\/\/purama.lt\/produktas\/hayejin-ricefila-dvigubai-drekinantis-kremas\/"},"modified":"2026-04-10T13:03:26","modified_gmt":"2026-04-10T11:03:26","slug":"hayejin-ricefila-kaksinkertainen-kosteusvoide","status":"publish","type":"product","link":"https:\/\/purama.lt\/fi\/produktas\/hayejin-ricefila-dvigubai-drekinantis-kremas\/","title":{"rendered":"HAYEJIN RiceFila kaksinkertainen kosteusvoide"},"content":{"rendered":"<h4 class=\"wp-block-heading\"><strong>Miten HAYEJIN RiceFila Cream toimii?<\/strong><\/h4>\n\n\n\n<ul class=\"wp-block-list\">\n<li><strong>Kosteuttaa ihoa syv\u00e4sti<\/strong>, antaa pitk\u00e4kestoisen kosteuden tunteen<\/li>\n\n\n\n<li><strong>Vahvistaa ihoestett\u00e4<\/strong>, est\u00e4\u00e4 kosteuden menetyksen<\/li>\n\n\n\n<li><strong>V\u00e4hent\u00e4\u00e4 venymist\u00e4 ja kuivumista<\/strong>, antaa iholle mukavuuden tunteen<\/li>\n\n\n\n<li><strong>Yll\u00e4pit\u00e4\u00e4 ihon kimmoisuutta<\/strong>, antaa terveen hehkun<\/li>\n<\/ul>\n\n\n\n<h4 class=\"wp-block-heading\"><strong>Kuinka k\u00e4ytt\u00e4\u00e4?<\/strong><\/h4>\n\n\n\n<ol class=\"wp-block-list\">\n<li><strong>Levit\u00e4 voidetta aamuin ja illoin<\/strong> puhtaalle iholle.<\/li>\n\n\n\n<li>Hiero kevyesti, kunnes se on imeytynyt kokonaan.<\/li>\n\n\n\n<li><strong>Parhaan tuloksen saavuttamiseksi<\/strong> k\u00e4ytt\u00f6 yhdess\u00e4 muiden <strong>HAYEJIN RicePhila-linja<\/strong>.<\/li>\n<\/ol>\n\n\n\n<p><strong>Ainesosat:<\/strong> Riisiuute, hyaluronihappo, keramidit, kasvi\u00f6ljyt, luonnolliset kosteuttavat ainesosat.<\/p>\n\n\n\n<p><strong>HAYEJIN RiceFila kaksinkertainen kosteusvoide<\/strong> - syv\u00e4\u00e4 kosteutusta ja silkkisen sile\u00e4\u00e4 ihoa joka p\u00e4iv\u00e4!<\/p>\n\n\n\n<p><\/p>\n\n\n\n<p><\/p>","protected":false},"excerpt":{"rendered":"<p data-start=\"102\" data-end=\"471\"><strong data-start=\"102\" data-end=\"150\">HAYEJIN RiceFila kaksinkertainen kosteusvoide<\/strong> - t\u00e4m\u00e4 <strong data-start=\"157\" data-end=\"206\">syv\u00e4kosteuttava kasvovoide<\/strong>, rikastettu <strong data-start=\"221\" data-end=\"272\">riisiuutetta, keramidia ja hyaluronihappoa.<\/strong>, jotka auttavat <strong data-start=\"287\" data-end=\"368\">Palauttaa ihon kosteustasapainon, vahvistaa suojakerrosta ja pehment\u00e4\u00e4 ihoa.<\/strong>. Voidekaava imeytyy helposti, ei j\u00e4t\u00e4 rasvaista tunnetta ja takaa, ett\u00e4 <strong data-start=\"441\" data-end=\"468\">kest\u00e4v\u00e4 ihomukavuus<\/strong>.<\/p>\n<h4 data-start=\"473\" data-end=\"526\"><strong data-start=\"477\" data-end=\"524\">Miksi valita HAYEJIN RiceFila -voide?<\/strong><\/h4>\n<p data-start=\"527\" data-end=\"1001\">\u2714 <strong data-start=\"529\" data-end=\"562\">Kaksinkertainen kosteuttava vaikutus<\/strong> - hyaluronihappoa ja riisiuutetta ihon syv\u00e4kosteuttamiseen.<br data-start=\"636\" data-end=\"639\" \/>\u2714 <strong data-start=\"641\" data-end=\"671\">Vahvistaa suojamuuria<\/strong> - keramidit auttavat yll\u00e4pit\u00e4m\u00e4\u00e4n ihon kosteutta ja suojaa ulkoisilta aggressiivisilta tekij\u00f6ilt\u00e4.<br data-start=\"745\" data-end=\"748\" \/>\u2714 <strong data-start=\"750\" data-end=\"769\">Kevyt rakenne<\/strong> - imeytyy nopeasti j\u00e4tt\u00e4m\u00e4tt\u00e4 rasvaista tunnetta<br data-start=\"817\" data-end=\"820\" \/>\u2714 <strong data-start=\"822\" data-end=\"846\">Sopii kaikille ihotyypeille<\/strong> - t\u00e4ydellinen valinta kuivalle, herk\u00e4lle tai kuivuneelle iholle.<br data-start=\"907\" data-end=\"910\" \/>\u2714 <strong data-start=\"912\" data-end=\"953\">Tekee ihosta pehme\u00e4n ja kimmoisan<\/strong> - auttaa yll\u00e4pit\u00e4m\u00e4\u00e4n tervett\u00e4 ja kaunista ulkon\u00e4k\u00f6\u00e4<\/p>","protected":false},"featured_media":32521,"comment_status":"open","ping_status":"closed","template":"","meta":{"_acf_changed":false},"product_brand":[427],"product_cat":[59,92,55],"product_tag":[],"class_list":{"0":"post-32517","1":"product","2":"type-product","3":"status-publish","4":"has-post-thumbnail","6":"product_brand-hayejin","7":"product_cat-veidui","8":"product_cat-groziui","9":"product_cat-veido-kremai","11":"first","12":"outofstock","13":"shipping-taxable","14":"purchasable","15":"product-type-simple"},"acf":[],"tiered_pricing_type":"fixed","tiered_pricing_fixed_rules":[],"tiered_pricing_product_settings":{"layout":"default","base_unit_name":{"singular":null,"plural":null},"default_variation":null},"tiered_pricing_minimum_quantity":null,"tiered_pricing_roles_data":[],"tiered_pricing_percentage_rules":[],"_links":{"self":[{"href":"https:\/\/purama.lt\/fi\/wp-json\/wp\/v2\/product\/32517","targetHints":{"allow":["GET"]}}],"collection":[{"href":"https:\/\/purama.lt\/fi\/wp-json\/wp\/v2\/product"}],"about":[{"href":"https:\/\/purama.lt\/fi\/wp-json\/wp\/v2\/types\/product"}],"replies":[{"embeddable":true,"href":"https:\/\/purama.lt\/fi\/wp-json\/wp\/v2\/comments?post=32517"}],"wp:featuredmedia":[{"embeddable":true,"href":"https:\/\/purama.lt\/fi\/wp-json\/wp\/v2\/media\/32521"}],"wp:attachment":[{"href":"https:\/\/purama.lt\/fi\/wp-json\/wp\/v2\/media?parent=32517"}],"wp:term":[{"taxonomy":"product_brand","embeddable":true,"href":"https:\/\/purama.lt\/fi\/wp-json\/wp\/v2\/product_brand?post=32517"},{"taxonomy":"product_cat","embeddable":true,"href":"https:\/\/purama.lt\/fi\/wp-json\/wp\/v2\/product_cat?post=32517"},{"taxonomy":"product_tag","embeddable":true,"href":"https:\/\/purama.lt\/fi\/wp-json\/wp\/v2\/product_tag?post=32517"}],"curies":[{"name":"wp","href":"https:\/\/api.w.org\/{rel}","templated":true}]}}