{"id":32492,"date":"2025-02-17T09:34:25","date_gmt":"2025-02-17T09:34:25","guid":{"rendered":"https:\/\/purama.lt\/produktas\/norsan-omega-3-fisk-jelly-braskiu-citrinu-skonio-guminukai-2\/"},"modified":"2026-04-15T13:45:14","modified_gmt":"2026-04-15T11:45:14","slug":"norsan-omega-3-fisk-hyytelo-rapea-sitruunan-makuiset-purukumit-2","status":"publish","type":"product","link":"https:\/\/purama.lt\/fi\/produktas\/norsan-omega-3-fisk-jelly-braskiu-citrinu-skonio-guminukai-2\/","title":{"rendered":"NORSAN, OMEGA-3 FISK JELLY, BRACHIAN CITRINE SKIN purukumi 120kpl."},"content":{"rendered":"<h4 class=\"wp-block-heading\"><strong>Miten NORSAN Omega-3 Fisk Jelly toimii?<\/strong><\/h4>\n\n\n\n<ul class=\"wp-block-list\">\n<li><strong>Edist\u00e4\u00e4 kognitiivisia toimintoja<\/strong>, auttaa yll\u00e4pit\u00e4m\u00e4\u00e4n selke\u00e4\u00e4 ajattelua<\/li>\n\n\n\n<li><strong>Parantaa syd\u00e4n- ja verisuoniterveytt\u00e4<\/strong>, s\u00e4\u00e4telee veren kolesterolitasoja<\/li>\n\n\n\n<li><strong>Tukee silmien terveytt\u00e4<\/strong>, DHA on t\u00e4rke\u00e4\u00e4 n\u00e4k\u00f6kyvyn yll\u00e4pit\u00e4miseksi<\/li>\n\n\n\n<li><strong>Varmistaa p\u00e4ivitt\u00e4isen omega-3:n saannin.<\/strong>ilman monimutkaista kulutusta - nauti vain maukkaasta purukumista!<\/li>\n<\/ul>\n\n\n\n<h4 class=\"wp-block-heading\"><strong>Kuinka k\u00e4ytt\u00e4\u00e4?<\/strong><\/h4>\n\n\n\n<ol class=\"wp-block-list\">\n<li><strong>Suositeltu p\u00e4ivitt\u00e4inen annos - 2 purukumia<\/strong>.<\/li>\n\n\n\n<li>K\u00e4yt\u00e4 <strong>mihin aikaan p\u00e4iv\u00e4st\u00e4 tahansa<\/strong>.<\/li>\n\n\n\n<li><strong>Sopii lapsille ja aikuisille<\/strong> - mukava tapa t\u00e4ydent\u00e4\u00e4 omega-3-varastojasi.<\/li>\n<\/ol>\n\n\n\n<p><strong>Ainesosat:<\/strong> Luonnonvarainen kala\u00f6ljy (omega-3-l\u00e4hde), luonnolliset hedelm\u00e4aromit (mansikka, sitruuna), pektiini, kasvigeelatiini, luonnolliset antioksidantit.<\/p>\n\n\n\n<p><strong>NORSAN Omega-3 Fisk Jelly (120 kpl)<\/strong> - lis\u00e4\u00e4 herkullisia omega-3-purukumia sinun ja perheesi terveydelle!<\/p>","protected":false},"excerpt":{"rendered":"<p data-start=\"107\" data-end=\"418\"><strong data-start=\"107\" data-end=\"136\">NORSAN Omega-3 Fisk Jelly<\/strong> - t\u00e4m\u00e4 <strong data-start=\"143\" data-end=\"182\">luonnolliset, maukkaat omega-3-purukumit<\/strong>, rikastettu korkealaatuisella <strong data-start=\"212\" data-end=\"240\">luonnonvarainen kala\u00f6ljy<\/strong>, jossa on runsaasti <strong data-start=\"256\" data-end=\"286\">EPA- ja DHA-rasvahapot<\/strong>. N\u00e4m\u00e4 ravintoaineet <strong data-start=\"317\" data-end=\"373\">tukee aivojen toimintaa, n\u00e4k\u00f6kyky\u00e4 ja syd\u00e4men terveytt\u00e4<\/strong>tarjoaa p\u00e4ivitt\u00e4isen suojan keholle. T\u00e4m\u00e4 <strong data-start=\"426\" data-end=\"462\">isommassa 120 purukumin pakkauksessa<\/strong> Omega-3-varastot s\u00e4ilyv\u00e4t pidemp\u00e4\u00e4n, joten se on loistava valinta koko perheelle! <strong data-start=\"537\" data-end=\"566\">Mansikan ja sitruunan maku<\/strong> tarjoaa miellytt\u00e4v\u00e4n kulutuskokemuksen ilman kalamaista j\u00e4lkimakua, joten n\u00e4m\u00e4 purukumit sopivat sek\u00e4 lapsille ett\u00e4 aikuisille.<\/p>\n<p data-start=\"679\" data-end=\"756\"><strong data-start=\"683\" data-end=\"754\">Miksi valita NORSAN Omega-3 Fisk Jelly -purukumit?<br \/><\/strong>\u2714 Luonnollinen omega-3-l\u00e4hde luonnonvaraisesta kala\u00f6ljyst\u00e4<br data-start=\"817\" data-end=\"820\" \/>\u2714 Herkullinen mansikan ja sitruunan maku - ilman ep\u00e4miellytt\u00e4v\u00e4\u00e4 j\u00e4lkimakua.<br data-start=\"883\" data-end=\"886\" \/>\u2714 Suurempi pakkaus pidemp\u00e4\u00e4n k\u00e4ytt\u00f6\u00f6n!<br data-start=\"931\" data-end=\"934\" \/>\u2714 Tukee aivojen toimintaa, muistia ja keskittymist\u00e4<br data-start=\"988\" data-end=\"991\" \/>\u2714 Edist\u00e4\u00e4 syd\u00e4n- ja verisuoniterveytt\u00e4<br data-start=\"1045\" data-end=\"1048\" \/>\u2714 Parantaa n\u00e4k\u00f6\u00e4 - DHA on t\u00e4rke\u00e4\u00e4 verkkokalvon toiminnalle.<br data-start=\"1103\" data-end=\"1106\" \/>\u2714 Vapaa keinotekoisista lis\u00e4aineista ja s\u00e4il\u00f6nt\u00e4aineista<\/p>\n<p data-start=\"679\" data-end=\"756\">\u00a0<\/p>\n<p data-start=\"679\" data-end=\"756\">\u00a0<\/p>","protected":false},"featured_media":32499,"comment_status":"open","ping_status":"closed","template":"","meta":{"_acf_changed":false},"product_brand":[445],"product_cat":[123,253,252,279,280,255,256,254],"product_tag":[],"class_list":{"0":"post-32492","1":"product","2":"type-product","3":"status-publish","4":"has-post-thumbnail","6":"product_brand-norsan","7":"product_cat-papildai-ilgaamziskumui","8":"product_cat-imuniteto-palaikymas","9":"product_cat-imunitetui","10":"product_cat-kaulams-ir-sanariams","11":"product_cat-kaulu-stiprinimas","12":"product_cat-oksidacinio-streso-mazinimas","13":"product_cat-smegenims-ir-atminciai","14":"product_cat-uzdegimo-mazinimas","16":"first","17":"outofstock","18":"shipping-taxable","19":"purchasable","20":"product-type-simple"},"acf":[],"tiered_pricing_type":"fixed","tiered_pricing_fixed_rules":[],"tiered_pricing_product_settings":{"layout":"default","base_unit_name":{"singular":null,"plural":null},"default_variation":null},"tiered_pricing_minimum_quantity":null,"tiered_pricing_roles_data":[],"tiered_pricing_percentage_rules":[],"_links":{"self":[{"href":"https:\/\/purama.lt\/fi\/wp-json\/wp\/v2\/product\/32492","targetHints":{"allow":["GET"]}}],"collection":[{"href":"https:\/\/purama.lt\/fi\/wp-json\/wp\/v2\/product"}],"about":[{"href":"https:\/\/purama.lt\/fi\/wp-json\/wp\/v2\/types\/product"}],"replies":[{"embeddable":true,"href":"https:\/\/purama.lt\/fi\/wp-json\/wp\/v2\/comments?post=32492"}],"wp:featuredmedia":[{"embeddable":true,"href":"https:\/\/purama.lt\/fi\/wp-json\/wp\/v2\/media\/32499"}],"wp:attachment":[{"href":"https:\/\/purama.lt\/fi\/wp-json\/wp\/v2\/media?parent=32492"}],"wp:term":[{"taxonomy":"product_brand","embeddable":true,"href":"https:\/\/purama.lt\/fi\/wp-json\/wp\/v2\/product_brand?post=32492"},{"taxonomy":"product_cat","embeddable":true,"href":"https:\/\/purama.lt\/fi\/wp-json\/wp\/v2\/product_cat?post=32492"},{"taxonomy":"product_tag","embeddable":true,"href":"https:\/\/purama.lt\/fi\/wp-json\/wp\/v2\/product_tag?post=32492"}],"curies":[{"name":"wp","href":"https:\/\/api.w.org\/{rel}","templated":true}]}}