{"id":32485,"date":"2025-02-17T09:34:23","date_gmt":"2025-02-17T09:34:23","guid":{"rendered":"https:\/\/purama.lt\/produktas\/norsan-omega-3-arktis-su-vitaminu-d-citrinu-skonio-aliejus\/"},"modified":"2026-03-18T14:38:20","modified_gmt":"2026-03-18T12:38:20","slug":"vaikka-omega-3-d-vitamiinia-sisaltava-sitruunan-makuinen-oljy","status":"publish","type":"product","link":"https:\/\/purama.lt\/fi\/produktas\/norsan-omega-3-arktis-su-vitaminu-d-citrinu-skonio-aliejus\/","title":{"rendered":"NORSAN, OMEGA-3 \u00d6LJY D-VITAMIINILLA, SITRIINI IHO \u00d6LJY\u00c4"},"content":{"rendered":"<h4 class=\"wp-block-heading\"><strong>Miten NORSAN Omega-3 Arktis ja D-vitamiini toimivat?<\/strong><\/h4>\n\n\n\n<ul class=\"wp-block-list\">\n<li><strong>Vahvistaa immuunij\u00e4rjestelm\u00e4\u00e4<\/strong>, tukee kehon vastustuskyky\u00e4<\/li>\n\n\n\n<li><strong>Tukee syd\u00e4n- ja verisuonitoimintaa<\/strong>, auttaa s\u00e4\u00e4telem\u00e4\u00e4n kolesterolitasoja<\/li>\n\n\n\n<li><strong>Parantaa kognitiivisia toimintoja<\/strong>, tukee keskittymist\u00e4 ja hermoston toimintaa<\/li>\n\n\n\n<li><strong>Edist\u00e4\u00e4 luuston terveytt\u00e4<\/strong>, lis\u00e4\u00e4 kalsiumin imeytymist\u00e4 D3-vitamiinin ansiosta.<\/li>\n\n\n\n<li><strong>Edist\u00e4\u00e4 silmien terveytt\u00e4<\/strong>, tukee visuaalista toimintaa<\/li>\n<\/ul>\n\n\n\n<h4 class=\"wp-block-heading\"><strong>Kuinka k\u00e4ytt\u00e4\u00e4?<\/strong><\/h4>\n\n\n\n<ol class=\"wp-block-list\">\n<li><strong>Suositeltu annos on 1 ruokalusikallinen (10 ml) p\u00e4iv\u00e4ss\u00e4.<\/strong><\/li>\n\n\n\n<li>Voidaan k\u00e4ytt\u00e4\u00e4 <strong>puhtaana tai sekoitettuna ruokaan.<\/strong><\/li>\n<\/ol>\n\n\n\n<p><strong>Ainesosat:<\/strong> Luonnonvarainen kalanmaksa\u00f6ljy, luonnollinen sitruuna\u00f6ljy, D3-vitamiini (kolekalsiferoli), luonnolliset antioksidantit (tokoferolit).<\/p>\n\n\n\n<p><strong>NORSAN Omega-3 Arctic D-vitamiinin kanssa<\/strong> - Tehokas yhdistelm\u00e4 omega-3-rasvahappoja ja D-vitamiinia terveydellesi!<\/p>","protected":false},"excerpt":{"rendered":"<p data-start=\"111\" data-end=\"456\"><strong data-start=\"111\" data-end=\"150\">NORSAN Omega-3 Arctic D-vitamiinin kanssa<\/strong> - t\u00e4m\u00e4 <strong data-start=\"157\" data-end=\"213\">korkealaatuinen omega-3-rasvahappo\u00f6ljy<\/strong>, poimittu <strong data-start=\"227\" data-end=\"281\">arktisilta vesilt\u00e4 pyydetyst\u00e4 luonnonvaraisesta turskasta per\u00e4isin oleva kalanmaksa<\/strong>. T\u00e4m\u00e4 \u00f6ljy ei ole vain <strong data-start=\"306\" data-end=\"339\">luonnollinen EPA:n ja DHA:n l\u00e4hde<\/strong>, mutta sit\u00e4 t\u00e4ydent\u00e4v\u00e4t my\u00f6s <strong data-start=\"359\" data-end=\"373\">D-vitamiini<\/strong>, joka tukee <strong data-start=\"389\" data-end=\"453\">immuunij\u00e4rjestelm\u00e4, luun lujuus ja yleinen terveys<\/strong>. Hell\u00e4varainen <strong data-start=\"466\" data-end=\"494\">luonnollinen sitruunan maku<\/strong> takaa miellytt\u00e4v\u00e4n kulutuksen ilman kalamaista j\u00e4lkimakua.<\/p>\n<h4 data-start=\"545\" data-end=\"611\"><strong data-start=\"549\" data-end=\"609\">Miksi valita NORSAN Omega-3 Arktis ja D-vitamiini?<\/strong><\/h4>\n<p data-start=\"612\" data-end=\"1191\">\u2714 <strong data-start=\"614\" data-end=\"658\">Luonnonvarainen villi turskanmaksa\u00f6ljy<\/strong> - sis\u00e4lt\u00e4\u00e4 runsaasti omega-3 EPAa ja DHA:ta<br data-start=\"689\" data-end=\"692\" \/>\u2714 <strong data-start=\"694\" data-end=\"720\">D3-vitamiinilla t\u00e4ydennetty<\/strong> - tukee luuston, immuunij\u00e4rjestelm\u00e4n ja lihasten terveytt\u00e4<br data-start=\"775\" data-end=\"778\" \/>\u2714 <strong data-start=\"780\" data-end=\"806\">Tukee syd\u00e4men toimintaa<\/strong> - v\u00e4hent\u00e4\u00e4 tulehdusta ja s\u00e4\u00e4telee kolesterolitasoja.<br data-start=\"870\" data-end=\"873\" \/>\u2714 <strong data-start=\"875\" data-end=\"903\">Parantaa aivojen toimintaa<\/strong> - auttaa yll\u00e4pit\u00e4m\u00e4\u00e4n muistia, keskittymiskyky\u00e4 ja emotionaalista tasapainoa<br data-start=\"968\" data-end=\"971\" \/>\u2714 <strong data-start=\"973\" data-end=\"1010\">Edist\u00e4\u00e4 n\u00e4k\u00f6kyvyn yll\u00e4pitoa<\/strong> - DHA on olennainen osa verkkokalvoa.<br data-start=\"1044\" data-end=\"1047\" \/>\u2714 <strong data-start=\"1049\" data-end=\"1075\">Mieto sitruunan maku<\/strong> - ei kalamaista j\u00e4lkimakua, helppo k\u00e4ytt\u00e4\u00e4 joka p\u00e4iv\u00e4<br data-start=\"1120\" data-end=\"1123\" \/>\u2714 <strong data-start=\"1125\" data-end=\"1163\">Ei sis\u00e4ll\u00e4 keinotekoisia lis\u00e4aineita eik\u00e4 s\u00e4il\u00f6nt\u00e4aineita<\/strong> - puhdas, luonnollinen koostumus<\/p>","protected":false},"featured_media":32498,"comment_status":"open","ping_status":"closed","template":"","meta":{"_acf_changed":false},"product_brand":[445],"product_cat":[123,253,252,279,280,255,500,256,254],"product_tag":[],"class_list":{"0":"post-32485","1":"product","2":"type-product","3":"status-publish","4":"has-post-thumbnail","6":"product_brand-norsan","7":"product_cat-papildai-ilgaamziskumui","8":"product_cat-imuniteto-palaikymas","9":"product_cat-imunitetui","10":"product_cat-kaulams-ir-sanariams","11":"product_cat-kaulu-stiprinimas","12":"product_cat-oksidacinio-streso-mazinimas","13":"product_cat-outlet","14":"product_cat-smegenims-ir-atminciai","15":"product_cat-uzdegimo-mazinimas","17":"first","18":"instock","19":"sale","20":"shipping-taxable","21":"purchasable","22":"product-type-simple"},"acf":[],"tiered_pricing_type":"fixed","tiered_pricing_fixed_rules":[],"tiered_pricing_product_settings":{"layout":"default","base_unit_name":{"singular":null,"plural":null},"default_variation":null},"tiered_pricing_minimum_quantity":null,"tiered_pricing_roles_data":[],"tiered_pricing_percentage_rules":[],"_links":{"self":[{"href":"https:\/\/purama.lt\/fi\/wp-json\/wp\/v2\/product\/32485","targetHints":{"allow":["GET"]}}],"collection":[{"href":"https:\/\/purama.lt\/fi\/wp-json\/wp\/v2\/product"}],"about":[{"href":"https:\/\/purama.lt\/fi\/wp-json\/wp\/v2\/types\/product"}],"replies":[{"embeddable":true,"href":"https:\/\/purama.lt\/fi\/wp-json\/wp\/v2\/comments?post=32485"}],"wp:featuredmedia":[{"embeddable":true,"href":"https:\/\/purama.lt\/fi\/wp-json\/wp\/v2\/media\/32498"}],"wp:attachment":[{"href":"https:\/\/purama.lt\/fi\/wp-json\/wp\/v2\/media?parent=32485"}],"wp:term":[{"taxonomy":"product_brand","embeddable":true,"href":"https:\/\/purama.lt\/fi\/wp-json\/wp\/v2\/product_brand?post=32485"},{"taxonomy":"product_cat","embeddable":true,"href":"https:\/\/purama.lt\/fi\/wp-json\/wp\/v2\/product_cat?post=32485"},{"taxonomy":"product_tag","embeddable":true,"href":"https:\/\/purama.lt\/fi\/wp-json\/wp\/v2\/product_tag?post=32485"}],"curies":[{"name":"wp","href":"https:\/\/api.w.org\/{rel}","templated":true}]}}