{"id":32391,"date":"2025-02-10T15:39:04","date_gmt":"2025-02-10T15:39:04","guid":{"rendered":"https:\/\/purama.lt\/produktas\/hempo-transderminis-cbd-pleistras\/"},"modified":"2026-03-09T17:37:29","modified_gmt":"2026-03-09T15:37:29","slug":"hempo-transdermaalinen-cbd-laastari","status":"publish","type":"product","link":"https:\/\/purama.lt\/fi\/produktas\/hempo-transderminis-cbd-pleistras\/","title":{"rendered":"HEMPO Transdermaalinen CBD-laastari"},"content":{"rendered":"<h4 class=\"wp-block-heading\"><strong>Miten Hempo Transdermal CBD Patch toimii?<\/strong><\/h4>\n\n\n\n<ul class=\"wp-block-list\">\n<li><strong>CBD:n hidas ja tasainen vapautuminen<\/strong>pitk\u00e4kestoisia vaikutuksia koko p\u00e4iv\u00e4n ajan<\/li>\n\n\n\n<li><strong>Yll\u00e4pit\u00e4\u00e4 kehon luonnollista tasapainoa<\/strong>auttaa v\u00e4hent\u00e4m\u00e4\u00e4n j\u00e4nnityst\u00e4 ja ep\u00e4mukavuutta<\/li>\n\n\n\n<li><strong>Auttaa rentoutumaan ja v\u00e4hent\u00e4m\u00e4\u00e4n lihasv\u00e4symyst\u00e4.<\/strong> voimakkaan fyysisen rasituksen j\u00e4lkeen<\/li>\n\n\n\n<li><strong>V\u00e4hent\u00e4\u00e4 nivelten j\u00e4ykkyytt\u00e4<\/strong>, edist\u00e4\u00e4 joustavuutta ja parantaa hyvinvointia<\/li>\n<\/ul>\n\n\n\n<h4 class=\"wp-block-heading\"><strong>Kuinka k\u00e4ytt\u00e4\u00e4?<\/strong><\/h4>\n\n\n\n<ol class=\"wp-block-list\">\n<li>Ennen korjauksen soveltamista, <strong>varmista, ett\u00e4 ihosi on puhdas ja kuiva<\/strong>.<\/li>\n\n\n\n<li>Poista suojakalvo ja <strong>kiinnit\u00e4 laastari halutulle kehon alueelle.<\/strong> (selk\u00e4, hartiat, polvet, k\u00e4sivarret tai muut alueet).<\/li>\n\n\n\n<li><strong>Vaihda 24 tunnin v\u00e4lein<\/strong>Kun olet poistanut laastarin, pese mahdolliset j\u00e4\u00e4m\u00e4t pois l\u00e4mpim\u00e4ll\u00e4 vedell\u00e4.<\/li>\n\n\n\n<li>\u00c4l\u00e4 k\u00e4yt\u00e4 rikkin\u00e4iselle iholle tai kasvoille.<\/li>\n<\/ol>\n\n\n\n<p><strong>Ainesosat:<\/strong> Laaja-alainen kannabidioli (600 mg CBD), vesi, akrylaattikopolymeeri, kapryyli\/kapriinitriglyseridit.<\/p>\n\n\n\n<h4 class=\"wp-block-heading\"><strong>Poikkeuksellinen laatu ja kest\u00e4vyys<\/strong><\/h4>\n\n\n\n<p>Hempo CBD-laastareiden k\u00e4ytt\u00f6 <strong>uusin ylikriittinen CO\u2082-uuttomenetelm\u00e4<\/strong>joka mahdollistaa <strong>purkaa kaikki kannabiksen hy\u00f6dylliset ominaisuudet vahingoittamatta sen rakennetta.<\/strong>. Raakahamppua kasvatetaan <strong>luonnonmukaisesti, ilman kemiallisia lannoitteita ja synteettisi\u00e4 torjunta-aineita.<\/strong>varmistamalla <strong>tuotteen korkein mahdollinen puhtaus ja laatu<\/strong>.<\/p>\n\n\n\n<p><strong>Hempo transdermaalinen CBD-laastari<\/strong> - k\u00e4tev\u00e4, tehokas ja luonnollinen tapa <strong>v\u00e4hent\u00e4\u00e4 lihas- ja nivelj\u00e4nnityst\u00e4 ja yll\u00e4pit\u00e4\u00e4 aktiivista el\u00e4m\u00e4ntapaa ilman ep\u00e4mukavuutta.<\/strong>!<\/p>","protected":false},"excerpt":{"rendered":"<p><strong>Hempo transdermaaliset CBD-laastarit<\/strong> - innovatiivinen, k\u00e4tev\u00e4 ja tehokas tapa <strong>lievitt\u00e4\u00e4 lihas- ja nivelvaivoja paikallisesti ja edist\u00e4\u00e4 rentoutumista.<\/strong>. Jokainen laastari vapauttaa v\u00e4hitellen <strong>laajakirjoinen kannabidioli (CBD)<\/strong> suoraan ihon l\u00e4pi, mik\u00e4 varmistaa <strong>pitk\u00e4kestoiset vaikutukset jopa 24 tuntia.<\/strong>. Aktiiviseen el\u00e4m\u00e4ntapaan suunnitellut laastarit auttavat aktiivisen el\u00e4m\u00e4ntavan j\u00e4lkeen. <strong>intensiivinen harjoittelu, fyysinen rasitus, nyrj\u00e4hdykset tai vammat.<\/strong>. Osoitteessa <strong>ainutlaatuinen transdermaalinen vaikutus<\/strong>, aktiiviset ainesosat tunkeutuvat suoraan syvempiin kudoksiin ohittaen ruoansulatuskanavan, mik\u00e4 takaa, ett\u00e4 <strong>maksimaalinen tehokkuus ja nopeampi vaikutus<\/strong>.<\/p>\n<h4><strong>Miksi valita Hempo Transdermal CBD-laastarit?<\/strong><\/h4>\n<p>\u2714 <strong>Pitk\u00e4n aikav\u00e4lin suorituskyky<\/strong> - tehoaineiden hallittu vapautuminen jopa 24 tunnin ajan<br \/>\u2714 <strong>Kohdennettu vaikutus<\/strong> - toimii suoraan siell\u00e4, miss\u00e4 sit\u00e4 tarvitaan, lievitt\u00e4en lihas- ja nivelj\u00e4nnityst\u00e4.<br \/>\u2714 <strong>Sopii urheiluun ja aktiiviseen el\u00e4m\u00e4ntapaan<\/strong> - auttaa palautumista harjoituksen j\u00e4lkeen<br \/>\u2714 <strong>Laaja-alainen CBD<\/strong> - s\u00e4ilytt\u00e4\u00e4 kaikki kannabiksen hy\u00f6dylliset ominaisuudet ilman THC:n vaikutuksia.<br \/>\u2714 <strong>Orgaaninen alkuper\u00e4<\/strong> - uutetaan kuitutuotantoon tarkoitetusta luonnollisesti kasvatetusta hampusta.<br \/>\u2714 <strong>K\u00e4tev\u00e4 ja huomaamaton<\/strong> - kiinnittyy helposti ihoon, ei tunnu p\u00e4ivitt\u00e4isiss\u00e4 toiminnoissa. \u00a0<\/p>","protected":false},"featured_media":32400,"comment_status":"open","ping_status":"closed","template":"","meta":{"_acf_changed":false},"product_brand":[429],"product_cat":[98],"product_tag":[],"class_list":{"0":"post-32391","1":"product","2":"type-product","3":"status-publish","4":"has-post-thumbnail","6":"product_brand-hempo","7":"product_cat-sportui","9":"first","10":"instock","11":"shipping-taxable","12":"purchasable","13":"product-type-simple"},"acf":[],"tiered_pricing_type":"fixed","tiered_pricing_fixed_rules":[],"tiered_pricing_product_settings":{"layout":"default","base_unit_name":{"singular":null,"plural":null},"default_variation":null},"tiered_pricing_minimum_quantity":null,"tiered_pricing_roles_data":[],"tiered_pricing_percentage_rules":[],"_links":{"self":[{"href":"https:\/\/purama.lt\/fi\/wp-json\/wp\/v2\/product\/32391","targetHints":{"allow":["GET"]}}],"collection":[{"href":"https:\/\/purama.lt\/fi\/wp-json\/wp\/v2\/product"}],"about":[{"href":"https:\/\/purama.lt\/fi\/wp-json\/wp\/v2\/types\/product"}],"replies":[{"embeddable":true,"href":"https:\/\/purama.lt\/fi\/wp-json\/wp\/v2\/comments?post=32391"}],"wp:featuredmedia":[{"embeddable":true,"href":"https:\/\/purama.lt\/fi\/wp-json\/wp\/v2\/media\/32400"}],"wp:attachment":[{"href":"https:\/\/purama.lt\/fi\/wp-json\/wp\/v2\/media?parent=32391"}],"wp:term":[{"taxonomy":"product_brand","embeddable":true,"href":"https:\/\/purama.lt\/fi\/wp-json\/wp\/v2\/product_brand?post=32391"},{"taxonomy":"product_cat","embeddable":true,"href":"https:\/\/purama.lt\/fi\/wp-json\/wp\/v2\/product_cat?post=32391"},{"taxonomy":"product_tag","embeddable":true,"href":"https:\/\/purama.lt\/fi\/wp-json\/wp\/v2\/product_tag?post=32391"}],"curies":[{"name":"wp","href":"https:\/\/api.w.org\/{rel}","templated":true}]}}