{"id":32382,"date":"2025-02-10T15:39:01","date_gmt":"2025-02-10T15:39:01","guid":{"rendered":"https:\/\/purama.lt\/produktas\/hempo-plataus-spektro-cbd-kanapiu-aliejus-20\/"},"modified":"2026-04-10T12:17:46","modified_gmt":"2026-04-10T10:17:46","slug":"hempo-laajakirjoinen-cbd-hamppuoljy-20","status":"publish","type":"product","link":"https:\/\/purama.lt\/fi\/produktas\/hempo-plataus-spektro-cbd-kanapiu-aliejus-20\/","title":{"rendered":"HEMPO Laaja spektri CBD hamppu\u00f6ljy 20%"},"content":{"rendered":"<h4 class=\"wp-block-heading\"><strong>Miten HEMPO Broad Spectrum CBD Oil toimii?<\/strong><\/h4>\n\n\n\n<ul class=\"wp-block-list\">\n<li><strong>V\u00e4hent\u00e4\u00e4 stressi\u00e4 ja emotionaalista j\u00e4nnityst\u00e4<\/strong>, auttaa yll\u00e4pit\u00e4m\u00e4\u00e4n sis\u00e4ist\u00e4 rauhaa<\/li>\n\n\n\n<li><strong>Tukee elimist\u00f6n luonnollista vastetta tulehdusprosesseihin.<\/strong><\/li>\n\n\n\n<li><strong>Parantaa unen laatua<\/strong>, v\u00e4hent\u00e4\u00e4 y\u00f6her\u00e4ilyjen m\u00e4\u00e4r\u00e4\u00e4<\/li>\n\n\n\n<li><strong>Auttaa yll\u00e4pit\u00e4m\u00e4\u00e4n kehon yleist\u00e4 tasapainoa<\/strong> ja luonnonsuojelu<\/li>\n\n\n\n<li><strong>Sopii sek\u00e4 aktiiviseen ett\u00e4 rentoon el\u00e4m\u00e4ntyyliin.<\/strong>, auttaa yll\u00e4pit\u00e4m\u00e4\u00e4n energiaa ja keskittymiskyky\u00e4<\/li>\n<\/ul>\n\n\n\n<p>HEMPO Laaja-alainen CBD-\u00f6ljy uutetaan <strong>ylikriittisell\u00e4 CO\u2082-uuttamisella.<\/strong>joka mahdollistaa <strong>s\u00e4ilytt\u00e4\u00e4 kaikki kasvin luonnolliset ominaisuudet<\/strong>. Kannabiksen viljely <strong>luonnonmukaisesti, ilman torjunta-aineita ja synteettisi\u00e4 lannoitteita.<\/strong>varmistaa <strong>korkein tuotepuhtaus ja tehokkuus<\/strong>. <strong>HEMPO Laaja spektri CBD hamppu\u00f6ljy 20%<\/strong> - <strong>tehokas luonnollinen ratkaisu emotionaaliseen tasapainoon, fyysiseen hyvinvointiin ja rentoutumiseen!<\/strong><\/p>\n\n\n\n<p><strong>Ainesosat:<\/strong> Laaja-alainen hamppuuute, luonnollinen hampunsiemen\u00f6ljy, luonnolliset kannabinoidit (CBD, CBG, CBC, CBN), terpeenit, flavonoidit.<\/p>\n\n\n\n<p><\/p>","protected":false},"excerpt":{"rendered":"<p><strong>HEMPO Broad Spectrum 20% CBD-\u00f6ljy<\/strong> - t\u00e4m\u00e4 <strong>Eritt\u00e4in tiivis kannabisuute<\/strong>suunniteltu niille, jotka etsiv\u00e4t <strong>mahdollisimman suuri vaikutus henkiseen ja fyysiseen hyvinvointiin<\/strong>. T\u00e4m\u00e4 \u00f6ljy auttaa <strong>v\u00e4hent\u00e4\u00e4 stressi\u00e4, yll\u00e4pit\u00e4\u00e4 kehon tasapainoa, parantaa unen laatua ja edist\u00e4\u00e4 kehon luonnollisia palautumisprosesseja.<\/strong>.\u00a0<strong>Laaja spektri kaava<\/strong> tarkoittaa, ett\u00e4 \u00f6ljy s\u00e4ilytt\u00e4\u00e4 kaikki luonnolliset kannabinoidit (paitsi THC), terpeenit ja flavonoidit, jotka toimivat synergisesti antaen <strong>voimakas \u201eseurueilmi\u00f6\u201d<\/strong> - T\u00e4m\u00e4 tarkoittaa, ett\u00e4 kasvin eri aktiiviset ainesosat tehostavat toistensa vaikutuksia.<\/p>\n<h4><strong>Miksi valita HEMPO Broad Spectrum CBD Oil 20%?<\/strong><\/h4>\n<p>\u2714 <strong>Laaja-alainen CBD<\/strong> - kattavat vaikutukset ilman THC:t\u00e4<br \/>\u2714 <strong>20% pitoisuus<\/strong> - vahva ja tehokas vaikutus kehoon<br \/>\u2714 <strong>V\u00e4hent\u00e4\u00e4 stressi\u00e4 ja j\u00e4nnityst\u00e4<\/strong> - auttaa sinua rentoutumaan ja yll\u00e4pit\u00e4m\u00e4\u00e4n emotionaalista tasapainoa<br \/>\u2714 <strong>Parantaa unen laatua<\/strong> - auttaa nukahtamaan luonnollisesti ja saamaan syvemm\u00e4n unen.<br \/>\u2714 <strong>Luonnollinen anti-inflammatorinen suoja<\/strong> - tukee elimist\u00f6n vastustuskyky\u00e4 ja yleist\u00e4 hyvinvointia.<br \/>\u2714 <strong>Korkeimman laadun uuttaminen<\/strong> - uutettu <strong>CO\u2082-menetelm\u00e4<\/strong>, varmistaa luonnollisten aktiivisten ainesosien maksimaalisen s\u00e4ilymisen<\/p>","protected":false},"featured_media":47899,"comment_status":"open","ping_status":"closed","template":"","meta":{"_acf_changed":false},"product_brand":[429],"product_cat":[61,77],"product_tag":[],"class_list":{"0":"post-32382","1":"product","2":"type-product","3":"status-publish","4":"has-post-thumbnail","6":"product_brand-hempo","7":"product_cat-ramybei","8":"product_cat-cbd-aliejai","10":"first","11":"instock","12":"shipping-taxable","13":"purchasable","14":"product-type-simple"},"acf":[],"tiered_pricing_type":"fixed","tiered_pricing_fixed_rules":[],"tiered_pricing_product_settings":{"layout":"default","base_unit_name":{"singular":null,"plural":null},"default_variation":null},"tiered_pricing_minimum_quantity":null,"tiered_pricing_roles_data":[],"tiered_pricing_percentage_rules":[],"_links":{"self":[{"href":"https:\/\/purama.lt\/fi\/wp-json\/wp\/v2\/product\/32382","targetHints":{"allow":["GET"]}}],"collection":[{"href":"https:\/\/purama.lt\/fi\/wp-json\/wp\/v2\/product"}],"about":[{"href":"https:\/\/purama.lt\/fi\/wp-json\/wp\/v2\/types\/product"}],"replies":[{"embeddable":true,"href":"https:\/\/purama.lt\/fi\/wp-json\/wp\/v2\/comments?post=32382"}],"wp:featuredmedia":[{"embeddable":true,"href":"https:\/\/purama.lt\/fi\/wp-json\/wp\/v2\/media\/47899"}],"wp:attachment":[{"href":"https:\/\/purama.lt\/fi\/wp-json\/wp\/v2\/media?parent=32382"}],"wp:term":[{"taxonomy":"product_brand","embeddable":true,"href":"https:\/\/purama.lt\/fi\/wp-json\/wp\/v2\/product_brand?post=32382"},{"taxonomy":"product_cat","embeddable":true,"href":"https:\/\/purama.lt\/fi\/wp-json\/wp\/v2\/product_cat?post=32382"},{"taxonomy":"product_tag","embeddable":true,"href":"https:\/\/purama.lt\/fi\/wp-json\/wp\/v2\/product_tag?post=32382"}],"curies":[{"name":"wp","href":"https:\/\/api.w.org\/{rel}","templated":true}]}}