{"id":32381,"date":"2025-02-10T15:39:01","date_gmt":"2025-02-10T15:39:01","guid":{"rendered":"https:\/\/purama.lt\/produktas\/hempo-pilno-spektro-cbd-kanapiu-aliejus-5\/"},"modified":"2026-04-10T12:15:36","modified_gmt":"2026-04-10T10:15:36","slug":"hempo-tayden-spektrin-cbd-hamppuoljy-5","status":"publish","type":"product","link":"https:\/\/purama.lt\/fi\/produktas\/hempo-pilno-spektro-cbd-kanapiu-aliejus-5\/","title":{"rendered":"HEMPO T\u00e4yden spektrin CBD hamppu\u00f6ljy 5%"},"content":{"rendered":"<h4 class=\"wp-block-heading\"><strong>Miten HEMPO Full Spectrum CBD Oil toimii?<\/strong><\/h4>\n\n\n\n<ul class=\"wp-block-list\">\n<li><strong>V\u00e4hent\u00e4\u00e4 stressi\u00e4 ja emotionaalista j\u00e4nnityst\u00e4<\/strong>, auttaa yll\u00e4pit\u00e4m\u00e4\u00e4n sis\u00e4ist\u00e4 tasapainoa<\/li>\n\n\n\n<li><strong>Edist\u00e4\u00e4 rentoutumista<\/strong>, yll\u00e4pit\u00e4\u00e4 emotionaalista vakautta ja parempaa mielialaa<\/li>\n\n\n\n<li><strong>Parantaa unen laatua<\/strong>, auttaa nukahtamaan helpommin ja v\u00e4hent\u00e4\u00e4 y\u00f6her\u00e4ilyjen m\u00e4\u00e4r\u00e4\u00e4.<\/li>\n\n\n\n<li><strong>Tukee elimist\u00f6n luonnollista puolustuskyky\u00e4.<\/strong>, voi auttaa s\u00e4\u00e4telem\u00e4\u00e4n tulehdusprosesseja<\/li>\n\n\n\n<li><strong>Sopii aktiiviseen el\u00e4m\u00e4ntyyliin<\/strong>, auttaa yll\u00e4pit\u00e4m\u00e4\u00e4n energiaa ja hyvinvointia<\/li>\n<\/ul>\n\n\n\n<p>HEMPO Full Spectrum CBD-\u00f6ljy uutetaan <strong>ylikriittisell\u00e4 CO\u2082-uuttamisella.<\/strong>joka mahdollistaa <strong>s\u00e4ilytt\u00e4m\u00e4ll\u00e4 kannabinoidien mahdollisimman suuren puhtauden ja tehon.<\/strong>. Kannabiksen viljely <strong>luonnonmukaisesti, ilman torjunta-aineita ja synteettisi\u00e4 lannoitteita.<\/strong>varmistaa <strong>korkealaatuinen tuote<\/strong>. <strong>HEMPO T\u00e4yden spektrin CBD hamppu\u00f6ljy 5%<\/strong> - <strong>lempe\u00e4 mutta tehokas ratkaisu emotionaaliseen tasapainoon ja kehon kokonaisvaltaiseen hyvinvointiin!<\/strong><\/p>\n\n\n\n<p><strong>Ainesosat:<\/strong> Laaja-alainen hamppuuute, luonnollinen hampunsiemen\u00f6ljy, luonnolliset kannabinoidit (CBD, CBG, CBC, CBN), terpeenit, flavonoidit.<\/p>","protected":false},"excerpt":{"rendered":"<p><strong>HEMPO T\u00e4yden spektrin 5% CBD-\u00f6ljy<\/strong> - se on hell\u00e4varainen mutta tehokas <strong>luonnollinen kaava<\/strong>, osoitteessa <strong>yll\u00e4pit\u00e4\u00e4 emotionaalista tasapainoa, v\u00e4hent\u00e4\u00e4 stressi\u00e4, parantaa unen laatua ja kehitt\u00e4\u00e4 vastustuskyky\u00e4.<\/strong>. T\u00e4m\u00e4 keskittym\u00e4 on t\u00e4ydellinen aloittelijoille tai niille, jotka etsiv\u00e4t <strong>p\u00e4ivitt\u00e4isen CBD:n liev\u00e4t mutta tehokkaat vaikutukset<\/strong>.<\/p>\n<h4><strong>Miksi valita HEMPO Full Spectrum CBD Oil 5%?<\/strong><\/h4>\n<p>\u2714 <strong>T\u00e4yden spektrin CBD<\/strong> - s\u00e4ilytt\u00e4\u00e4 kaikki luonnolliset kannabinoidit, terpeenit ja flavonoidit, mik\u00e4 takaa synergistiset vaikutukset.<br \/>\u2714 <strong>5%:n liev\u00e4 pitoisuus<\/strong> - Ihanteellinen aloittelijoille tai p\u00e4ivitt\u00e4iseen k\u00e4ytt\u00f6\u00f6n<br \/>\u2714 <strong>V\u00e4hent\u00e4\u00e4 stressi\u00e4 ja auttaa sinua rentoutumaan<\/strong> - yll\u00e4pit\u00e4\u00e4 sis\u00e4ist\u00e4 rauhaa ja emotionaalista tasapainoa<br \/>\u2714 <strong>Parantaa unen laatua<\/strong> - auttaa sinua nukahtamaan nopeammin ja saamaan paremman y\u00f6unen.<br \/>\u2714 <strong>Luonnollinen suoja keholle<\/strong> - tukee luonnollista immuunij\u00e4rjestelm\u00e4\u00e4 ja yleist\u00e4 hyvinvointia.<br \/>\u2714 <strong>Ensiluokkainen CO\u2082-uuttaminen<\/strong> - s\u00e4ilytt\u00e4\u00e4 kasvin luonnolliset vaikuttavat aineet<\/p>","protected":false},"featured_media":47898,"comment_status":"open","ping_status":"closed","template":"","meta":{"_acf_changed":false},"product_brand":[429],"product_cat":[61,77,500],"product_tag":[],"class_list":{"0":"post-32381","1":"product","2":"type-product","3":"status-publish","4":"has-post-thumbnail","6":"product_brand-hempo","7":"product_cat-ramybei","8":"product_cat-cbd-aliejai","9":"product_cat-outlet","11":"first","12":"instock","13":"sale","14":"shipping-taxable","15":"purchasable","16":"product-type-simple"},"acf":[],"tiered_pricing_type":"fixed","tiered_pricing_fixed_rules":[],"tiered_pricing_product_settings":{"layout":"default","base_unit_name":{"singular":null,"plural":null},"default_variation":null},"tiered_pricing_minimum_quantity":null,"tiered_pricing_roles_data":[],"tiered_pricing_percentage_rules":[],"_links":{"self":[{"href":"https:\/\/purama.lt\/fi\/wp-json\/wp\/v2\/product\/32381","targetHints":{"allow":["GET"]}}],"collection":[{"href":"https:\/\/purama.lt\/fi\/wp-json\/wp\/v2\/product"}],"about":[{"href":"https:\/\/purama.lt\/fi\/wp-json\/wp\/v2\/types\/product"}],"replies":[{"embeddable":true,"href":"https:\/\/purama.lt\/fi\/wp-json\/wp\/v2\/comments?post=32381"}],"wp:featuredmedia":[{"embeddable":true,"href":"https:\/\/purama.lt\/fi\/wp-json\/wp\/v2\/media\/47898"}],"wp:attachment":[{"href":"https:\/\/purama.lt\/fi\/wp-json\/wp\/v2\/media?parent=32381"}],"wp:term":[{"taxonomy":"product_brand","embeddable":true,"href":"https:\/\/purama.lt\/fi\/wp-json\/wp\/v2\/product_brand?post=32381"},{"taxonomy":"product_cat","embeddable":true,"href":"https:\/\/purama.lt\/fi\/wp-json\/wp\/v2\/product_cat?post=32381"},{"taxonomy":"product_tag","embeddable":true,"href":"https:\/\/purama.lt\/fi\/wp-json\/wp\/v2\/product_tag?post=32381"}],"curies":[{"name":"wp","href":"https:\/\/api.w.org\/{rel}","templated":true}]}}