{"id":32329,"date":"2025-02-10T11:26:45","date_gmt":"2025-02-10T11:26:45","guid":{"rendered":"https:\/\/purama.lt\/produktas\/brite-lemon-lime-nootropinis-gerimas\/"},"modified":"2026-03-30T11:55:47","modified_gmt":"2026-03-30T09:55:47","slug":"brite-sitruuna-lime-nootrooppinen-juoma","status":"publish","type":"product","link":"https:\/\/purama.lt\/fi\/produktas\/brite-lemon-lime-nootropinis-gerimas\/","title":{"rendered":"BRITE Lemon Lime nootrooppinen juoma"},"content":{"rendered":"<h4 class=\"wp-block-heading\"><strong>Miten BRITE Lemon Lime Nootropic Drink toimii?<\/strong><\/h4>\n\n\n\n<ul class=\"wp-block-list\">\n<li>Edist\u00e4\u00e4 <strong>henkinen selkeys<\/strong>, yll\u00e4pit\u00e4\u00e4 pitk\u00e4aikaista keskittymist\u00e4<\/li>\n\n\n\n<li>Toimittanut <strong>luonnollinen energia<\/strong>, auttaa pysym\u00e4\u00e4n valppaana ilman \u00e4killist\u00e4 v\u00e4symyst\u00e4<\/li>\n\n\n\n<li><strong>Auttaa v\u00e4hent\u00e4m\u00e4\u00e4n sek\u00e4 fyysist\u00e4 ett\u00e4 henkist\u00e4 v\u00e4symyst\u00e4.<\/strong>, tukee tuottavuutta<\/li>\n\n\n\n<li><strong>T\u00e4ydellinen valinta ennen treeni\u00e4<\/strong>, yll\u00e4pit\u00e4\u00e4 kest\u00e4vyytt\u00e4 ja keskittymiskyky\u00e4<\/li>\n\n\n\n<li>Sopii sek\u00e4 <strong>ryte<\/strong>, sek\u00e4 p\u00e4iv\u00e4n aikana, kun tarvitset lis\u00e4energiaa ja motivaatiota.<\/li>\n<\/ul>\n\n\n\n<p><strong>Ainesosat:<\/strong> vesi, luonnollinen sitruuna- ja limemehu, L-teaniini, vihre\u00e4n teen uutteesta saatu kofeiini, B-vitamiinit, luonnolliset antioksidantit.<\/p>\n\n\n\n<p><strong>BRITE Lemon Lime nootrooppinen juoma <\/strong>- se on t\u00e4ydellinen valinta niille, jotka etsiv\u00e4t luonnollista energiaa, raikkautta ja henkist\u00e4 selkeytt\u00e4 yhdell\u00e4 kulauksella!<\/p>","protected":false},"excerpt":{"rendered":"<p><strong>BRITE Lemon Lime nootrooppinen juoma<\/strong> - t\u00e4m\u00e4 <strong>luonnollinen nootrooppinen<\/strong>osoitteessa <strong>keskittymiseen, henkiseen suorituskykyyn ja kest\u00e4v\u00e4\u00e4n energiaan<\/strong>. Virkist\u00e4v\u00e4 <strong>sitruunat ja limetit<\/strong> maku antaa luonnollisen virkist\u00e4v\u00e4n tunteen ja tasapainoinen koostumus on tasapainoinen <strong>parantaa tuottavuutta, v\u00e4hent\u00e4\u00e4 v\u00e4symyst\u00e4 ja yll\u00e4pit\u00e4\u00e4 henkist\u00e4 ja fyysist\u00e4 suorituskyky\u00e4.<\/strong>. T\u00e4m\u00e4 juoma <strong>Ihanteellinen aktiiviseen el\u00e4m\u00e4ntapaan ja urheiluun<\/strong>, koska se auttaa yll\u00e4pit\u00e4m\u00e4\u00e4n kest\u00e4vyytt\u00e4 ja nopeuttaa palautumista harjoituksen j\u00e4lkeen.<\/p>\n<h4><strong>Miksi valita BRITE Lemon Lime?<\/strong><\/h4>\n<p>\u2714 <strong>Luonnolliset nootropiat<\/strong> - tukee keskittymist\u00e4 ja muistia<br \/>\u2714 <strong>T\u00e4ydellinen urheiluun<\/strong> - auttaa torjumaan v\u00e4symyst\u00e4 ja yll\u00e4pit\u00e4m\u00e4\u00e4n kest\u00e4vyytt\u00e4.<br \/>\u2714 <strong>Eritt\u00e4in virkist\u00e4v\u00e4 maku<\/strong> - sitruunan ja limen yhdistelm\u00e4 antaa luonnollisen virkist\u00e4v\u00e4n vaikutuksen.<br \/>\u2714 <strong>Ilman synteettisi\u00e4 lis\u00e4aineita<\/strong> - ei sis\u00e4ll\u00e4 keinotekoisia v\u00e4ri- tai s\u00e4il\u00f6nt\u00e4aineita<br \/>\u2714 <strong>Tasapainoinen energia<\/strong> - yll\u00e4pit\u00e4\u00e4 pitk\u00e4aikaista vireystilaa ilman \u00e4killisi\u00e4 sokeripiikkej\u00e4.<\/p>","protected":false},"featured_media":32338,"comment_status":"open","ping_status":"closed","template":"","meta":{"_acf_changed":false},"product_brand":[413],"product_cat":[98,165,60],"product_tag":[],"class_list":{"0":"post-32329","1":"product","2":"type-product","3":"status-publish","4":"has-post-thumbnail","6":"product_brand-brite","7":"product_cat-sportui","8":"product_cat-gerimai","9":"product_cat-mitybai","11":"first","12":"instock","13":"shipping-taxable","14":"purchasable","15":"product-type-simple"},"acf":[],"tiered_pricing_type":"fixed","tiered_pricing_fixed_rules":[],"tiered_pricing_product_settings":{"layout":"default","base_unit_name":{"singular":null,"plural":null},"default_variation":null},"tiered_pricing_minimum_quantity":null,"tiered_pricing_roles_data":[],"tiered_pricing_percentage_rules":[],"_links":{"self":[{"href":"https:\/\/purama.lt\/fi\/wp-json\/wp\/v2\/product\/32329","targetHints":{"allow":["GET"]}}],"collection":[{"href":"https:\/\/purama.lt\/fi\/wp-json\/wp\/v2\/product"}],"about":[{"href":"https:\/\/purama.lt\/fi\/wp-json\/wp\/v2\/types\/product"}],"replies":[{"embeddable":true,"href":"https:\/\/purama.lt\/fi\/wp-json\/wp\/v2\/comments?post=32329"}],"wp:featuredmedia":[{"embeddable":true,"href":"https:\/\/purama.lt\/fi\/wp-json\/wp\/v2\/media\/32338"}],"wp:attachment":[{"href":"https:\/\/purama.lt\/fi\/wp-json\/wp\/v2\/media?parent=32329"}],"wp:term":[{"taxonomy":"product_brand","embeddable":true,"href":"https:\/\/purama.lt\/fi\/wp-json\/wp\/v2\/product_brand?post=32329"},{"taxonomy":"product_cat","embeddable":true,"href":"https:\/\/purama.lt\/fi\/wp-json\/wp\/v2\/product_cat?post=32329"},{"taxonomy":"product_tag","embeddable":true,"href":"https:\/\/purama.lt\/fi\/wp-json\/wp\/v2\/product_tag?post=32329"}],"curies":[{"name":"wp","href":"https:\/\/api.w.org\/{rel}","templated":true}]}}