{"id":32328,"date":"2025-02-10T11:26:45","date_gmt":"2025-02-10T11:26:45","guid":{"rendered":"https:\/\/purama.lt\/produktas\/brite-raspberry-mint-nootropinis-gerimas\/"},"modified":"2026-04-22T12:53:34","modified_gmt":"2026-04-22T10:53:34","slug":"brite-vadelma-minttu-nootrooppinen-juoma","status":"publish","type":"product","link":"https:\/\/purama.lt\/fi\/produktas\/brite-raspberry-mint-nootropinis-gerimas\/","title":{"rendered":"BRITE Vadelma Minttu nootrooppinen juoma"},"content":{"rendered":"<h4 class=\"wp-block-heading\"><strong>Miten BRITE Raspberry Mint Nootropic Drink toimii?<\/strong><\/h4>\n\n\n\n<ul class=\"wp-block-list\">\n<li>Edist\u00e4\u00e4 <strong>selke\u00e4 ajattelu<\/strong>, parantaa keskittymist\u00e4 ja pitk\u00e4kestoista muistia<\/li>\n\n\n\n<li>Toimittanut <strong>luonnollinen energia<\/strong>, aiheuttamatta \u00e4killisi\u00e4 sokeripiikkej\u00e4<\/li>\n\n\n\n<li>Auttaa v\u00e4hent\u00e4m\u00e4\u00e4n <strong>henkinen ja fyysinen v\u00e4symys<\/strong>, parantaa tuottavuutta ja vasteaikoja<\/li>\n\n\n\n<li><strong>Ihanteellinen ennen urheilua<\/strong>, koska se voi auttaa yll\u00e4pit\u00e4m\u00e4\u00e4n kest\u00e4vyytt\u00e4 ja parantamaan harjoittelusuoritusta.<\/li>\n\n\n\n<li>Sopii sek\u00e4 <strong>ryte<\/strong>, sek\u00e4 p\u00e4iv\u00e4ll\u00e4, kun tarvitset ylim\u00e4\u00e4r\u00e4ist\u00e4 keskittymist\u00e4 ja energiaa.<\/li>\n<\/ul>\n\n\n\n<p><strong>Ainesosat:<\/strong> vesi, luonnolliset vadelma- ja minttumehut, L-teaniini, vihre\u00e4n teen uutteesta saatu kofeiini, B-vitamiinit, luonnolliset antioksidantit.<\/p>\n\n\n\n<p><strong>BRITE Vadelma Minttu nootrooppinen juoma<\/strong> - Se ei ole vain virkist\u00e4v\u00e4 maku, se on my\u00f6s loistava liittolainen henkisen aktiivisuuden ja urheilun kannalta!<\/p>","protected":false},"excerpt":{"rendered":"<p><strong>BRITE Vadelma Minttu nootrooppinen juoma<\/strong> - Se on virkist\u00e4v\u00e4 ja tehokas <strong>luonnollinen nootrooppinen<\/strong>, luonut <strong>keskittymiskyky\u00e4, henkist\u00e4 suorituskyky\u00e4 ja energiaa<\/strong>. Osoitteessa <strong>vadelman makeus ja virkist\u00e4v\u00e4 minttuinen j\u00e4lkimaku.<\/strong> T\u00e4m\u00e4 juoma tarjoaa aivoille t\u00e4rkeit\u00e4 ravintoaineita ja on erinomainen lis\u00e4 p\u00e4ivitt\u00e4iseen rutiiniin. Se on my\u00f6s <strong>ihanteellinen aktiiviseen el\u00e4m\u00e4ntapaan ja urheiluun<\/strong>, auttamalla yll\u00e4pit\u00e4m\u00e4\u00e4n <strong>fyysist\u00e4 kest\u00e4vyytt\u00e4, parempia reaktioaikoja ja v\u00e4hentynytt\u00e4 v\u00e4symyst\u00e4.<\/strong>.<\/p>\n<h4><strong>Miksi valita BRITE Raspberry Mint?<\/strong><\/h4>\n<p>\u2714 <strong>Luonnolliset nootropiat<\/strong> - tukee aivojen toimintaa, parantaa keskittymist\u00e4 ja muistia \u2714 <strong>Sopii urheiluun<\/strong> - auttaa yll\u00e4pit\u00e4m\u00e4\u00e4n fyysist\u00e4 kest\u00e4vyytt\u00e4, v\u00e4hent\u00e4m\u00e4\u00e4n lihasv\u00e4symyst\u00e4 ja nopeuttamaan palautumista \u2714 <strong>Virkist\u00e4v\u00e4 maku<\/strong> - vadelman makeus ja mintun raikkaus antavat miellytt\u00e4v\u00e4n tunteen \u2714 <strong>Ilman synteettisi\u00e4 lis\u00e4aineita<\/strong> - ei sis\u00e4ll\u00e4 keinotekoisia v\u00e4ri- tai s\u00e4il\u00f6nt\u00e4aineita \u2714 <strong>Tukee keskittymist\u00e4 ja tuottavuutta<\/strong> - auttaa sinua pysym\u00e4\u00e4n energisen\u00e4 sek\u00e4 henkisess\u00e4 ett\u00e4 fyysisess\u00e4 toiminnassa<\/p>","protected":false},"featured_media":32335,"comment_status":"open","ping_status":"closed","template":"","meta":{"_acf_changed":false},"product_brand":[413],"product_cat":[60,165],"product_tag":[],"class_list":{"0":"post-32328","1":"product","2":"type-product","3":"status-publish","4":"has-post-thumbnail","6":"product_brand-brite","7":"product_cat-mitybai","8":"product_cat-gerimai","10":"first","11":"instock","12":"shipping-taxable","13":"purchasable","14":"product-type-simple"},"acf":[],"tiered_pricing_type":"fixed","tiered_pricing_fixed_rules":[],"tiered_pricing_product_settings":{"layout":"default","base_unit_name":{"singular":null,"plural":null},"default_variation":null},"tiered_pricing_minimum_quantity":null,"tiered_pricing_roles_data":[],"tiered_pricing_percentage_rules":[],"_links":{"self":[{"href":"https:\/\/purama.lt\/fi\/wp-json\/wp\/v2\/product\/32328","targetHints":{"allow":["GET"]}}],"collection":[{"href":"https:\/\/purama.lt\/fi\/wp-json\/wp\/v2\/product"}],"about":[{"href":"https:\/\/purama.lt\/fi\/wp-json\/wp\/v2\/types\/product"}],"replies":[{"embeddable":true,"href":"https:\/\/purama.lt\/fi\/wp-json\/wp\/v2\/comments?post=32328"}],"wp:featuredmedia":[{"embeddable":true,"href":"https:\/\/purama.lt\/fi\/wp-json\/wp\/v2\/media\/32335"}],"wp:attachment":[{"href":"https:\/\/purama.lt\/fi\/wp-json\/wp\/v2\/media?parent=32328"}],"wp:term":[{"taxonomy":"product_brand","embeddable":true,"href":"https:\/\/purama.lt\/fi\/wp-json\/wp\/v2\/product_brand?post=32328"},{"taxonomy":"product_cat","embeddable":true,"href":"https:\/\/purama.lt\/fi\/wp-json\/wp\/v2\/product_cat?post=32328"},{"taxonomy":"product_tag","embeddable":true,"href":"https:\/\/purama.lt\/fi\/wp-json\/wp\/v2\/product_tag?post=32328"}],"curies":[{"name":"wp","href":"https:\/\/api.w.org\/{rel}","templated":true}]}}