{"id":32327,"date":"2025-02-10T11:26:44","date_gmt":"2025-02-10T11:26:44","guid":{"rendered":"https:\/\/purama.lt\/produktas\/brite-pineapple-mango-nootropinis-gerimas\/"},"modified":"2026-04-22T12:54:23","modified_gmt":"2026-04-22T10:54:23","slug":"brite-ananas-mango-nootrooppinen-juoma","status":"publish","type":"product","link":"https:\/\/purama.lt\/fi\/produktas\/brite-pineapple-mango-nootropinis-gerimas\/","title":{"rendered":"BRITE Ananas Mango nootrooppinen juoma"},"content":{"rendered":"<h4 class=\"wp-block-heading\"><strong>Miten BRITE Pineapple Mango Nootropic Drink toimii?<\/strong><\/h4>\n\n\n\n<ul class=\"wp-block-list\">\n<li>Edist\u00e4\u00e4 <strong>henkinen selkeys<\/strong>, parantaa keskittymist\u00e4 ja tuottavuutta<\/li>\n\n\n\n<li><strong>Antaa luonnollista energiaa<\/strong>, aiheuttamatta keinotekoisia stimulaatiovaikutuksia<\/li>\n\n\n\n<li>Auttaa v\u00e4hent\u00e4m\u00e4\u00e4n <strong>henkinen ja fyysinen v\u00e4symys<\/strong>, yll\u00e4pit\u00e4\u00e4 kest\u00e4vyytt\u00e4<\/li>\n\n\n\n<li><strong>T\u00e4ydellinen valinta ennen treeni\u00e4<\/strong>, auttaa yll\u00e4pit\u00e4m\u00e4\u00e4n energiaa ja keskittymiskyky\u00e4<\/li>\n\n\n\n<li>Sopii sek\u00e4 <strong>ryte<\/strong>, ja p\u00e4iv\u00e4n aikana, kun tarvitset lis\u00e4motivaatiota.<\/li>\n<\/ul>\n\n\n\n<p><strong>Ainesosat:<\/strong> Vesi, luonnollinen ananas- ja mangomehu, L-Teaniini, vihre\u00e4n teen uutteesta saatu kofeiini, B-vitamiinit, luonnolliset antioksidantit.<\/p>\n\n\n\n<p><strong>BRITE Ananas Mango nootrooppinen juoma<\/strong> - Se on t\u00e4ydellinen valinta niille, jotka haluavat luonnollista energiaa sek\u00e4 henkiseen ett\u00e4 fyysiseen toimintaan!<\/p>\n\n\n\n<p><\/p>","protected":false},"excerpt":{"rendered":"<p><strong>BRITE Ananas Mango nootrooppinen juoma<\/strong> - se on trooppisen makuista <strong>luonnollinen nootrooppinen<\/strong>osoitteessa <strong>keskittymiskyvyn, henkisen suorituskyvyn ja energian tukemiseen<\/strong>. Osoitteessa <strong>mehukkaan ananaksen ja makean mangon yhdistelm\u00e4.<\/strong>, Miellytt\u00e4v\u00e4n maun lis\u00e4ksi t\u00e4m\u00e4 juoma on luonnollinen apu aivotoiminnalle ja fyysiselle kest\u00e4vyydelle. Se sopii erinomaisesti <strong>aktiiviseen p\u00e4iv\u00e4\u00e4n, urheiluun ja parempaan tuottavuuteen<\/strong>, koska kaavan luonnolliset ainesosat v\u00e4hent\u00e4v\u00e4t v\u00e4symyst\u00e4 ja yll\u00e4pit\u00e4v\u00e4t energiaa pitk\u00e4ll\u00e4 aikav\u00e4lill\u00e4 ilman \u00e4killisi\u00e4 sokeripurkauksia.<\/p>\n<h4><strong>Miksi valita BRITE Pineapple Mango?<\/strong><\/h4>\n<p>\u2714 <strong>Luonnolliset nootropiat<\/strong> - tukee keskittymist\u00e4, muistia ja henkist\u00e4 suorituskyky\u00e4 \u2714 <strong>Sopii urheiluun<\/strong> - lis\u00e4\u00e4 kest\u00e4vyytt\u00e4, parantaa reaktioaikaa ja auttaa torjumaan v\u00e4symyst\u00e4 \u2714 <strong>Virkist\u00e4v\u00e4 trooppinen maku<\/strong> - ananaksen ja mangon yhdistelm\u00e4 antaa luonnollisen makeuden \u2714 <strong>Ilman synteettisi\u00e4 lis\u00e4aineita<\/strong> - ei keinotekoisia v\u00e4ri- tai s\u00e4il\u00f6nt\u00e4aineita \u2714 <strong>Tukee pitk\u00e4n aikav\u00e4lin energiaa<\/strong> - ilman \u00e4killisi\u00e4 sokeripiikkej\u00e4 ja energiakatkoksia<\/p>","protected":false},"featured_media":32333,"comment_status":"open","ping_status":"closed","template":"","meta":{"_acf_changed":false},"product_brand":[413],"product_cat":[165,60,98],"product_tag":[],"class_list":{"0":"post-32327","1":"product","2":"type-product","3":"status-publish","4":"has-post-thumbnail","6":"product_brand-brite","7":"product_cat-gerimai","8":"product_cat-mitybai","9":"product_cat-sportui","11":"first","12":"instock","13":"shipping-taxable","14":"purchasable","15":"product-type-simple"},"acf":[],"tiered_pricing_type":"fixed","tiered_pricing_fixed_rules":[],"tiered_pricing_product_settings":{"layout":"default","base_unit_name":{"singular":null,"plural":null},"default_variation":null},"tiered_pricing_minimum_quantity":null,"tiered_pricing_roles_data":[],"tiered_pricing_percentage_rules":[],"_links":{"self":[{"href":"https:\/\/purama.lt\/fi\/wp-json\/wp\/v2\/product\/32327","targetHints":{"allow":["GET"]}}],"collection":[{"href":"https:\/\/purama.lt\/fi\/wp-json\/wp\/v2\/product"}],"about":[{"href":"https:\/\/purama.lt\/fi\/wp-json\/wp\/v2\/types\/product"}],"replies":[{"embeddable":true,"href":"https:\/\/purama.lt\/fi\/wp-json\/wp\/v2\/comments?post=32327"}],"wp:featuredmedia":[{"embeddable":true,"href":"https:\/\/purama.lt\/fi\/wp-json\/wp\/v2\/media\/32333"}],"wp:attachment":[{"href":"https:\/\/purama.lt\/fi\/wp-json\/wp\/v2\/media?parent=32327"}],"wp:term":[{"taxonomy":"product_brand","embeddable":true,"href":"https:\/\/purama.lt\/fi\/wp-json\/wp\/v2\/product_brand?post=32327"},{"taxonomy":"product_cat","embeddable":true,"href":"https:\/\/purama.lt\/fi\/wp-json\/wp\/v2\/product_cat?post=32327"},{"taxonomy":"product_tag","embeddable":true,"href":"https:\/\/purama.lt\/fi\/wp-json\/wp\/v2\/product_tag?post=32327"}],"curies":[{"name":"wp","href":"https:\/\/api.w.org\/{rel}","templated":true}]}}