{"id":32132,"date":"2025-02-04T13:13:45","date_gmt":"2025-02-04T13:13:45","guid":{"rendered":"https:\/\/purama.lt\/produktas\/dr-ohhira-kampuku-muilas-su-probiotikais\/"},"modified":"2026-04-16T07:26:26","modified_gmt":"2026-04-16T05:26:26","slug":"dr-ohhira-kampuku-saippua-probioottien-kanssa","status":"publish","type":"product","link":"https:\/\/purama.lt\/fi\/produktas\/dr-ohhira-kampuku-muilas-su-probiotikais\/","title":{"rendered":"Dr.OHHIRA\u00ae KAMPUKU-saippua probioottien kanssa"},"content":{"rendered":"<p><strong>Ainesosat:<\/strong> luonnolliset probiootit, fermentoidut kasviuutteet, kookos\u00f6ljy, oliivi\u00f6ljy, palmu\u00f6ljy, kasviper\u00e4iset kosteusvoiteet.<\/p>\n\n\n\n<p><strong>Dr.OHHIRA\u00ae KAMPUKU-saippua probioottien kanssa<\/strong> - Hell\u00e4varaista ja luonnollista hoitoa iholle, joka tuntuu raikkaalta ja miellytt\u00e4v\u00e4lt\u00e4.<\/p>","protected":false},"excerpt":{"rendered":"<p><strong>Dr.OHHIRA\u00ae KAMPUKU-saippua probioottien kanssa<\/strong> - on ainutlaatuinen saippua, joka on rikastettu k\u00e4yneill\u00e4 kasviuutteilla ja luonnollisilla probiooteilla, jotka puhdistavat hell\u00e4varaisesti, kosteuttavat ja yll\u00e4pit\u00e4v\u00e4t ihon mikroflooran tasapainoa. T\u00e4m\u00e4 saippua auttaa suojaamaan ihoa kuivuudelta, yll\u00e4pit\u00e4\u00e4 sen kimmoisuutta ja antaa puhtaan ja raikkaan tunteen. Sopii kaikille ihotyypeille, my\u00f6s herk\u00e4lle ja ongelmalliselle iholle, sill\u00e4 se ei sis\u00e4ll\u00e4 aggressiivisia ainesosia. <strong>T\u00e4ydellinen ihmisille, jotka haluavat:<\/strong><\/p>\n<ul>\n<li>Hell\u00e4varainen ja tasapainoinen ihonhoito<\/li>\n<li>Yll\u00e4pit\u00e4\u00e4 ihon mikroflooran tasapainoa<\/li>\n<li>V\u00e4lt\u00e4 kuivuutta ja \u00e4rsytyst\u00e4<\/li>\n<li>Luonnollinen p\u00e4ivitt\u00e4inen ihonhoito<\/li>\n<\/ul>","protected":false},"featured_media":32138,"comment_status":"open","ping_status":"closed","template":"","meta":{"_acf_changed":false},"product_brand":[421],"product_cat":[150,57,92,59],"product_tag":[],"class_list":{"0":"post-32132","1":"product","2":"type-product","3":"status-publish","4":"has-post-thumbnail","6":"product_brand-dr-ohhira","7":"product_cat-veido-prausikliai","8":"product_cat-akcijos","9":"product_cat-groziui","10":"product_cat-veidui","12":"first","13":"instock","14":"sale","15":"shipping-taxable","16":"purchasable","17":"product-type-simple"},"acf":[],"tiered_pricing_type":"fixed","tiered_pricing_fixed_rules":[],"tiered_pricing_product_settings":{"layout":"default","base_unit_name":{"singular":null,"plural":null},"default_variation":null},"tiered_pricing_minimum_quantity":null,"tiered_pricing_roles_data":[],"tiered_pricing_percentage_rules":[],"_links":{"self":[{"href":"https:\/\/purama.lt\/fi\/wp-json\/wp\/v2\/product\/32132","targetHints":{"allow":["GET"]}}],"collection":[{"href":"https:\/\/purama.lt\/fi\/wp-json\/wp\/v2\/product"}],"about":[{"href":"https:\/\/purama.lt\/fi\/wp-json\/wp\/v2\/types\/product"}],"replies":[{"embeddable":true,"href":"https:\/\/purama.lt\/fi\/wp-json\/wp\/v2\/comments?post=32132"}],"wp:featuredmedia":[{"embeddable":true,"href":"https:\/\/purama.lt\/fi\/wp-json\/wp\/v2\/media\/32138"}],"wp:attachment":[{"href":"https:\/\/purama.lt\/fi\/wp-json\/wp\/v2\/media?parent=32132"}],"wp:term":[{"taxonomy":"product_brand","embeddable":true,"href":"https:\/\/purama.lt\/fi\/wp-json\/wp\/v2\/product_brand?post=32132"},{"taxonomy":"product_cat","embeddable":true,"href":"https:\/\/purama.lt\/fi\/wp-json\/wp\/v2\/product_cat?post=32132"},{"taxonomy":"product_tag","embeddable":true,"href":"https:\/\/purama.lt\/fi\/wp-json\/wp\/v2\/product_tag?post=32132"}],"curies":[{"name":"wp","href":"https:\/\/api.w.org\/{rel}","templated":true}]}}