{"id":32131,"date":"2025-02-04T13:13:45","date_gmt":"2025-02-04T13:13:45","guid":{"rendered":"https:\/\/purama.lt\/produktas\/dr-ohhira-magoroku-kremas-su-probiotikais\/"},"modified":"2026-03-20T12:50:53","modified_gmt":"2026-03-20T10:50:53","slug":"dr-ohhira-magoroku-kerma-probioottien-kanssa","status":"publish","type":"product","link":"https:\/\/purama.lt\/fi\/produktas\/dr-ohhira-magoroku-kremas-su-probiotikais\/","title":{"rendered":"Dr.OHHIRA\u00ae MAGOROKU voide probioottien kanssa"},"content":{"rendered":"<h4 class=\"wp-block-heading\"><strong>Kuinka k\u00e4ytt\u00e4\u00e4<\/strong>ts:<\/h4>\n\n\n\n<ol class=\"wp-block-list\">\n<li>Levit\u00e4 pieni m\u00e4\u00e4r\u00e4 voidetta puhtaalle, kuivalle iholle.<\/li>\n\n\n\n<li>Hiero kevyesti, kunnes se on imeytynyt kokonaan.<\/li>\n\n\n\n<li>K\u00e4yt\u00e4 aamuin ja illoin tai tarpeen mukaan kuiville tai herkille alueille.<\/li>\n\n\n\n<li>Sopii kasvoille ja vartalolle, ja sit\u00e4 voidaan k\u00e4ytt\u00e4\u00e4 intensiivisen\u00e4 ravitsevana voiteena kuiville ihoalueille.<\/li>\n<\/ol>\n\n\n\n<p><strong>Ainesosat:<\/strong> luonnolliset probiootit, fermentoidut kasviuutteet, hevosrasva, kasvi\u00f6ljyt, kosteusvoiteet, antioksidantit.<\/p>\n\n\n\n<p><strong>Dr.OHHIRA\u00ae MAGOROKU voide probioottien kanssa<\/strong> - luonnollista suojaa ja syv\u00e4sti ravitsevaa ihonhoitoa joka p\u00e4iv\u00e4.<\/p>","protected":false},"excerpt":{"rendered":"<p><strong>Dr.OHHIRA\u00ae MAGOROKU voide probioottien kanssa<\/strong> - Ainutlaatuinen voide, joka on rikastettu luonnollisilla probiooteilla ja ihoa ravitsevilla \u00f6ljyill\u00e4. T\u00e4m\u00e4 koostumus auttaa yll\u00e4pit\u00e4m\u00e4\u00e4n ihon mikroflooran tasapainoa, kosteuttaa, rauhoittaa ja vahvistaa ihoa suojaavaa barrieria. Kevyt koostumus imeytyy nopeasti, ei j\u00e4t\u00e4 rasvaista tunnetta ja tarjoaa pitk\u00e4kestoista mukavuutta. Sopii kaikille ihotyypeille, erityisesti kuivalle, herk\u00e4lle ja \u00e4rsytykseen taipuvaiselle iholle. <strong>T\u00e4ydellinen ihmisille, jotka haluavat:<\/strong><\/p>\n<ul>\n<li>Yll\u00e4pit\u00e4\u00e4 ihon tervett\u00e4 mikroflooraa ja suojaa ulkoisilta tekij\u00f6ilt\u00e4.<\/li>\n<li>Kosteuttaa ja ravitsee ihoa intensiivisesti.<\/li>\n<li>Rauhoittaa \u00e4rsytyst\u00e4 ja kuivuutta<\/li>\n<li>Luonnollinen, tasapainoinen ihonhoito<\/li>\n<\/ul>","protected":false},"featured_media":32150,"comment_status":"open","ping_status":"closed","template":"","meta":{"_acf_changed":false},"product_brand":[421],"product_cat":[123,57,273,274,275],"product_tag":[],"class_list":{"0":"post-32131","1":"product","2":"type-product","3":"status-publish","4":"has-post-thumbnail","6":"product_brand-dr-ohhira","7":"product_cat-papildai-ilgaamziskumui","8":"product_cat-akcijos","9":"product_cat-odai-plaukams-nagams","10":"product_cat-odos-jaunyste","11":"product_cat-plauku-ir-nagu-prieziura","13":"first","14":"instock","15":"sale","16":"shipping-taxable","17":"purchasable","18":"product-type-simple"},"acf":[],"tiered_pricing_type":"fixed","tiered_pricing_fixed_rules":[],"tiered_pricing_product_settings":{"layout":"default","base_unit_name":{"singular":null,"plural":null},"default_variation":null},"tiered_pricing_minimum_quantity":null,"tiered_pricing_roles_data":[],"tiered_pricing_percentage_rules":[],"_links":{"self":[{"href":"https:\/\/purama.lt\/fi\/wp-json\/wp\/v2\/product\/32131","targetHints":{"allow":["GET"]}}],"collection":[{"href":"https:\/\/purama.lt\/fi\/wp-json\/wp\/v2\/product"}],"about":[{"href":"https:\/\/purama.lt\/fi\/wp-json\/wp\/v2\/types\/product"}],"replies":[{"embeddable":true,"href":"https:\/\/purama.lt\/fi\/wp-json\/wp\/v2\/comments?post=32131"}],"wp:featuredmedia":[{"embeddable":true,"href":"https:\/\/purama.lt\/fi\/wp-json\/wp\/v2\/media\/32150"}],"wp:attachment":[{"href":"https:\/\/purama.lt\/fi\/wp-json\/wp\/v2\/media?parent=32131"}],"wp:term":[{"taxonomy":"product_brand","embeddable":true,"href":"https:\/\/purama.lt\/fi\/wp-json\/wp\/v2\/product_brand?post=32131"},{"taxonomy":"product_cat","embeddable":true,"href":"https:\/\/purama.lt\/fi\/wp-json\/wp\/v2\/product_cat?post=32131"},{"taxonomy":"product_tag","embeddable":true,"href":"https:\/\/purama.lt\/fi\/wp-json\/wp\/v2\/product_tag?post=32131"}],"curies":[{"name":"wp","href":"https:\/\/api.w.org\/{rel}","templated":true}]}}