{"id":32129,"date":"2025-02-04T13:13:45","date_gmt":"2025-02-04T13:13:45","guid":{"rendered":"https:\/\/purama.lt\/produktas\/dr-ohhira-standard-3-metus-fermentuotas-12-rusiu-gyvybinguju-bakteriju-kompleksas\/"},"modified":"2026-04-14T14:04:12","modified_gmt":"2026-04-14T12:04:12","slug":"dr-ohhira-standard-3-vuotta-kaynyt-kompleksi-12-rukiista-elinkykyista-bakteeria","status":"publish","type":"product","link":"https:\/\/purama.lt\/fi\/produktas\/dr-ohhira-standard-3-metus-fermentuotas-12-rusiu-gyvybinguju-bakteriju-kompleksas\/","title":{"rendered":"Dr.OHHIRA\u00ae STANDARD 3 vuoden fermentoitu kompleksi 12 lajin elinkelpoisista bakteereista."},"content":{"rendered":"<h4 class=\"wp-block-heading\"><strong>Miten Dr.OHHIRA\u00ae STANDARD toimii kehossa?<\/strong><\/h4>\n\n\n\n<ul class=\"wp-block-list\">\n<li><strong>Auttaa palauttamaan suoliston luonnollisen mikroflooran.<\/strong> stressin, antibioottien tai ep\u00e4tasapainoisen ruokavalion j\u00e4lkeen.<\/li>\n\n\n\n<li><strong>Vahvistaa immuunij\u00e4rjestelm\u00e4\u00e4<\/strong>, koska suurin osa immuunisuojasta on suolistossa.<\/li>\n\n\n\n<li><strong>Parantaa ruoansulatusta ja v\u00e4hent\u00e4\u00e4 vatsavaivoja.<\/strong><\/li>\n\n\n\n<li><strong>Edist\u00e4\u00e4 ravintoaineiden imeytymist\u00e4<\/strong>, edist\u00e4\u00e4 ihon ja kehon yleisen kunnon parantamista.<\/li>\n\n\n\n<li><strong>Tarjoaa luonnollisen suojan vapaita radikaaleja vastaan<\/strong>, koska sill\u00e4 on antioksidanttisia ominaisuuksia<\/li>\n<\/ul>\n\n\n\n<h4 class=\"wp-block-heading\"><strong>Kuinka k\u00e4ytt\u00e4\u00e4:<\/strong><\/h4>\n\n\n\n<ol class=\"wp-block-list\">\n<li>Ota j\u00e4lkeen <strong>1-2 kapselia p\u00e4iv\u00e4ss\u00e4<\/strong>, lasillinen vett\u00e4.<\/li>\n\n\n\n<li>Paras kulutukseen <strong>ennen aterioita tai aterioiden v\u00e4lill\u00e4<\/strong>, maksimaalisen vaikutuksen aikaansaamiseksi.<\/li>\n\n\n\n<li>Suositeltu k\u00e4ytt\u00f6 <strong>pitk\u00e4\u00e4n<\/strong>, yll\u00e4pit\u00e4\u00e4 suoliston mikroflooran tasapainoa.<\/li>\n\n\n\n<li>Soveltuu k\u00e4ytett\u00e4v\u00e4ksi <strong>yhdess\u00e4 antibioottien kanssa<\/strong>, suojella hyvi\u00e4 bakteereja.<\/li>\n<\/ol>\n\n\n\n<p><strong>Ainesosat:<\/strong> Fermentoidut kasviuutteet, 12 probioottista bakteerilajia (Lactobacillus, Bifidobacterium jne.), prebiootit, luonnolliset antioksidantit, kasvikuitukomponentit.<\/p>\n\n\n\n<p><strong>Dr.OHHIRA\u00ae STANDARD, 30 kapselia.<\/strong> - Luonnollinen ratkaisu vahvaan immuniteettiin ja terveeseen ruoansulatukseen.<\/p>","protected":false},"excerpt":{"rendered":"<p><strong>Dr.OHHIRA\u00ae STANDARD<\/strong> - progressiivinen <strong>K\u00e4ynyt 3 vuotta<\/strong> probioottinen kompleksi <strong>12 elinkykyist\u00e4 bakteerilajia<\/strong>, suoliston mikroflooran tasapainon yll\u00e4pit\u00e4miseen, immuunij\u00e4rjestelm\u00e4n vahvistamiseen ja ruoansulatuksen parantamiseen. K\u00e4ymisprosessi tuottaa <strong>prebiootit, postbiootit, orgaaniset hapot ja entsyymit.<\/strong> varmistaa ravintoaineiden tehokkaan imeytymisen ja kehon sujuvan toiminnan.<\/p>\n<h4><strong>Miksi valita Dr.OHHIRA\u00ae STANDARD?<\/strong><\/h4>\n<p>\u2714 <strong>Luonnollisesti k\u00e4ynyt kaava<\/strong> - probioottien parempi altistuminen ja imeytyminen\u00a0<br \/>\u2714 <strong>12 elinkykyist\u00e4 bakteerilajia<\/strong> - suoliston mikroflooran tasapainoon ja vahvaan immuniteettiin.<br \/>\u2714 <strong>Maidoton, gluteeniton, GMO-vapaa ja vapaa keinotekoisista lis\u00e4aineista.<\/strong> - sopii herkille ihmisille<br \/>\u2714 <strong>T\u00e4ydennetty prebiooteilla ja postbiooteilla.<\/strong> - tukee hyvien bakteerien toimintaa<\/p>","protected":false},"featured_media":32153,"comment_status":"open","ping_status":"closed","template":"","meta":{"_acf_changed":false},"product_brand":[421],"product_cat":[264,57,266,253,252,267,255,123,254,265],"product_tag":[],"class_list":{"0":"post-32129","1":"product","2":"type-product","3":"status-publish","4":"has-post-thumbnail","6":"product_brand-dr-ohhira","7":"product_cat-virskinimui-ir-detoksui","8":"product_cat-akcijos","9":"product_cat-fermentai-ir-virskinimas","10":"product_cat-imuniteto-palaikymas","11":"product_cat-imunitetui","12":"product_cat-kepenu-detoksas","13":"product_cat-oksidacinio-streso-mazinimas","14":"product_cat-papildai-ilgaamziskumui","15":"product_cat-uzdegimo-mazinimas","16":"product_cat-zarnynas-ir-mikrobioma","18":"first","19":"instock","20":"sale","21":"shipping-taxable","22":"purchasable","23":"product-type-simple"},"acf":[],"tiered_pricing_type":"fixed","tiered_pricing_fixed_rules":[],"tiered_pricing_product_settings":{"layout":"default","base_unit_name":{"singular":null,"plural":null},"default_variation":null},"tiered_pricing_minimum_quantity":null,"tiered_pricing_roles_data":[],"tiered_pricing_percentage_rules":[],"_links":{"self":[{"href":"https:\/\/purama.lt\/fi\/wp-json\/wp\/v2\/product\/32129","targetHints":{"allow":["GET"]}}],"collection":[{"href":"https:\/\/purama.lt\/fi\/wp-json\/wp\/v2\/product"}],"about":[{"href":"https:\/\/purama.lt\/fi\/wp-json\/wp\/v2\/types\/product"}],"replies":[{"embeddable":true,"href":"https:\/\/purama.lt\/fi\/wp-json\/wp\/v2\/comments?post=32129"}],"wp:featuredmedia":[{"embeddable":true,"href":"https:\/\/purama.lt\/fi\/wp-json\/wp\/v2\/media\/32153"}],"wp:attachment":[{"href":"https:\/\/purama.lt\/fi\/wp-json\/wp\/v2\/media?parent=32129"}],"wp:term":[{"taxonomy":"product_brand","embeddable":true,"href":"https:\/\/purama.lt\/fi\/wp-json\/wp\/v2\/product_brand?post=32129"},{"taxonomy":"product_cat","embeddable":true,"href":"https:\/\/purama.lt\/fi\/wp-json\/wp\/v2\/product_cat?post=32129"},{"taxonomy":"product_tag","embeddable":true,"href":"https:\/\/purama.lt\/fi\/wp-json\/wp\/v2\/product_tag?post=32129"}],"curies":[{"name":"wp","href":"https:\/\/api.w.org\/{rel}","templated":true}]}}