{"id":32127,"date":"2025-02-04T13:13:44","date_gmt":"2025-02-04T13:13:44","guid":{"rendered":"https:\/\/purama.lt\/produktas\/dr-ohhira-deluxe-5-metus-fermentuotas-12-rusiu-geruju-bakteriju-kompleksas\/"},"modified":"2026-04-14T14:03:00","modified_gmt":"2026-04-14T12:03:00","slug":"dr-ohhira-deluxe-5-year-fermented-12-rye-good-bacteria-complex-rukiinen-hyva-bakteerikompleksi","status":"publish","type":"product","link":"https:\/\/purama.lt\/fi\/produktas\/dr-ohhira-deluxe-5-metus-fermentuotas-12-rusiu-geruju-bakteriju-kompleksas\/","title":{"rendered":"Dr.OHHIRA\u00ae DELUXE 5 vuoden fermentoitu kompleksi 12 lajin hyvist\u00e4 bakteereista 30 kaps."},"content":{"rendered":"<h4 class=\"wp-block-heading\"><strong>Miten Dr.OHHIRA\u00ae DELUXE toimii kehossa?<\/strong><\/h4>\n\n\n\n<ul class=\"wp-block-list\">\n<li><strong>Suoliston mikroflooran palauttaminen ja yll\u00e4pito<\/strong>, v\u00e4hent\u00e4\u00e4 ep\u00e4mukavuutta ja turvotusta<\/li>\n\n\n\n<li><strong>Immuunij\u00e4rjestelm\u00e4n vahvistaminen<\/strong>, tukemalla kehon luonnollista vastustuskyky\u00e4<\/li>\n\n\n\n<li><strong>Ruoansulatuskanavan toiminnan parantaminen<\/strong>edist\u00e4\u00e4 ravintoaineiden parempaa imeytymist\u00e4<\/li>\n\n\n\n<li><strong>Yll\u00e4pit\u00e4\u00e4 ihon, hiusten ja kehon yleist\u00e4 terveytt\u00e4.<\/strong>koska probiootit auttavat s\u00e4\u00e4telem\u00e4\u00e4n tulehdusprosesseja.<\/li>\n\n\n\n<li><strong>Suojaa hapettumisvaurioilta<\/strong>koska k\u00e4ymisprosessi tuottaa luonnollisia antioksidantteja.<\/li>\n<\/ul>\n\n\n\n<h4 class=\"wp-block-heading\"><strong>Kuinka k\u00e4ytt\u00e4\u00e4:<\/strong><\/h4>\n\n\n\n<ol class=\"wp-block-list\">\n<li>Ota j\u00e4lkeen <strong>1-2 kapselia p\u00e4iv\u00e4ss\u00e4<\/strong>, lasillinen vett\u00e4.<\/li>\n\n\n\n<li>Paras kulutukseen <strong>ennen aterioita tai aterioiden v\u00e4lill\u00e4<\/strong>parhaan vaikutuksen aikaansaamiseksi.<\/li>\n\n\n\n<li>Pitk\u00e4kestoisen lopputuloksen varmistamiseksi on suositeltavaa ottaa seuraavia tuotteita <strong>s\u00e4\u00e4nn\u00f6llisesti<\/strong>.<\/li>\n\n\n\n<li>Soveltuu k\u00e4ytett\u00e4v\u00e4ksi <strong>yhdess\u00e4 antibioottien kanssa<\/strong>auttaa suojelemaan hyvi\u00e4 bakteereja.<\/li>\n<\/ol>\n\n\n\n<p><strong>Ainesosat:<\/strong> Fermentoidut kasviuutteet, 12 lajia hyvi\u00e4 bakteereja (Lactobacillus, Bifidobacterium jne.), prebiootit, luonnolliset antioksidantit, kasvikuitukomponentit.<\/p>\n\n\n\n<p><strong>Dr.OHHIRA\u00ae DELUXE, 30 kapselia.<\/strong> - Ensiluokkainen probioottikompleksi tukemaan suolistoa ja immuunij\u00e4rjestelm\u00e4\u00e4.<\/p>","protected":false},"excerpt":{"rendered":"<p><strong>Dr.OHHIRA\u00ae DELUXE<\/strong> - ainutlaatuinen <strong>5 vuotta k\u00e4ymistilassa<\/strong> hyvien bakteerien kompleksi, joka yhdist\u00e4\u00e4 <strong>12 probioottista viljelm\u00e4\u00e4<\/strong> luonnossa esiintyvill\u00e4 <strong>postbiootit, orgaaniset hapot ja entsyymit<\/strong>. T\u00e4m\u00e4 pidempi k\u00e4ymiskaava auttaa yll\u00e4pit\u00e4m\u00e4\u00e4n <strong>tasapainoinen suoliston mikrofloora, vahva immuniteetti ja ruoansulatuskanavan h\u00e4iri\u00f6t\u00f6n toiminta.<\/strong>. Kapselit ovat <strong>ei sis\u00e4ll\u00e4 keinotekoisia lis\u00e4aineita, laktoosia eik\u00e4 gluteenia.<\/strong>, joten se soveltuu my\u00f6s herkille organismeille.<\/p>\n<h4><strong>Miksi valita Dr.OHHIRA\u00ae DELUXE?<\/strong><\/h4>\n<p>\u2714 <strong>Ainutlaatuinen kaava, joka on k\u00e4ynyt 5 vuotta<\/strong> - maksimaalinen probioottinen teho<br \/>\u2714 <strong>12 elinkykyist\u00e4 bakteerilajia<\/strong> - tukee tervett\u00e4 suoliston mikroflooraa<br \/>\u2714 <strong>Prebiootit ja postbiootit<\/strong> - hyv\u00e4 bakteeritoiminta ja ruoansulatus<br \/>\u2714 <strong>Laktoositon, gluteeniton ja GMO-vapaa<\/strong> - sopii herkille elimille<br \/>\u2714 <strong>K\u00e4tev\u00e4 pakkaus - 30 kapselia<\/strong> - helppo sis\u00e4llytt\u00e4\u00e4 p\u00e4ivitt\u00e4iseen rutiiniin<\/p>","protected":false},"featured_media":32142,"comment_status":"open","ping_status":"closed","template":"","meta":{"_acf_changed":false},"product_brand":[421],"product_cat":[264,57,266,253,252,267,255,123,254,265],"product_tag":[],"class_list":{"0":"post-32127","1":"product","2":"type-product","3":"status-publish","4":"has-post-thumbnail","6":"product_brand-dr-ohhira","7":"product_cat-virskinimui-ir-detoksui","8":"product_cat-akcijos","9":"product_cat-fermentai-ir-virskinimas","10":"product_cat-imuniteto-palaikymas","11":"product_cat-imunitetui","12":"product_cat-kepenu-detoksas","13":"product_cat-oksidacinio-streso-mazinimas","14":"product_cat-papildai-ilgaamziskumui","15":"product_cat-uzdegimo-mazinimas","16":"product_cat-zarnynas-ir-mikrobioma","18":"first","19":"instock","20":"sale","21":"shipping-taxable","22":"purchasable","23":"product-type-simple"},"acf":[],"tiered_pricing_type":"fixed","tiered_pricing_fixed_rules":[],"tiered_pricing_product_settings":{"layout":"default","base_unit_name":{"singular":null,"plural":null},"default_variation":null},"tiered_pricing_minimum_quantity":null,"tiered_pricing_roles_data":[],"tiered_pricing_percentage_rules":[],"_links":{"self":[{"href":"https:\/\/purama.lt\/fi\/wp-json\/wp\/v2\/product\/32127","targetHints":{"allow":["GET"]}}],"collection":[{"href":"https:\/\/purama.lt\/fi\/wp-json\/wp\/v2\/product"}],"about":[{"href":"https:\/\/purama.lt\/fi\/wp-json\/wp\/v2\/types\/product"}],"replies":[{"embeddable":true,"href":"https:\/\/purama.lt\/fi\/wp-json\/wp\/v2\/comments?post=32127"}],"wp:featuredmedia":[{"embeddable":true,"href":"https:\/\/purama.lt\/fi\/wp-json\/wp\/v2\/media\/32142"}],"wp:attachment":[{"href":"https:\/\/purama.lt\/fi\/wp-json\/wp\/v2\/media?parent=32127"}],"wp:term":[{"taxonomy":"product_brand","embeddable":true,"href":"https:\/\/purama.lt\/fi\/wp-json\/wp\/v2\/product_brand?post=32127"},{"taxonomy":"product_cat","embeddable":true,"href":"https:\/\/purama.lt\/fi\/wp-json\/wp\/v2\/product_cat?post=32127"},{"taxonomy":"product_tag","embeddable":true,"href":"https:\/\/purama.lt\/fi\/wp-json\/wp\/v2\/product_tag?post=32127"}],"curies":[{"name":"wp","href":"https:\/\/api.w.org\/{rel}","templated":true}]}}