{"id":32126,"date":"2025-02-04T13:13:44","date_gmt":"2025-02-04T13:13:44","guid":{"rendered":"https:\/\/purama.lt\/produktas\/dr-ohhira-fermentuotas-augalinis-ekstraktas\/"},"modified":"2026-04-14T14:03:35","modified_gmt":"2026-04-14T12:03:35","slug":"dr-ohhira-fermentoitu-yrttiuute","status":"publish","type":"product","link":"https:\/\/purama.lt\/fi\/produktas\/dr-ohhira-fermentuotas-augalinis-ekstraktas\/","title":{"rendered":"Dr.OHHIRA\u00ae Fermentoitu kasviuute"},"content":{"rendered":"<h4 class=\"wp-block-heading\"><strong>Miten Dr.OHHIRA\u00ae Fermentoitu yrttiuute toimii?<\/strong><\/h4>\n\n\n\n<ul class=\"wp-block-list\">\n<li><strong>Tukee tervett\u00e4 ruoansulatusta<\/strong>, lievitt\u00e4\u00e4 ep\u00e4mukavuutta ja auttaa sujuvoittamaan ravinteiden aineenvaihduntaa.<\/li>\n\n\n\n<li><strong>Vahvistaa immuunij\u00e4rjestelm\u00e4\u00e4<\/strong>, koska luonnolliset fermentoidut kasvit tarjoavat v\u00e4ltt\u00e4m\u00e4tt\u00f6mi\u00e4 ravintoaineita.<\/li>\n\n\n\n<li><strong>Edist\u00e4\u00e4 kehon detoksifikaatiota<\/strong>, koska luonnolliset antioksidantit auttavat torjumaan hapetusstressi\u00e4.<\/li>\n\n\n\n<li><strong>Parantaa yleist\u00e4 hyvinvointia<\/strong>, auttaa yll\u00e4pit\u00e4m\u00e4\u00e4n elimist\u00f6n sis\u00e4ist\u00e4 tasapainoa ja elinvoimaisuutta<\/li>\n<\/ul>\n\n\n\n<h4 class=\"wp-block-heading\"><strong>Kuinka k\u00e4ytt\u00e4\u00e4:<\/strong><\/h4>\n\n\n\n<ol class=\"wp-block-list\">\n<li>Ota j\u00e4lkeen <strong>yksi pussi p\u00e4iv\u00e4ss\u00e4<\/strong>, kysynn\u00e4n mukaan - <strong>3-7 kertaa viikossa<\/strong>.<\/li>\n\n\n\n<li>Parhaan imeytymisen varmistamiseksi on suositeltavaa ottaa <strong>aamulla ennen aterioita<\/strong>.<\/li>\n\n\n\n<li>Pussin sis\u00e4lt\u00f6 <strong>purista suoraan suuhun ja niele<\/strong>, Voit halutessasi juoda sen haalean veden kanssa.<\/li>\n\n\n\n<li>Pussin avaamisen j\u00e4lkeen, <strong>kuluttaa v\u00e4litt\u00f6m\u00e4sti<\/strong>, kaikkien ravitsemuksellisten ominaisuuksien s\u00e4ilytt\u00e4miseksi.<\/li>\n<\/ol>\n\n\n\n<p><strong>Ainesosat:<\/strong> fermentoidut kasviuutteet, prebiootit, postbiootit, luonnolliset antioksidantit, entsyymit, kuitukomponentit.<\/p>\n\n\n\n<p><strong>Dr.OHHIRA\u00ae Fermentoitu kasviuute<\/strong> - luonnollinen ja tehokas tuki kehollesi.<\/p>","protected":false},"excerpt":{"rendered":"<p><strong>Dr.OHHIRA\u00ae Fermentoitu kasviuute<\/strong> - Ainutlaatuinen, pitk\u00e4\u00e4n fermentoitu kokonaisuus, jossa yhdistyv\u00e4t luonnolliset kasviuutteet, prebiootit, postbiootit ja antioksidantit. K\u00e4ymisprosessin aikana syntyv\u00e4t aktiiviset ainesosat edist\u00e4v\u00e4t osaltaan <strong>ruoansulatuksen parantaminen, immuniteetin vahvistaminen ja kehon yleisen tasapainon yll\u00e4pit\u00e4minen.<\/strong>. T\u00e4m\u00e4 kaava on suunniteltu niille, jotka etsiv\u00e4t luonnollista ja tehokasta tukea keholle p\u00e4ivitt\u00e4isess\u00e4 ruokavaliossaan.<\/p>\n<h4><strong>Miksi valita Dr.OHHIRA\u00ae Fermentoitu yrttiuute?<\/strong><\/h4>\n<p>\u2714 <strong>Pitk\u00e4\u00e4n k\u00e4ynyt kaava<\/strong> - tehoaineiden parempi imeytyminen ja suurempi tehokkuus<br \/>\u2714 <strong>Prebiootit, postbiootit ja fermentoidut kasvit<\/strong> - tukee ruoansulatusta ja suoliston mikroflooraa.<br \/>\u2714 <strong>Luonnolliset antioksidantit<\/strong> - suojaa elimist\u00f6\u00e4 vapaiden radikaalien vaikutuksilta.<br \/>\u2714 <strong>Sopii erilaisille ruokavalioille<\/strong> - laktoositon, gluteeniton, vapaa keinotekoisista lis\u00e4aineista ja GMO:ista.<br \/>\u2714 <strong>Helppok\u00e4ytt\u00f6isyys<\/strong> - voidaan ottaa yksin tai yhdess\u00e4 muiden lis\u00e4ravinteiden kanssa<\/p>","protected":false},"featured_media":32139,"comment_status":"open","ping_status":"closed","template":"","meta":{"_acf_changed":false},"product_brand":[421],"product_cat":[57,266,253,252,267,255,254,264,265],"product_tag":[],"class_list":{"0":"post-32126","1":"product","2":"type-product","3":"status-publish","4":"has-post-thumbnail","6":"product_brand-dr-ohhira","7":"product_cat-akcijos","8":"product_cat-fermentai-ir-virskinimas","9":"product_cat-imuniteto-palaikymas","10":"product_cat-imunitetui","11":"product_cat-kepenu-detoksas","12":"product_cat-oksidacinio-streso-mazinimas","13":"product_cat-uzdegimo-mazinimas","14":"product_cat-virskinimui-ir-detoksui","15":"product_cat-zarnynas-ir-mikrobioma","17":"first","18":"instock","19":"sale","20":"shipping-taxable","21":"purchasable","22":"product-type-simple"},"acf":[],"tiered_pricing_type":"fixed","tiered_pricing_fixed_rules":[],"tiered_pricing_product_settings":{"layout":"default","base_unit_name":{"singular":null,"plural":null},"default_variation":null},"tiered_pricing_minimum_quantity":null,"tiered_pricing_roles_data":[],"tiered_pricing_percentage_rules":[],"_links":{"self":[{"href":"https:\/\/purama.lt\/fi\/wp-json\/wp\/v2\/product\/32126","targetHints":{"allow":["GET"]}}],"collection":[{"href":"https:\/\/purama.lt\/fi\/wp-json\/wp\/v2\/product"}],"about":[{"href":"https:\/\/purama.lt\/fi\/wp-json\/wp\/v2\/types\/product"}],"replies":[{"embeddable":true,"href":"https:\/\/purama.lt\/fi\/wp-json\/wp\/v2\/comments?post=32126"}],"wp:featuredmedia":[{"embeddable":true,"href":"https:\/\/purama.lt\/fi\/wp-json\/wp\/v2\/media\/32139"}],"wp:attachment":[{"href":"https:\/\/purama.lt\/fi\/wp-json\/wp\/v2\/media?parent=32126"}],"wp:term":[{"taxonomy":"product_brand","embeddable":true,"href":"https:\/\/purama.lt\/fi\/wp-json\/wp\/v2\/product_brand?post=32126"},{"taxonomy":"product_cat","embeddable":true,"href":"https:\/\/purama.lt\/fi\/wp-json\/wp\/v2\/product_cat?post=32126"},{"taxonomy":"product_tag","embeddable":true,"href":"https:\/\/purama.lt\/fi\/wp-json\/wp\/v2\/product_tag?post=32126"}],"curies":[{"name":"wp","href":"https:\/\/api.w.org\/{rel}","templated":true}]}}