{"id":32125,"date":"2025-02-04T13:13:44","date_gmt":"2025-02-04T13:13:44","guid":{"rendered":"https:\/\/purama.lt\/produktas\/dr-ohhira-geriamas-skystas-kolagenas\/"},"modified":"2026-04-23T07:40:34","modified_gmt":"2026-04-23T05:40:34","slug":"dr-ohhira-suun-kautta-nestemainen-kollageeni","status":"publish","type":"product","link":"https:\/\/purama.lt\/fi\/produktas\/dr-ohhira-geriamas-skystas-kolagenas\/","title":{"rendered":"Dr.OHHIRA\u00ae suun kautta otettava nestem\u00e4inen kollageeni"},"content":{"rendered":"<h4 class=\"wp-block-heading\"><strong>Miten Dr.OHHIRA\u00ae Oral Liquid Collagen toimii?<\/strong><\/h4>\n\n\n\n<ul class=\"wp-block-list\">\n<li><strong>Parantaa ihon kimmoisuutta ja kosteutta<\/strong>, v\u00e4hent\u00e4\u00e4 ryppyjen ulkon\u00e4k\u00f6\u00e4<\/li>\n\n\n\n<li><strong>Vahvistaa hiuksia ja kynsi\u00e4<\/strong>, antaa niille lis\u00e4\u00e4 voimaa ja luonnollista kiiltoa<\/li>\n\n\n\n<li><strong>Suojaa hapetusstressilt\u00e4<\/strong>, joka aiheuttaa ihon ik\u00e4\u00e4ntymist\u00e4<\/li>\n\n\n\n<li><strong>Stimuloi luonnollista kollageenin tuotantoa<\/strong>, joka pienenee i\u00e4n my\u00f6t\u00e4<\/li>\n\n\n\n<li><strong>Tukee nivelten ja sidekudoksen terveytt\u00e4<\/strong>, mik\u00e4 lis\u00e4\u00e4 niiden joustavuutta<\/li>\n<\/ul>\n\n\n\n<h4 class=\"wp-block-heading\"><strong>Kuinka k\u00e4ytt\u00e4\u00e4:<\/strong><\/h4>\n\n\n\n<ol class=\"wp-block-list\">\n<li>Kulutusaste koostuu seuraavista osista <strong>10 pulloa<\/strong>, joita suositellaan nautittavaksi <strong>3 viikkoa<\/strong>.<\/li>\n\n\n\n<li>Ensimm\u00e4inen <strong>5 p\u00e4iv\u00e4\u00e4<\/strong> juoda j\u00e4lkeen <strong>yksi injektiopullo (20 ml) p\u00e4ivitt\u00e4in<\/strong>, paras <strong>Illalla<\/strong>, optimaalista imeytymist\u00e4 varten.<\/li>\n\n\n\n<li>J\u00e4lkeen <strong>2 p\u00e4iv\u00e4n tauot<\/strong> jatka kurssia toisella pakkauksella.<\/li>\n\n\n\n<li>Jatka juomista sen j\u00e4lkeen <strong>yksi injektiopullo joka kolmas p\u00e4iv\u00e4<\/strong>, yll\u00e4pit\u00e4\u00e4 pitk\u00e4aikaista vaikutusta kehossa.<\/li>\n\n\n\n<li>Tarvittaessa voidaan lis\u00e4t\u00e4 pieni m\u00e4\u00e4r\u00e4 vett\u00e4.<\/li>\n\n\n\n<li><strong>Suositellaan 3-4 kurssia vuodessa<\/strong>, yll\u00e4pit\u00e4\u00e4 ihon, hiusten ja kynsien kauneutta ja terveytt\u00e4.<\/li>\n\n\n\n<li>Pullon avaamisen j\u00e4lkeen, <strong>kuluttaa v\u00e4litt\u00f6m\u00e4sti<\/strong>, kaikkien aktiivisten ainesosien s\u00e4ilytt\u00e4miseksi.<\/li>\n<\/ol>\n\n\n\n<p><strong>Ainesosat:<\/strong> Hydrolysoitu kollageeni, hyaluronihappo, elastiini, koentsyymi Q10, C-vitamiini, luonnolliset antioksidantit, kuitukomponentit.<\/p>\n\n\n\n<p><strong>Dr.OHHIRA\u00ae suun kautta otettava nestem\u00e4inen kollageeni<\/strong> - Luonnollinen kauneudenhoitovalmiste, joka auttaa yll\u00e4pit\u00e4m\u00e4\u00e4n nuorekasta ihoa, vahvoja hiuksia ja terveit\u00e4, kauniita kynsi\u00e4.<\/p>\n\n\n\n<p>Lue lis\u00e4\u00e4 kollageenista <a href=\"\/fi\/kolagenas-gidas\/\">kollageenioppaat<\/a>.<\/p>","protected":false},"excerpt":{"rendered":"<p><strong>Dr.OHHIRA\u00ae Oral Liquid Collagen - nuorekkaalle iholle, hiuksille ja kynsille.<\/strong> - on korkealaatuinen hydrolysoitu kollageeni, joka on rikastettu hyaluronihapolla, koentsyymi Q10:ll\u00e4, elastiinilla ja C-vitamiinilla, jotka auttavat yll\u00e4pit\u00e4m\u00e4\u00e4n ihon kimmoisuutta, vahvistavat hiuksia ja kynsi\u00e4 sek\u00e4 stimuloivat kehon luonnollista kollageenin tuotantoprosessia. T\u00e4m\u00e4 innovatiivinen nestem\u00e4inen koostumus takaa nopean ja tehokkaan imeytymisen, joten se on ihanteellinen niille, jotka haluavat yll\u00e4pit\u00e4\u00e4 nuorekkaan n\u00e4k\u00f6ist\u00e4 ihoa, terveit\u00e4 hiuksia ja vahvoja kynsi\u00e4.<\/p>\n<h4><strong>Miksi valita Dr.OHHIRA\u00ae Oral Liquid Collagen?<\/strong><\/h4>\n<p>\u2714 <strong>Hydrolysoitu kollageeni<\/strong> - varmistaa paremman k\u00e4ytt\u00f6\u00f6noton ja tehokkaamman vaikutuksen<br \/>\u2714 <strong>Hyaluronihappo ja elastiini<\/strong> - auttaa yll\u00e4pit\u00e4m\u00e4\u00e4n ihon kosteutta ja kimmoisuutta<br \/>\u2714 <strong>Koentsyymi Q10 ja antioksidantit<\/strong> - suojaa ihoa ennenaikaiselta ik\u00e4\u00e4ntymiselt\u00e4.<br \/>\u2714 <strong>C-vitamiini<\/strong> - stimuloi elimist\u00f6n luonnollista kollageenin synteesi\u00e4.<br \/>\u2714 <strong>Nestem\u00e4inen kaava<\/strong> - helppok\u00e4ytt\u00f6isyys ja aktiivisten ainesosien nopea imeytyminen<\/p>","protected":false},"featured_media":32154,"comment_status":"open","ping_status":"closed","template":"","meta":{"_acf_changed":false},"product_brand":[421],"product_cat":[273,57,393,274,123,275],"product_tag":[],"class_list":{"0":"post-32125","1":"product","2":"type-product","3":"status-publish","4":"has-post-thumbnail","6":"product_brand-dr-ohhira","7":"product_cat-odai-plaukams-nagams","8":"product_cat-akcijos","9":"product_cat-dovanu-idejos","10":"product_cat-odos-jaunyste","11":"product_cat-papildai-ilgaamziskumui","12":"product_cat-plauku-ir-nagu-prieziura","14":"first","15":"instock","16":"sale","17":"shipping-taxable","18":"purchasable","19":"product-type-simple"},"acf":[],"tiered_pricing_type":"fixed","tiered_pricing_fixed_rules":[],"tiered_pricing_product_settings":{"layout":"default","base_unit_name":{"singular":null,"plural":null},"default_variation":null},"tiered_pricing_minimum_quantity":null,"tiered_pricing_roles_data":[],"tiered_pricing_percentage_rules":[],"_links":{"self":[{"href":"https:\/\/purama.lt\/fi\/wp-json\/wp\/v2\/product\/32125","targetHints":{"allow":["GET"]}}],"collection":[{"href":"https:\/\/purama.lt\/fi\/wp-json\/wp\/v2\/product"}],"about":[{"href":"https:\/\/purama.lt\/fi\/wp-json\/wp\/v2\/types\/product"}],"replies":[{"embeddable":true,"href":"https:\/\/purama.lt\/fi\/wp-json\/wp\/v2\/comments?post=32125"}],"wp:featuredmedia":[{"embeddable":true,"href":"https:\/\/purama.lt\/fi\/wp-json\/wp\/v2\/media\/32154"}],"wp:attachment":[{"href":"https:\/\/purama.lt\/fi\/wp-json\/wp\/v2\/media?parent=32125"}],"wp:term":[{"taxonomy":"product_brand","embeddable":true,"href":"https:\/\/purama.lt\/fi\/wp-json\/wp\/v2\/product_brand?post=32125"},{"taxonomy":"product_cat","embeddable":true,"href":"https:\/\/purama.lt\/fi\/wp-json\/wp\/v2\/product_cat?post=32125"},{"taxonomy":"product_tag","embeddable":true,"href":"https:\/\/purama.lt\/fi\/wp-json\/wp\/v2\/product_tag?post=32125"}],"curies":[{"name":"wp","href":"https:\/\/api.w.org\/{rel}","templated":true}]}}