{"id":32124,"date":"2025-02-04T13:13:43","date_gmt":"2025-02-04T13:13:43","guid":{"rendered":"https:\/\/purama.lt\/produktas\/nacific-green-tea-cica-collagen-gel-mask-kolageno-geline-kauke-su-zaliosios-arbatos-ir-azijines-centeles-kompleksu\/"},"modified":"2026-04-10T13:03:25","modified_gmt":"2026-04-10T11:03:25","slug":"nacific-geelimainen-kollageenikasvonaamio-vihrealla-teella-ja-aasialaisella-centella-kompleksilla","status":"publish","type":"product","link":"https:\/\/purama.lt\/fi\/produktas\/nacific-geline-kolageno-veido-kauke-su-zaliosios-arbatos-ir-azijines-centeles-kompleksu\/","title":{"rendered":"NACIFIC kollageenigeelikasvonaamio vihre\u00e4n teen ja aasialaisen Centella-kompleksin kanssa"},"content":{"rendered":"<h4 class=\"wp-block-heading\"><strong>Miten NACIFIC Green Tea Cica Collagen Gel Mask toimii?<\/strong><\/h4>\n\n\n\n<ul class=\"wp-block-list\">\n<li><strong>Kosteuttaa ja elvytt\u00e4\u00e4 ihoa syv\u00e4sti.<\/strong>, antaa sille pysyv\u00e4n mukavuuden<\/li>\n\n\n\n<li><strong>Rauhoittaa herkk\u00e4\u00e4 ja \u00e4rtynytt\u00e4 ihoa<\/strong>, v\u00e4hent\u00e4\u00e4 punoitusta ja tulehdusta<\/li>\n\n\n\n<li><strong>Parantaa ihon kimmoisuutta<\/strong>, vahvistaa suojamuuria<\/li>\n\n\n\n<li><strong>Suojaa vapailta radikaaleilta<\/strong>, edist\u00e4\u00e4 terveen n\u00e4k\u00f6ist\u00e4 ihoa<\/li>\n<\/ul>\n\n\n\n<h4 class=\"wp-block-heading\"><strong>Kuinka k\u00e4ytt\u00e4\u00e4:<\/strong><\/h4>\n\n\n\n<ol class=\"wp-block-list\">\n<li>Puhdista kasvot huolellisesti ja taputtele iho kuivaksi.<\/li>\n\n\n\n<li>Poista naamio pakkauksesta ja levit\u00e4 se kasvoillesi sovittamalla se tiukasti ihosi \u00e4\u00e4riviivoihin.<\/li>\n\n\n\n<li>J\u00e4t\u00e4 se k\u00e4yntiin <strong>15-20 minuuttia<\/strong>, imeytym\u00e4\u00e4n aktiivisiin ainesosiin.<\/li>\n\n\n\n<li>Poista naamio ja hiero j\u00e4ljelle j\u00e4\u00e4nyt seerumi ihoon - ei tarvitse huuhdella.<\/li>\n<\/ol>\n\n\n\n<p><strong>Ainesosat:<\/strong> Kollageeni, vihre\u00e4 teeuute, aasialainen Centella-kompleksi, hyaluronihappo, kasviper\u00e4iset antioksidantit, kosteuttavat ainesosat.<\/p>\n\n\n\n<p><strong>NACIFIC Vihre\u00e4 tee Cica kollageenigeelinaamio<\/strong> - Tehohoito iholle, joka kosteuttaa, rauhoittaa ja tekee ihosta joustavan.<\/p>","protected":false},"excerpt":{"rendered":"<p><strong>NACIFIC Green Tea Cica kollageenigeelinaamio - kollageenigeelinaamio, jossa on vihre\u00e4\u00e4 teet\u00e4 ja aasialainen centella-kompleksi<\/strong> - Intensiivisesti kosteuttava ja rauhoittava kasvohoito, joka on rikastettu kollageenilla, vihre\u00e4n teen uutteella ja aasialaisella centella-kompleksilla. Ainutlaatuinen koostumus auttaa palauttamaan ihon kosteustasapainon, rauhoittaa \u00e4rsytyst\u00e4 ja vahvistaa ihon kimmoisuutta, jolloin iho s\u00e4teilee ja on sile\u00e4. Kevyen geelim\u00e4isen koostumuksensa ansiosta naamio kiinnittyy t\u00e4ydellisesti ihoon ja siirt\u00e4\u00e4 tehokkaasti aktiiviset ainesosat intensiivisen vaikutuksen aikaansaamiseksi.<\/p>\n<p><strong>Miksi valita NACIFIC-geelikollageenikasvonaamio vihre\u00e4n teen ja Aasian Centella-kompleksin kanssa?<\/strong><\/p>\n<p>\u2714 <strong>Kollageeni<\/strong> - auttaa yll\u00e4pit\u00e4m\u00e4\u00e4n ihon kiinteytt\u00e4 ja kimmoisuutta<br \/>\u2714 <strong>Vihre\u00e4n teen uute<\/strong> - Toimii voimakkaana antioksidanttina, joka suojaa ymp\u00e4rist\u00f6stressilt\u00e4.<br \/>\u2714 <strong>Aasian Centella Complex<\/strong> - rauhoittaa \u00e4rtynytt\u00e4 ihoa ja auttaa palauttamaan sen luonnollisen puolustuskyvyn.<br \/>\u2714 <strong>Geelin rakenne<\/strong> - kosteuttaa intensiivisesti, viilent\u00e4\u00e4 ja antaa mukavuuden tunteen.<br \/>\u2714 <strong>Sopii kaikille ihotyypeille<\/strong>, erityisesti herk\u00e4lle ja \u00e4rtyneelle iholle<\/p>","protected":false},"featured_media":32135,"comment_status":"open","ping_status":"closed","template":"","meta":{"_acf_changed":false},"product_brand":[440],"product_cat":[92,500,142,59],"product_tag":[],"class_list":{"0":"post-32124","1":"product","2":"type-product","3":"status-publish","4":"has-post-thumbnail","6":"product_brand-nacific","7":"product_cat-groziui","8":"product_cat-outlet","9":"product_cat-veido-kaukes","10":"product_cat-veidui","12":"first","13":"instock","14":"sale","15":"shipping-taxable","16":"purchasable","17":"product-type-simple"},"acf":[],"tiered_pricing_type":"fixed","tiered_pricing_fixed_rules":[],"tiered_pricing_product_settings":{"layout":"default","base_unit_name":{"singular":null,"plural":null},"default_variation":null},"tiered_pricing_minimum_quantity":null,"tiered_pricing_roles_data":[],"tiered_pricing_percentage_rules":[],"_links":{"self":[{"href":"https:\/\/purama.lt\/fi\/wp-json\/wp\/v2\/product\/32124","targetHints":{"allow":["GET"]}}],"collection":[{"href":"https:\/\/purama.lt\/fi\/wp-json\/wp\/v2\/product"}],"about":[{"href":"https:\/\/purama.lt\/fi\/wp-json\/wp\/v2\/types\/product"}],"replies":[{"embeddable":true,"href":"https:\/\/purama.lt\/fi\/wp-json\/wp\/v2\/comments?post=32124"}],"wp:featuredmedia":[{"embeddable":true,"href":"https:\/\/purama.lt\/fi\/wp-json\/wp\/v2\/media\/32135"}],"wp:attachment":[{"href":"https:\/\/purama.lt\/fi\/wp-json\/wp\/v2\/media?parent=32124"}],"wp:term":[{"taxonomy":"product_brand","embeddable":true,"href":"https:\/\/purama.lt\/fi\/wp-json\/wp\/v2\/product_brand?post=32124"},{"taxonomy":"product_cat","embeddable":true,"href":"https:\/\/purama.lt\/fi\/wp-json\/wp\/v2\/product_cat?post=32124"},{"taxonomy":"product_tag","embeddable":true,"href":"https:\/\/purama.lt\/fi\/wp-json\/wp\/v2\/product_tag?post=32124"}],"curies":[{"name":"wp","href":"https:\/\/api.w.org\/{rel}","templated":true}]}}