{"id":32123,"date":"2025-02-04T13:13:43","date_gmt":"2025-02-04T13:13:43","guid":{"rendered":"https:\/\/purama.lt\/produktas\/nacific-rice-pepta-collagen-gel-mask-kolageno-geline-veido-kauke-su-peptidu-kompleksu-ir-ryziu-ekstraktu\/"},"modified":"2026-04-10T13:03:25","modified_gmt":"2026-04-10T11:03:25","slug":"nacific-rice-pepta-gel-collagen-kasvonaamio-jossa-on-peptidikompleksi-ja-riisiuutetta","status":"publish","type":"product","link":"https:\/\/purama.lt\/fi\/produktas\/nacific-rice-pepta-geline-kolageno-veido-kauke-su-peptidu-kompleksu-ir-ryziu-ekstraktu\/","title":{"rendered":"NACIFIC RICE PEPTA geelim\u00e4inen kollageenikasvonaamio, jossa on peptidikompleksi ja riisiuute."},"content":{"rendered":"<h4 class=\"wp-block-heading\"><strong>Miten NACIFIC RICE PEPTA Collagen Gel Mask toimii?<\/strong><\/h4>\n\n\n\n<ul class=\"wp-block-list\">\n<li><strong>Kosteuttaa syv\u00e4kosteuttavaa ja palauttaa ihoa<\/strong>antaa sille joustavuutta<\/li>\n\n\n\n<li><strong>V\u00e4hent\u00e4\u00e4 v\u00e4symyksen merkkej\u00e4<\/strong>tasoittaa ihon pintaa ja antaa s\u00e4teilev\u00e4n hehkun.<\/li>\n\n\n\n<li><strong>Vahvistaa ihon suojamuuria<\/strong>s\u00e4ilytt\u00e4\u00e4 luonnollisen kosteustasapainonsa<\/li>\n\n\n\n<li><strong>Edist\u00e4\u00e4 ihon uudistumista<\/strong>v\u00e4hent\u00e4\u00e4 kuivuutta ja tarjoaa pitk\u00e4kestoista mukavuutta.<\/li>\n<\/ul>\n\n\n\n<h4 class=\"wp-block-heading\"><strong>Kuinka k\u00e4ytt\u00e4\u00e4:<\/strong><\/h4>\n\n\n\n<ol class=\"wp-block-list\">\n<li>Puhdista kasvot huolellisesti ja taputtele iho kuivaksi.<\/li>\n\n\n\n<li>Poista naamio pakkauksesta ja levit\u00e4 se kasvoillesi sovittamalla se tiukasti ihosi \u00e4\u00e4riviivoihin.<\/li>\n\n\n\n<li>J\u00e4t\u00e4 se k\u00e4yntiin <strong>15-20 minuuttia<\/strong>imeytym\u00e4\u00e4n aktiivisiin ainesosiin.<\/li>\n\n\n\n<li>Poista naamio ja hiero j\u00e4ljelle j\u00e4\u00e4nyt seerumi varovasti ihoon - huuhtelua ei tarvita.<\/li>\n<\/ol>\n\n\n\n<p><strong>Ainesosat:<\/strong> Kollageeni, peptidikompleksi, riisiuute, hyaluronihappo, luonnolliset kosteuttajat, antioksidantit.<\/p>\n\n\n\n<p><strong>NACIFIC RICE PEPTA kollageenigeelinaamio<\/strong> - Intensiivinen ihonhoito, joka antaa kosteutta, kimmoisuutta ja moitteetonta pehmeytt\u00e4.<\/p>","protected":false},"excerpt":{"rendered":"<p><strong>NACIFIC RICE PEPTA kollageenigeelinaamio<\/strong> - intensiivisesti kosteuttava ja korjaava geelikasvonaamio, joka on rikastettu <strong>kollageeni, peptidikompleksi ja riisiuute<\/strong>jotka auttavat vahvistamaan ihon rakennetta, edist\u00e4v\u00e4t ihon uudistumista ja antavat sille luonnollisen hehkun. Kevyt geelim\u00e4inen koostumus tarjoaa syv\u00e4kosteutusta, sileytt\u00e4 ja mukavuutta, kun taas huolellisesti valitut aktiiviset ainesosat edist\u00e4v\u00e4t syv\u00e4sti kosteutettua, sile\u00e4\u00e4 ja miellytt\u00e4v\u00e4\u00e4 ihoa. <strong>ihon kimmoisuus ja nuorekas ulkon\u00e4k\u00f6<\/strong>.<\/p>\n<h4><strong>Miksi valita NACIFIC RICE PEPTA kollageenigeelinaamio?<\/strong><\/h4>\n<p>\u2714 <strong>Kollageeni<\/strong> - yll\u00e4pit\u00e4\u00e4 ihon kiinteytt\u00e4 ja v\u00e4hent\u00e4\u00e4 juonteita.<br \/>\u2714 <strong>Peptidikompleksi<\/strong> - vahvistaa ihoestett\u00e4, edist\u00e4\u00e4 ihon uusiutumista ja kimmoisuutta.<br \/>\u2714 <strong>Riisiuute<\/strong> - ravitsee, kirkastaa ja j\u00e4tt\u00e4\u00e4 ihon silkkisen sile\u00e4ksi.<br \/>\u2714 <strong>Geelin rakenne<\/strong> - antaa intensiivist\u00e4 kosteutusta ja miellytt\u00e4v\u00e4n viilent\u00e4v\u00e4n vaikutuksen<br \/>\u2714 <strong>Sopii kaikille ihotyypeille<\/strong>erityisesti v\u00e4syneelle, kuivalle ja kyps\u00e4lle iholle<\/p>","protected":false},"featured_media":32171,"comment_status":"open","ping_status":"closed","template":"","meta":{"_acf_changed":false},"product_brand":[440],"product_cat":[92,500,142,59],"product_tag":[],"class_list":{"0":"post-32123","1":"product","2":"type-product","3":"status-publish","4":"has-post-thumbnail","6":"product_brand-nacific","7":"product_cat-groziui","8":"product_cat-outlet","9":"product_cat-veido-kaukes","10":"product_cat-veidui","12":"first","13":"instock","14":"sale","15":"shipping-taxable","16":"purchasable","17":"product-type-simple"},"acf":[],"tiered_pricing_type":"fixed","tiered_pricing_fixed_rules":[],"tiered_pricing_product_settings":{"layout":"default","base_unit_name":{"singular":null,"plural":null},"default_variation":null},"tiered_pricing_minimum_quantity":null,"tiered_pricing_roles_data":[],"tiered_pricing_percentage_rules":[],"_links":{"self":[{"href":"https:\/\/purama.lt\/fi\/wp-json\/wp\/v2\/product\/32123","targetHints":{"allow":["GET"]}}],"collection":[{"href":"https:\/\/purama.lt\/fi\/wp-json\/wp\/v2\/product"}],"about":[{"href":"https:\/\/purama.lt\/fi\/wp-json\/wp\/v2\/types\/product"}],"replies":[{"embeddable":true,"href":"https:\/\/purama.lt\/fi\/wp-json\/wp\/v2\/comments?post=32123"}],"wp:featuredmedia":[{"embeddable":true,"href":"https:\/\/purama.lt\/fi\/wp-json\/wp\/v2\/media\/32171"}],"wp:attachment":[{"href":"https:\/\/purama.lt\/fi\/wp-json\/wp\/v2\/media?parent=32123"}],"wp:term":[{"taxonomy":"product_brand","embeddable":true,"href":"https:\/\/purama.lt\/fi\/wp-json\/wp\/v2\/product_brand?post=32123"},{"taxonomy":"product_cat","embeddable":true,"href":"https:\/\/purama.lt\/fi\/wp-json\/wp\/v2\/product_cat?post=32123"},{"taxonomy":"product_tag","embeddable":true,"href":"https:\/\/purama.lt\/fi\/wp-json\/wp\/v2\/product_tag?post=32123"}],"curies":[{"name":"wp","href":"https:\/\/api.w.org\/{rel}","templated":true}]}}