{"id":32122,"date":"2025-02-04T13:13:43","date_gmt":"2025-02-04T13:13:43","guid":{"rendered":"https:\/\/purama.lt\/produktas\/nacific-uyu-cream-nourishing-maitinamoji-lakstine-veido-kauke\/"},"modified":"2026-04-10T13:03:25","modified_gmt":"2026-04-10T11:03:25","slug":"nacific-uyu-cream-ravitseva-ravitseva-kasvonaamio-nacific-uyu-cream-nourishing-nourishing-sheet-face-mask","status":"publish","type":"product","link":"https:\/\/purama.lt\/fi\/produktas\/nacific-uyu-cream-nourishing-maitinamoji-lakstine-veido-kauke\/","title":{"rendered":"NACIFIC UYU Cream Nourishing ravitseva ravitseva kasvonaamio levy kasvonaamio"},"content":{"rendered":"<h4 class=\"wp-block-heading\"><strong>Miten NACIFIC UYU Cream Nourishing toimii?<\/strong><\/h4>\n\n\n\n<ul class=\"wp-block-list\">\n<li><strong>Ravitsee ja kosteuttaa ihoa intensiivisesti.<\/strong>, antaa sille pysyv\u00e4n mukavuuden<\/li>\n\n\n\n<li><strong>Palauttaa ihon suojakerroksen<\/strong>, v\u00e4hent\u00e4\u00e4 kuivumista ja venymist\u00e4<\/li>\n\n\n\n<li><strong>Pehment\u00e4\u00e4 ja silottaa ihoa<\/strong>, antaa sille hehkua ja pehmeytt\u00e4<\/li>\n\n\n\n<li><strong>Auttaa torjumaan kuivuutta<\/strong>, antaa kimmoisuutta ja vahvistaa ihon rakennetta.<\/li>\n<\/ul>\n\n\n\n<h4 class=\"wp-block-heading\"><strong>Kuinka k\u00e4ytt\u00e4\u00e4:<\/strong><\/h4>\n\n\n\n<ol class=\"wp-block-list\">\n<li>Puhdista kasvot ja taputtele iho kuivaksi.<\/li>\n\n\n\n<li>Poista naamio pakkauksesta ja levit\u00e4 se kasvoillesi sovittamalla se tiukasti ihosi \u00e4\u00e4riviivoihin.<\/li>\n\n\n\n<li>J\u00e4t\u00e4 se k\u00e4yntiin <strong>15-20 minuuttia<\/strong>, jotta aktiiviset ainesosat voivat imeyty\u00e4.<\/li>\n\n\n\n<li>Poista naamio ja hiero j\u00e4ljelle j\u00e4\u00e4nyt seerumi varovasti ihoon - huuhtelua ei tarvita.<\/li>\n<\/ol>\n\n\n\n<p><strong>Ainesosat:<\/strong> Maitoproteiinit, kasvi\u00f6ljyt, kosteuttavat ainesosat, luonnolliset antioksidantit, ihoa vahvistavat aineet.<\/p>\n\n\n\n<p><strong>NACIFIC UYU Cream Ravitseva voide<\/strong> - Syv\u00e4sti ravitseva ja palauttava kasvonaamio, joka antaa pitk\u00e4kestoista pehmeytt\u00e4 ja mukavuutta.<\/p>","protected":false},"excerpt":{"rendered":"<p><strong>NACIFIC UYU Cream Ravitseva voide<\/strong> - intensiivisesti ravitseva ja kosteuttava kasvonaamio, kehitetty <strong>kuivalle, v\u00e4syneelle ja kuivuneelle iholle<\/strong>. Haettu osoitteesta <strong>maitoproteiineja, luonnollisia kasvi\u00f6ljyj\u00e4 ja kosteuttavia ainesosia.<\/strong>, T\u00e4m\u00e4 naamio ravitsee ihoa syv\u00e4sti, antaa sille kimmoisuutta ja auttaa palauttamaan sen suojakerroksen. Kevyt kermainen koostumus takaa pitk\u00e4kestoisen mukavuuden tunteen ja silkkisen pehmeyden.<\/p>\n<h4><strong>Miksi valita NACIFIC UYU Cream Nourishing?<\/strong><\/h4>\n<p>\u2714 <strong>Maidon proteiinit<\/strong> - ravitsee syv\u00e4sti ja vahvistaa ihon suojaverkkoa.<br \/>\u2714 <strong>Hydratointikompleksit<\/strong> - auttaa yll\u00e4pit\u00e4m\u00e4\u00e4n kosteustasapainoa pitk\u00e4ll\u00e4 aikav\u00e4lill\u00e4<br \/>\u2714 <strong>Kasvi\u00f6ljyt<\/strong> - Pehment\u00e4\u00e4, pehment\u00e4\u00e4 ja ehk\u00e4isee kuivumista.<br \/>\u2714 <strong>Levyrakenne<\/strong> - mahdollistaa aktiivisten ainesosien optimaalisen imeytymisen ihoon.<br \/>\u2714 <strong>Sopii kaikille ihotyypeille<\/strong>, erityisesti kuivalle ja herk\u00e4lle iholle<\/p>","protected":false},"featured_media":32173,"comment_status":"open","ping_status":"closed","template":"","meta":{"_acf_changed":false},"product_brand":[440],"product_cat":[92,500,142,59],"product_tag":[],"class_list":{"0":"post-32122","1":"product","2":"type-product","3":"status-publish","4":"has-post-thumbnail","6":"product_brand-nacific","7":"product_cat-groziui","8":"product_cat-outlet","9":"product_cat-veido-kaukes","10":"product_cat-veidui","12":"first","13":"instock","14":"sale","15":"shipping-taxable","16":"purchasable","17":"product-type-simple"},"acf":[],"tiered_pricing_type":"fixed","tiered_pricing_fixed_rules":[],"tiered_pricing_product_settings":{"layout":"default","base_unit_name":{"singular":null,"plural":null},"default_variation":null},"tiered_pricing_minimum_quantity":null,"tiered_pricing_roles_data":[],"tiered_pricing_percentage_rules":[],"_links":{"self":[{"href":"https:\/\/purama.lt\/fi\/wp-json\/wp\/v2\/product\/32122","targetHints":{"allow":["GET"]}}],"collection":[{"href":"https:\/\/purama.lt\/fi\/wp-json\/wp\/v2\/product"}],"about":[{"href":"https:\/\/purama.lt\/fi\/wp-json\/wp\/v2\/types\/product"}],"replies":[{"embeddable":true,"href":"https:\/\/purama.lt\/fi\/wp-json\/wp\/v2\/comments?post=32122"}],"wp:featuredmedia":[{"embeddable":true,"href":"https:\/\/purama.lt\/fi\/wp-json\/wp\/v2\/media\/32173"}],"wp:attachment":[{"href":"https:\/\/purama.lt\/fi\/wp-json\/wp\/v2\/media?parent=32122"}],"wp:term":[{"taxonomy":"product_brand","embeddable":true,"href":"https:\/\/purama.lt\/fi\/wp-json\/wp\/v2\/product_brand?post=32122"},{"taxonomy":"product_cat","embeddable":true,"href":"https:\/\/purama.lt\/fi\/wp-json\/wp\/v2\/product_cat?post=32122"},{"taxonomy":"product_tag","embeddable":true,"href":"https:\/\/purama.lt\/fi\/wp-json\/wp\/v2\/product_tag?post=32122"}],"curies":[{"name":"wp","href":"https:\/\/api.w.org\/{rel}","templated":true}]}}