{"id":32121,"date":"2025-02-04T13:13:42","date_gmt":"2025-02-04T13:13:42","guid":{"rendered":"https:\/\/purama.lt\/produktas\/nacific-hyal-panthenol-hydrating-drekinamoji-lakstine-veido-kauke\/"},"modified":"2026-04-10T13:03:25","modified_gmt":"2026-04-10T11:03:25","slug":"nacific-hyal-panthenol-hydrating-kosteuttava-kasvonaamio-nacific-hyal-panthenol-hydrating-moisturising-sheet-face-mask","status":"publish","type":"product","link":"https:\/\/purama.lt\/fi\/produktas\/nacific-hyal-panthenol-hydrating-drekinamoji-lakstine-veido-kauke\/","title":{"rendered":"NACIFIC Hyal Panthenol Hydrating Moisturising Sheet Face Mask -kasvonaamio"},"content":{"rendered":"<h4 class=\"wp-block-heading\">Miten NACIFIC Hyal Panthenol Hydrating toimii?<\/h4>\n\n\n\n<ul class=\"wp-block-list\">\n<li>Tarjoaa syv\u00e4kosteutusta, v\u00e4hent\u00e4\u00e4 venymisen ja kuivuuden tunnetta.<\/li>\n\n\n\n<li>Rauhoittaa \u00e4rtynytt\u00e4 ihoa ja auttaa vahvistamaan sen luonnollista puolustuskyky\u00e4.<\/li>\n\n\n\n<li>Antaa iholle pehmeytt\u00e4, kimmoisuutta ja tervett\u00e4 hehkua.<\/li>\n\n\n\n<li>Yll\u00e4pit\u00e4\u00e4 kosteustasapainoa pitk\u00e4ll\u00e4 aikav\u00e4lill\u00e4, ehk\u00e4isee kuivumista.<\/li>\n<\/ul>\n\n\n\n<h4 class=\"wp-block-heading\">Kuinka k\u00e4ytt\u00e4\u00e4?<\/h4>\n\n\n\n<ol class=\"wp-block-list\">\n<li>Puhdista kasvot ja taputtele iho kuivaksi.<\/li>\n\n\n\n<li>Poista naamio pakkauksesta ja levit\u00e4 se kasvoillesi sovittamalla se tiukasti ihosi \u00e4\u00e4riviivoihin.<\/li>\n\n\n\n<li>Anna vaikuttaa 15-20 minuuttia, jotta aktiiviset ainesosat imeytyv\u00e4t syv\u00e4lle.<\/li>\n\n\n\n<li>Poista naamio ja hiero j\u00e4ljelle j\u00e4\u00e4nyt seerumi varovasti ihoon - huuhtelua ei tarvita.<\/li>\n<\/ol>\n\n\n\n<p><strong>Ainesosat:<\/strong> hyaluronihappoa, pantenolia, kosteuttavia ainesosia, ihonsuoja-aineita.<\/p>\n\n\n\n<p><strong>NACIFIC Hyal Panthenol Hydrating Hydrating (kosteuttava)<\/strong> - tehokosteuttaa ja suojaa ihoasi antaen sinulle pitk\u00e4kestoisen raikkauden ja mukavuuden tunteen.<\/p>","protected":false},"excerpt":{"rendered":"<p><strong>NACIFIC Hyal Panthenol Hydrating Hydrating (kosteuttava)<\/strong> - intensiivisesti kosteuttava kasvonaamio, joka on rikastettu <strong>hyaluronihappoa ja pantenolia<\/strong>, jotka auttavat <strong>Palauttaa ihon kosteustasapainon, v\u00e4hent\u00e4\u00e4 kuivuutta ja vahvistaa ihoestett\u00e4.<\/strong>. Kevyt ja herkk\u00e4 levytekstiili mahdollistaa aktiivisten ainesosien tehokkaan imeytymisen ihoon, mik\u00e4 takaa pitk\u00e4kestoisen kosteutuksen ja raikkauden tunteen.<\/p>\n<h4>Miksi valita NACIFIC Hyal Panthenol Hydrating?<\/h4>\n<p>\u2714 Hyaluronihappo - kosteuttaa ihoa voimakkaasti ja auttaa yll\u00e4pit\u00e4m\u00e4\u00e4n kosteustasapainoa pitk\u00e4ll\u00e4 aikav\u00e4lill\u00e4.<br \/>\u2714 Panthenol - rauhoittaa, suojaa ja vahvistaa ihon suojaavaa estett\u00e4.<br \/>\u2714 Levytekstuuri - optimaalinen aktiivisten ainesosien siirto ja mukavuus.<br \/>\u2714 Sopii kaikille ihotyypeille, erityisesti kuivalle ja herk\u00e4lle iholle, jolta puuttuu kosteutta.<\/p>","protected":false},"featured_media":32160,"comment_status":"open","ping_status":"closed","template":"","meta":{"_acf_changed":false},"product_brand":[440],"product_cat":[92,142,59],"product_tag":[],"class_list":{"0":"post-32121","1":"product","2":"type-product","3":"status-publish","4":"has-post-thumbnail","6":"product_brand-nacific","7":"product_cat-groziui","8":"product_cat-veido-kaukes","9":"product_cat-veidui","11":"first","12":"instock","13":"shipping-taxable","14":"purchasable","15":"product-type-simple"},"acf":[],"tiered_pricing_type":"fixed","tiered_pricing_fixed_rules":[],"tiered_pricing_product_settings":{"layout":"default","base_unit_name":{"singular":null,"plural":null},"default_variation":null},"tiered_pricing_minimum_quantity":null,"tiered_pricing_roles_data":[],"tiered_pricing_percentage_rules":[],"_links":{"self":[{"href":"https:\/\/purama.lt\/fi\/wp-json\/wp\/v2\/product\/32121","targetHints":{"allow":["GET"]}}],"collection":[{"href":"https:\/\/purama.lt\/fi\/wp-json\/wp\/v2\/product"}],"about":[{"href":"https:\/\/purama.lt\/fi\/wp-json\/wp\/v2\/types\/product"}],"replies":[{"embeddable":true,"href":"https:\/\/purama.lt\/fi\/wp-json\/wp\/v2\/comments?post=32121"}],"wp:featuredmedia":[{"embeddable":true,"href":"https:\/\/purama.lt\/fi\/wp-json\/wp\/v2\/media\/32160"}],"wp:attachment":[{"href":"https:\/\/purama.lt\/fi\/wp-json\/wp\/v2\/media?parent=32121"}],"wp:term":[{"taxonomy":"product_brand","embeddable":true,"href":"https:\/\/purama.lt\/fi\/wp-json\/wp\/v2\/product_brand?post=32121"},{"taxonomy":"product_cat","embeddable":true,"href":"https:\/\/purama.lt\/fi\/wp-json\/wp\/v2\/product_cat?post=32121"},{"taxonomy":"product_tag","embeddable":true,"href":"https:\/\/purama.lt\/fi\/wp-json\/wp\/v2\/product_tag?post=32121"}],"curies":[{"name":"wp","href":"https:\/\/api.w.org\/{rel}","templated":true}]}}