{"id":32120,"date":"2025-02-04T13:13:42","date_gmt":"2025-02-04T13:13:42","guid":{"rendered":"https:\/\/purama.lt\/produktas\/nacific-origin-peptide-reviving-lakstine-veido-kauke-su-peptidu-kompleksu\/"},"modified":"2026-04-10T13:03:25","modified_gmt":"2026-04-10T11:03:25","slug":"nacific-origin-peptide-reviving-sheet-kasvonaamio-peptidikompleksin-kanssa","status":"publish","type":"product","link":"https:\/\/purama.lt\/fi\/produktas\/nacific-origin-peptide-reviving-lakstine-veido-kauke-su-peptidu-kompleksu\/","title":{"rendered":"NACIFIC Origin Peptide Reviving kasvonaamio, jossa on peptidikompleksi"},"content":{"rendered":"<h4 class=\"wp-block-heading\"><strong>Miten NACIFIC Origin Peptide Reviving toimii?<\/strong><\/h4>\n\n\n\n<ul class=\"wp-block-list\">\n<li><strong>Palauttava ja kosteuttava koostumus<\/strong> auttaa v\u00e4hent\u00e4m\u00e4\u00e4n v\u00e4symyksen merkkej\u00e4 ja tarjoaa kest\u00e4v\u00e4\u00e4 mukavuutta.<\/li>\n\n\n\n<li><strong>Parantaa ihon kimmoisuutta<\/strong>, vahvistaa ihoestett\u00e4 ja antaa sile\u00e4n tunteen.<\/li>\n\n\n\n<li><strong>Kosteuttaa syv\u00e4sti<\/strong>, yll\u00e4pit\u00e4\u00e4 ihon luonnollista kosteustasapainoa ja v\u00e4hent\u00e4\u00e4 ihon kuivumista.<\/li>\n\n\n\n<li><strong>Edist\u00e4\u00e4 ihon uudistumista<\/strong>, auttaa torjumaan ensimm\u00e4isi\u00e4 ryppyj\u00e4 ja yll\u00e4pit\u00e4\u00e4 nuorekasta ulkon\u00e4k\u00f6\u00e4.<\/li>\n<\/ul>\n\n\n\n<h4 class=\"wp-block-heading\"><strong>Kuinka k\u00e4ytt\u00e4\u00e4:<\/strong><\/h4>\n\n\n\n<ol class=\"wp-block-list\">\n<li>Puhdista kasvot ja taputtele iho kuivaksi.<\/li>\n\n\n\n<li>Poista naamio pakkauksesta ja levit\u00e4 se kasvoillesi sovittamalla se tiukasti ihosi \u00e4\u00e4riviivoihin.<\/li>\n\n\n\n<li>J\u00e4t\u00e4 se k\u00e4yntiin <strong>15-20 minuuttia<\/strong>, jotta aktiiviset ainesosat imeytyv\u00e4t syv\u00e4lle.<\/li>\n\n\n\n<li>Poista naamio ja hiero j\u00e4ljelle j\u00e4\u00e4nyt seerumi varovasti ihoon - huuhtelua ei tarvita.<\/li>\n<\/ol>\n\n\n\n<p><strong>Ainesosat:<\/strong> peptidikompleksi, kosteuttavat ainesosat, antioksidantit, ihoa vahvistavat aineet.<\/p>\n\n\n\n<p><strong>NACIFIC Origin Peptidi elvytt\u00e4v\u00e4<\/strong> - Intensiivinen ihonhoitonaamio, joka antaa kosteutta, kiinteytt\u00e4 ja pitk\u00e4aikaista elinvoimaa.<\/p>","protected":false},"excerpt":{"rendered":"<p><strong>NACIFIC Origin Peptidi elvytt\u00e4v\u00e4<\/strong> - intensiivinen palauttava ja kiinteytt\u00e4v\u00e4 naamio, joka on rikastettu seuraavilla aineilla <strong>peptidikompleksi<\/strong>, joka auttaa <strong>vahvistaa ihon rakennetta, edist\u00e4\u00e4 ihon uudistumista ja yll\u00e4pit\u00e4\u00e4 kimmoisuutta.<\/strong>. Levynaamion kevyt koostumus varmistaa, ett\u00e4 aktiiviset ainesosat imeytyv\u00e4t syv\u00e4lle ihoon ja tarjoavat intensiivist\u00e4 kosteutusta, sile\u00e4n tunteen ja terveen hehkun.<\/p>\n<h4><strong>Miksi valita NACIFIC Origin Peptide Reviving?<\/strong><\/h4>\n<p>\u2714 <strong>Peptidikompleksi<\/strong> - vahvistaa ihon suojamuuria, edist\u00e4\u00e4 uudistumista ja lis\u00e4\u00e4 ihon kimmoisuutta.<br \/>\u2714 <strong>Kosteuttavat komponentit<\/strong> - pitk\u00e4kestoinen kosteutus, joka auttaa pit\u00e4m\u00e4\u00e4n ihon pehme\u00e4n\u00e4.<br \/>\u2714 <strong>Kiinteytt\u00e4v\u00e4 kaava<\/strong> - V\u00e4hent\u00e4\u00e4 juonteita ja ryppyj\u00e4 ja j\u00e4tt\u00e4\u00e4 ihon sile\u00e4n n\u00e4k\u00f6iseksi.<br \/>\u2714 <strong>Levyn rakenne<\/strong> - varmistaa tehoaineiden optimaalisen imeytymisen<br \/>\u2714 <strong>Sopii kaikille ihotyypeille<\/strong>, erityisesti kyps\u00e4lle, v\u00e4syneelle ja v\u00e4syneelle v\u00e4est\u00f6lle.<\/p>","protected":false},"featured_media":32136,"comment_status":"open","ping_status":"closed","template":"","meta":{"_acf_changed":false},"product_brand":[440],"product_cat":[92,142,59],"product_tag":[],"class_list":{"0":"post-32120","1":"product","2":"type-product","3":"status-publish","4":"has-post-thumbnail","6":"product_brand-nacific","7":"product_cat-groziui","8":"product_cat-veido-kaukes","9":"product_cat-veidui","11":"first","12":"instock","13":"shipping-taxable","14":"purchasable","15":"product-type-simple"},"acf":[],"tiered_pricing_type":"fixed","tiered_pricing_fixed_rules":[],"tiered_pricing_product_settings":{"layout":"default","base_unit_name":{"singular":null,"plural":null},"default_variation":null},"tiered_pricing_minimum_quantity":null,"tiered_pricing_roles_data":[],"tiered_pricing_percentage_rules":[],"_links":{"self":[{"href":"https:\/\/purama.lt\/fi\/wp-json\/wp\/v2\/product\/32120","targetHints":{"allow":["GET"]}}],"collection":[{"href":"https:\/\/purama.lt\/fi\/wp-json\/wp\/v2\/product"}],"about":[{"href":"https:\/\/purama.lt\/fi\/wp-json\/wp\/v2\/types\/product"}],"replies":[{"embeddable":true,"href":"https:\/\/purama.lt\/fi\/wp-json\/wp\/v2\/comments?post=32120"}],"wp:featuredmedia":[{"embeddable":true,"href":"https:\/\/purama.lt\/fi\/wp-json\/wp\/v2\/media\/32136"}],"wp:attachment":[{"href":"https:\/\/purama.lt\/fi\/wp-json\/wp\/v2\/media?parent=32120"}],"wp:term":[{"taxonomy":"product_brand","embeddable":true,"href":"https:\/\/purama.lt\/fi\/wp-json\/wp\/v2\/product_brand?post=32120"},{"taxonomy":"product_cat","embeddable":true,"href":"https:\/\/purama.lt\/fi\/wp-json\/wp\/v2\/product_cat?post=32120"},{"taxonomy":"product_tag","embeddable":true,"href":"https:\/\/purama.lt\/fi\/wp-json\/wp\/v2\/product_tag?post=32120"}],"curies":[{"name":"wp","href":"https:\/\/api.w.org\/{rel}","templated":true}]}}