{"id":32119,"date":"2025-02-04T13:13:42","date_gmt":"2025-02-04T13:13:42","guid":{"rendered":"https:\/\/purama.lt\/produktas\/nacific-salicylic-acid-clarifying-mask-lakstine-veido-kauke-su-salicilo-rugstimi\/"},"modified":"2026-04-10T13:03:25","modified_gmt":"2026-04-10T11:03:25","slug":"nacific-salisyylihappoa-selventava-naamio-salisyylihappoa-sisaltava-kasvonaamio","status":"publish","type":"product","link":"https:\/\/purama.lt\/fi\/produktas\/nacific-salicylic-acid-clarifying-mask-lakstine-veido-kauke-su-salicilo-rugstimi\/","title":{"rendered":"NACIFIC Salisyylihappo selvent\u00e4v\u00e4 naamio Sheet kasvonaamio salisyylihapolla"},"content":{"rendered":"<h4 class=\"wp-block-heading\">Miten NACIFIC Salicylic Acid Clarifying Mask toimii?<\/h4>\n\n\n\n<ul class=\"wp-block-list\">\n<li>Syv\u00e4puhdistaa huokoset, auttaa v\u00e4hent\u00e4m\u00e4\u00e4n mustap\u00e4it\u00e4 ja aknea.<\/li>\n\n\n\n<li>Kuorii hell\u00e4varaisesti poistamaan kuolleita ihosoluja.<\/li>\n\n\n\n<li>S\u00e4\u00e4telee talintuotantoa mattapintaiseksi<\/li>\n\n\n\n<li>Rauhoittaa \u00e4rsytyst\u00e4, v\u00e4hent\u00e4\u00e4 punoitusta ja yll\u00e4pit\u00e4\u00e4 ihon tasapainoa.<\/li>\n<\/ul>\n\n\n\n<h4 class=\"wp-block-heading\">Kuinka k\u00e4ytt\u00e4\u00e4?<\/h4>\n\n\n\n<ol class=\"wp-block-list\">\n<li>Puhdista kasvot ja taputtele iho kuivaksi.<\/li>\n\n\n\n<li>Poista naamio pakkauksesta ja levit\u00e4 se kasvoillesi sovittamalla se tiukasti ihosi \u00e4\u00e4riviivoihin.<\/li>\n\n\n\n<li>Anna vaikuttaa 15-20 minuuttia, jotta aktiiviset ainesosat imeytyv\u00e4t syv\u00e4lle.<\/li>\n\n\n\n<li>Poista naamio ja hiero j\u00e4ljelle j\u00e4\u00e4nyt seerumi varovasti ihoon - huuhtelua ei tarvita.<\/li>\n<\/ol>\n\n\n\n<p><strong>Ainesosat:<\/strong> Salisyylihappoa, kosteuttavia ainesosia, talinerityst\u00e4 s\u00e4\u00e4televi\u00e4 aineita, ihoa rauhoittavia uutteita.<\/p>\n\n\n\n<p><strong>NACIFIC salisyylihappo selvent\u00e4v\u00e4 naamio<\/strong> - Puhdistava ja tasapainottava naamio, joka antaa pitk\u00e4kestoisen puhtauden ja raikkauden tunteen.<\/p>","protected":false},"excerpt":{"rendered":"<p><strong>NACIFIC salisyylihappo selvent\u00e4v\u00e4 naamio<\/strong> - syv\u00e4puhdistava ja huokosia puhdistava kasvonaamio, joka on rikastettu seuraavilla aineilla <strong>salisyylihappo<\/strong>, joka auttaa <strong>kuorii ihoa hell\u00e4varaisesti, s\u00e4\u00e4telee talinerityst\u00e4 ja torjuu ihon virheit\u00e4.<\/strong>. Kevyt, levym\u00e4inen koostumus varmistaa, ett\u00e4 aktiiviset ainesosat imeytyv\u00e4t syv\u00e4lle ihoon, jolloin iho tuntuu raikkaalta, puhtaalta ja tasapainoisesti kosteutetulta.<\/p>\n<p><strong>Miksi valita NACIFIC Salisyylihappo selkeytt\u00e4v\u00e4 naamio?<\/strong><\/p>\n<p>\u2714 Salisyylihappo - puhdistaa tehokkaasti huokoset, auttaa v\u00e4hent\u00e4m\u00e4\u00e4n aknea ja tulehdusta.<br \/>\u2714 Kosteuttavia ainesosia - yll\u00e4pit\u00e4\u00e4 ihon kosteustasapainoa ja ehk\u00e4isee kuivumista.<br \/>\u2714 \u00d6ljy\u00e4 s\u00e4\u00e4telev\u00e4 koostumus - antaa mattapinnan ja v\u00e4hent\u00e4\u00e4 kiiltoa.<br \/>\u2714 Maitohappoinen koostumus - mahdollistaa aktiivisten ainesosien imeytymisen ihoon tasaisesti.<br \/>\u2714 Sopii sekaiholle, rasvaiselle ja akneen taipuvaiselle iholle.<\/p>","protected":false},"featured_media":32172,"comment_status":"open","ping_status":"closed","template":"","meta":{"_acf_changed":false},"product_brand":[440],"product_cat":[92,142,59],"product_tag":[],"class_list":{"0":"post-32119","1":"product","2":"type-product","3":"status-publish","4":"has-post-thumbnail","6":"product_brand-nacific","7":"product_cat-groziui","8":"product_cat-veido-kaukes","9":"product_cat-veidui","11":"first","12":"instock","13":"shipping-taxable","14":"purchasable","15":"product-type-simple"},"acf":[],"tiered_pricing_type":"fixed","tiered_pricing_fixed_rules":[],"tiered_pricing_product_settings":{"layout":"default","base_unit_name":{"singular":null,"plural":null},"default_variation":null},"tiered_pricing_minimum_quantity":null,"tiered_pricing_roles_data":[],"tiered_pricing_percentage_rules":[],"_links":{"self":[{"href":"https:\/\/purama.lt\/fi\/wp-json\/wp\/v2\/product\/32119","targetHints":{"allow":["GET"]}}],"collection":[{"href":"https:\/\/purama.lt\/fi\/wp-json\/wp\/v2\/product"}],"about":[{"href":"https:\/\/purama.lt\/fi\/wp-json\/wp\/v2\/types\/product"}],"replies":[{"embeddable":true,"href":"https:\/\/purama.lt\/fi\/wp-json\/wp\/v2\/comments?post=32119"}],"wp:featuredmedia":[{"embeddable":true,"href":"https:\/\/purama.lt\/fi\/wp-json\/wp\/v2\/media\/32172"}],"wp:attachment":[{"href":"https:\/\/purama.lt\/fi\/wp-json\/wp\/v2\/media?parent=32119"}],"wp:term":[{"taxonomy":"product_brand","embeddable":true,"href":"https:\/\/purama.lt\/fi\/wp-json\/wp\/v2\/product_brand?post=32119"},{"taxonomy":"product_cat","embeddable":true,"href":"https:\/\/purama.lt\/fi\/wp-json\/wp\/v2\/product_cat?post=32119"},{"taxonomy":"product_tag","embeddable":true,"href":"https:\/\/purama.lt\/fi\/wp-json\/wp\/v2\/product_tag?post=32119"}],"curies":[{"name":"wp","href":"https:\/\/api.w.org\/{rel}","templated":true}]}}