{"id":32116,"date":"2025-02-04T13:13:41","date_gmt":"2025-02-04T13:13:41","guid":{"rendered":"https:\/\/purama.lt\/produktas\/nacific-cica-tea-tree-relaxing-mask-atpalaiduojanti-lakstine-veido-kauke\/"},"modified":"2026-04-10T13:03:25","modified_gmt":"2026-04-10T11:03:25","slug":"nacific-cica-tea-tree-relaxing-mask-rentouttava-kasvonaamio-rentouttava-kasvonaamio","status":"publish","type":"product","link":"https:\/\/purama.lt\/fi\/produktas\/nacific-cica-tea-tree-relaxing-mask-atpalaiduojanti-lakstine-veido-kauke\/","title":{"rendered":"NACIFIC Cica Tea Tree Relaxing Mask Rentouttava kasvonaamio Rentouttava kasvonaamiolevy"},"content":{"rendered":"<h4 class=\"wp-block-heading\">Miten NACIFIC Cica Tea Tree Relaxing Mask toimii?<\/h4>\n\n\n\n<ul class=\"wp-block-list\">\n<li>Rauhoittaa \u00e4rtynytt\u00e4 ja herkk\u00e4\u00e4 ihoa, v\u00e4hent\u00e4\u00e4 punoitusta.<\/li>\n\n\n\n<li>Kosteuttaa syv\u00e4kosteutta ja vahvistaa ihon suojakerrosta.<\/li>\n\n\n\n<li>Tasapainottaa talintuotantoa ja antaa mattapintaisen vaikutelman.<\/li>\n\n\n\n<li>Virkist\u00e4\u00e4 ja tasapainottaa ihoa terveen ulkon\u00e4\u00f6n saavuttamiseksi.<\/li>\n<\/ul>\n\n\n\n<h4 class=\"wp-block-heading\">Kuinka k\u00e4ytt\u00e4\u00e4?<\/h4>\n\n\n\n<ol class=\"wp-block-list\">\n<li>Puhdista kasvot ja taputtele iho kuivaksi.<\/li>\n\n\n\n<li>Poista naamio pakkauksesta ja levit\u00e4 se kasvoillesi sovittamalla se tiukasti ihosi \u00e4\u00e4riviivoihin.<\/li>\n\n\n\n<li>Anna vaikuttaa 15-20 minuuttia, jotta aktiiviset ainesosat imeytyv\u00e4t syv\u00e4lle.<\/li>\n\n\n\n<li>Poista naamio ja hiero j\u00e4ljelle j\u00e4\u00e4nyt seerumi varovasti ihoon - huuhtelua ei tarvita.<\/li>\n<\/ol>\n\n\n\n<p><strong>Ainesosat:<\/strong> Aasialainen Centella-uute (Cica), teepuuuute, kosteuttavia ainesosia, ihonsuoja-aineita.<\/p>\n\n\n\n<p><strong>NACIFIC Cica Teepuu rentouttava naamio<\/strong> - Voimakkaasti rauhoittava naamio, joka antaa raikkaan ja pitk\u00e4kestoisen tunteen.<\/p>","protected":false},"excerpt":{"rendered":"<p><strong>NACIFIC Cica Teepuu rentouttava naamio<\/strong> - intensiivisesti rauhoittava ja ihoa tasapainottava kasvonaamio, joka on rikastettu <strong>Aasialaisen Centellan (Cica) ja teepuun uutteet.<\/strong>, jotka auttavat <strong>v\u00e4hent\u00e4\u00e4 punoitusta, rauhoittaa \u00e4rtynytt\u00e4 ihoa ja vahvistaa suojamuuria.<\/strong>. Hell\u00e4varainen koostumus antaa syv\u00e4\u00e4 kosteutusta ja mukavuuden tunnetta, ja kevyt levym\u00e4inen koostumus mahdollistaa aktiivisten ainesosien nopean imeytymisen.<\/p>\n<p><strong>Miksi valita NACIFIC Cica Tea Tree Relaxing Mask?<\/strong><\/p>\n<p>\u2714 Aasialainen Centella-uute (Cica) - rauhoittaa \u00e4rtynytt\u00e4 ihoa ja vahvistaa suojaavaa estett\u00e4.<br \/>\u2714 Teepuuuute - v\u00e4hent\u00e4\u00e4 punoitusta, tasapainottaa talinerityst\u00e4.<br \/>\u2714 Kosteuttavia komponentteja - tarjoaa pitk\u00e4kestoista kosteutusta ja raikkaan tunteen.<br \/>\u2714 Levytekstuuri - mahdollistaa aktiivisten ainesosien tunkeutumisen syv\u00e4lle ihoon.<br \/>\u2714 Sopii kaikille ihotyypeille, erityisesti herk\u00e4lle ja \u00e4rtyneelle iholle.<\/p>","protected":false},"featured_media":32134,"comment_status":"open","ping_status":"closed","template":"","meta":{"_acf_changed":false},"product_brand":[440],"product_cat":[92,500,142,59],"product_tag":[],"class_list":{"0":"post-32116","1":"product","2":"type-product","3":"status-publish","4":"has-post-thumbnail","6":"product_brand-nacific","7":"product_cat-groziui","8":"product_cat-outlet","9":"product_cat-veido-kaukes","10":"product_cat-veidui","12":"first","13":"instock","14":"sale","15":"shipping-taxable","16":"purchasable","17":"product-type-simple"},"acf":[],"tiered_pricing_type":"fixed","tiered_pricing_fixed_rules":[],"tiered_pricing_product_settings":{"layout":"default","base_unit_name":{"singular":null,"plural":null},"default_variation":null},"tiered_pricing_minimum_quantity":null,"tiered_pricing_roles_data":[],"tiered_pricing_percentage_rules":[],"_links":{"self":[{"href":"https:\/\/purama.lt\/fi\/wp-json\/wp\/v2\/product\/32116","targetHints":{"allow":["GET"]}}],"collection":[{"href":"https:\/\/purama.lt\/fi\/wp-json\/wp\/v2\/product"}],"about":[{"href":"https:\/\/purama.lt\/fi\/wp-json\/wp\/v2\/types\/product"}],"replies":[{"embeddable":true,"href":"https:\/\/purama.lt\/fi\/wp-json\/wp\/v2\/comments?post=32116"}],"wp:featuredmedia":[{"embeddable":true,"href":"https:\/\/purama.lt\/fi\/wp-json\/wp\/v2\/media\/32134"}],"wp:attachment":[{"href":"https:\/\/purama.lt\/fi\/wp-json\/wp\/v2\/media?parent=32116"}],"wp:term":[{"taxonomy":"product_brand","embeddable":true,"href":"https:\/\/purama.lt\/fi\/wp-json\/wp\/v2\/product_brand?post=32116"},{"taxonomy":"product_cat","embeddable":true,"href":"https:\/\/purama.lt\/fi\/wp-json\/wp\/v2\/product_cat?post=32116"},{"taxonomy":"product_tag","embeddable":true,"href":"https:\/\/purama.lt\/fi\/wp-json\/wp\/v2\/product_tag?post=32116"}],"curies":[{"name":"wp","href":"https:\/\/api.w.org\/{rel}","templated":true}]}}