{"id":32115,"date":"2025-02-04T13:13:41","date_gmt":"2025-02-04T13:13:41","guid":{"rendered":"https:\/\/purama.lt\/produktas\/nacific-niacinamide-brightening-mask-sviesinanti-lakstine-veido-kauke-su-niacinamidu\/"},"modified":"2026-04-10T13:03:25","modified_gmt":"2026-04-10T11:03:25","slug":"nacific-niasiiniamidi-kirkastava-naamio-kirkastava-kasvonaamio-niasiiniamidilla","status":"publish","type":"product","link":"https:\/\/purama.lt\/fi\/produktas\/nacific-niacinamide-brightening-mask-sviesinanti-lakstine-veido-kauke-su-niacinamidu\/","title":{"rendered":"NACIFIC Niasiiniamidi kirkastava naamio Kirkastava kasvonaamio, jossa on niasiiniamidi"},"content":{"rendered":"<h4 class=\"wp-block-heading\">Miten NACIFIC Herb Retinol Relief Mask Pack toimii?<\/h4>\n\n\n\n<ul class=\"wp-block-list\">\n<li>Stimuloi ihon uudistumista, j\u00e4tt\u00e4en sen pehme\u00e4ksi ja kiinte\u00e4ksi.<\/li>\n\n\n\n<li>V\u00e4hent\u00e4\u00e4 juonteita ja parantaa ihon kimmoisuutta.<\/li>\n\n\n\n<li>Rauhoittaa \u00e4rtynytt\u00e4 ihoa, auttaa vahvistamaan suojaverkkoa.<\/li>\n\n\n\n<li>Syv\u00e4kosteuttaa, ehk\u00e4isee kuivumista ja antaa terveen hehkun.<\/li>\n<\/ul>\n\n\n\n<h4 class=\"wp-block-heading\">Kuinka k\u00e4ytt\u00e4\u00e4?<\/h4>\n\n\n\n<ol class=\"wp-block-list\">\n<li>Puhdista kasvot ja taputtele iho kuivaksi.<\/li>\n\n\n\n<li>Poista naamio pakkauksesta ja levit\u00e4 se kasvoillesi sovittamalla se tiukasti ihosi \u00e4\u00e4riviivoihin.<\/li>\n\n\n\n<li>Anna vaikuttaa 15-20 minuuttia, jotta aktiiviset ainesosat imeytyv\u00e4t syv\u00e4lle.<\/li>\n\n\n\n<li>Poista naamio ja hiero j\u00e4ljelle j\u00e4\u00e4nyt seerumi varovasti ihoon - huuhtelua ei tarvita.<\/li>\n<\/ol>\n\n\n\n<p><strong>Ainesosat:<\/strong> retinolia, kasviuutteita, kosteuttavia ainesosia, ihoa suojaavia aineita.<\/p>\n\n\n\n<p><strong>NACIFIC Herb Retinol Relief Mask Pack -kasvonaamion pakkaus<\/strong> - Ihoa korjaava ja nuorentava naamio, joka edist\u00e4\u00e4 ihon heleytt\u00e4 ja sileytt\u00e4.<\/p>","protected":false},"excerpt":{"rendered":"<p><strong>NACIFIC Niasiiniamidi kirkastava naamio<\/strong> - intensiivisesti kirkastava kasvonaamio, joka on rikastettu <strong>Niasiiniamidi<\/strong>, joka auttaa <strong>V\u00e4hent\u00e4\u00e4 pigmenttil\u00e4iski\u00e4, tasoittaa ihon s\u00e4vy\u00e4 ja antaa luonnollisen hehkun.<\/strong>. Kosteuttavat ainesosat suojaavat ihoa kuivuudelta, kun taas kevyt levym\u00e4inen koostumus antaa aktiivisten ainesosien imeyty\u00e4 syv\u00e4lle, mik\u00e4 antaa pitk\u00e4kestoista kosteutusta ja raikkauden tunnetta.<\/p>\n<p><strong>Miksi valita NACIFIC Niasiiniamidi kirkastava naamio?<\/strong><\/p>\n<p>\u2714 Niasiiniamidi - kirkastaa ihoa, v\u00e4hent\u00e4\u00e4 pigmenttil\u00e4iski\u00e4 ja antaa tasaisen ihonv\u00e4rin.<br \/>\u2714 Kosteuttavia ainesosia - yll\u00e4pit\u00e4\u00e4 ihon kosteustasapainoa ja ehk\u00e4isee kuivumista.<br \/>\u2714 Antioksidantit - auttavat torjumaan ymp\u00e4rist\u00f6vahinkoja ja suojaavat ennenaikaiselta vanhenemiselta.<br \/>\u2714 Levytekstuuri - takaa aktiivisten ainesosien optimaalisen imeytymisen.<br \/>\u2714 Sopii kaikille ihotyypeille, erityisesti tyls\u00e4lle, v\u00e4syneelle ja ep\u00e4tasaiselle ihons\u00e4vylle.<\/p>","protected":false},"featured_media":32170,"comment_status":"open","ping_status":"closed","template":"","meta":{"_acf_changed":false},"product_brand":[440],"product_cat":[92,142,59],"product_tag":[],"class_list":{"0":"post-32115","1":"product","2":"type-product","3":"status-publish","4":"has-post-thumbnail","6":"product_brand-nacific","7":"product_cat-groziui","8":"product_cat-veido-kaukes","9":"product_cat-veidui","11":"first","12":"instock","13":"shipping-taxable","14":"purchasable","15":"product-type-simple"},"acf":[],"tiered_pricing_type":"fixed","tiered_pricing_fixed_rules":[],"tiered_pricing_product_settings":{"layout":"default","base_unit_name":{"singular":null,"plural":null},"default_variation":null},"tiered_pricing_minimum_quantity":null,"tiered_pricing_roles_data":[],"tiered_pricing_percentage_rules":[],"_links":{"self":[{"href":"https:\/\/purama.lt\/fi\/wp-json\/wp\/v2\/product\/32115","targetHints":{"allow":["GET"]}}],"collection":[{"href":"https:\/\/purama.lt\/fi\/wp-json\/wp\/v2\/product"}],"about":[{"href":"https:\/\/purama.lt\/fi\/wp-json\/wp\/v2\/types\/product"}],"replies":[{"embeddable":true,"href":"https:\/\/purama.lt\/fi\/wp-json\/wp\/v2\/comments?post=32115"}],"wp:featuredmedia":[{"embeddable":true,"href":"https:\/\/purama.lt\/fi\/wp-json\/wp\/v2\/media\/32170"}],"wp:attachment":[{"href":"https:\/\/purama.lt\/fi\/wp-json\/wp\/v2\/media?parent=32115"}],"wp:term":[{"taxonomy":"product_brand","embeddable":true,"href":"https:\/\/purama.lt\/fi\/wp-json\/wp\/v2\/product_brand?post=32115"},{"taxonomy":"product_cat","embeddable":true,"href":"https:\/\/purama.lt\/fi\/wp-json\/wp\/v2\/product_cat?post=32115"},{"taxonomy":"product_tag","embeddable":true,"href":"https:\/\/purama.lt\/fi\/wp-json\/wp\/v2\/product_tag?post=32115"}],"curies":[{"name":"wp","href":"https:\/\/api.w.org\/{rel}","templated":true}]}}