{"id":32111,"date":"2025-02-04T13:13:40","date_gmt":"2025-02-04T13:13:40","guid":{"rendered":"https:\/\/purama.lt\/produktas\/cosrx-clear-fit-master-patch-pleistrai-spuogams\/"},"modified":"2026-04-10T13:03:25","modified_gmt":"2026-04-10T11:03:25","slug":"cosrx-clear-fit-master-patch-akne-laastarit","status":"publish","type":"product","link":"https:\/\/purama.lt\/fi\/produktas\/cosrx-clear-fit-master-patch-pleistrai-spuogams\/","title":{"rendered":"COSRX Clear fit master patch akne laastarit"},"content":{"rendered":"<h4 class=\"wp-block-heading\"><strong>Miten COSRX Clear Fit Master -laastari toimii?<\/strong><\/h4>\n\n\n\n<ul class=\"wp-block-list\">\n<li>V\u00e4hent\u00e4\u00e4 aknen punoitusta ja auttaa sit\u00e4 h\u00e4vi\u00e4m\u00e4\u00e4n nopeammin.<\/li>\n\n\n\n<li>S\u00e4ilytt\u00e4\u00e4 kosteuden, ehk\u00e4isee arpia<\/li>\n\n\n\n<li>Suojaa aknea bakteereilta ja ulkoisilta tekij\u00f6ilt\u00e4.<\/li>\n\n\n\n<li>Imeytt\u00e4\u00e4 ylim\u00e4\u00e4r\u00e4isen talin ja ep\u00e4puhtaudet, ehk\u00e4isee tulehduksia.<\/li>\n<\/ul>\n\n\n\n<h4 class=\"wp-block-heading\"><strong>Kuinka k\u00e4ytt\u00e4\u00e4?<\/strong><\/h4>\n\n\n\n<ol class=\"wp-block-list\">\n<li>Puhdista ja kuivaa iho.<\/li>\n\n\n\n<li>Valitse sopivan kokoinen laastari ja levit\u00e4 se n\u00e4ppyl\u00e4\u00e4n tai ongelma-alueelle.<\/li>\n\n\n\n<li>J\u00e4t\u00e4 se k\u00e4yntiin <strong>6-8 tuntia<\/strong> tai niin paljon kuin tarvitset.<\/li>\n\n\n\n<li>Poista laastari ja vaihda se tarvittaessa uuteen.<\/li>\n<\/ol>\n\n\n\n<p><strong>Ainesosat:<\/strong> hydrokolloidisia, suojaavia ja kosteuttavia komponentteja.<\/p>\n\n\n\n<p><strong>COSRX Clear Fit Master -laastari<\/strong> - huomaamaton mutta eritt\u00e4in tehokas ratkaisu aknen hoitoon p\u00e4iv\u00e4ll\u00e4!<\/p>\n\n\n\n<p>Etsitk\u00f6 lis\u00e4\u00e4? Katso kaikki <a href=\"\/fi\/tuoteselosteet\/cosrx\/\">COSRX-valikoima<\/a>.<\/p>","protected":false},"excerpt":{"rendered":"<p><strong>COSRX Clear Fit Master -laastari<\/strong> - ohut, l\u00e4hes n\u00e4kym\u00e4t\u00f6n <strong>hydrokolloidilaastarit akneen<\/strong>, auttaa <strong>nopeuttaa ihon paranemista, v\u00e4hent\u00e4\u00e4 punoitusta ja suojaa ulkoisilta \u00e4rsykkeilt\u00e4.<\/strong>. Eritt\u00e4in ohuen rakenteensa ansiosta n\u00e4m\u00e4 laastarit kiinnittyv\u00e4t t\u00e4ydellisesti ihoon, ja niit\u00e4 voidaan k\u00e4ytt\u00e4\u00e4 jopa meikin alla, mik\u00e4 auttaa tehokkaasti v\u00e4hent\u00e4m\u00e4\u00e4n aknen n\u00e4kyvyytt\u00e4 p\u00e4iv\u00e4n aikana. Akne voi olla sek\u00e4 ep\u00e4miellytt\u00e4v\u00e4 iho\u00e4rsytys ett\u00e4 esteettinen ongelma, joten... <strong>COSRX Clear Fit Master -laastari<\/strong> on erityisesti suunniteltu <strong>nopeuttaa ihon paranemista, v\u00e4hent\u00e4\u00e4 tulehdusta ja est\u00e4\u00e4 bakteereja vahingoittamasta herkki\u00e4 alueita.<\/strong>.<\/p>\n<h4><strong>Miksi valita COSRX Clear Fit Master Patch?<\/strong><\/h4>\n<p>\u2714 <strong>Ohut ja huomaamaton<\/strong> - Ihanteellinen p\u00e4iv\u00e4k\u00e4ytt\u00f6\u00f6n, jopa meikin alle.<br \/>\u2714 <strong>V\u00e4hent\u00e4\u00e4 punoitusta ja turvotusta<\/strong> - auttaa lievitt\u00e4m\u00e4\u00e4n aknea nopeammin<br \/>\u2714 <strong>Suojaa ulkoisilta \u00e4rsykkeilt\u00e4<\/strong> - est\u00e4\u00e4 bakteerien ja lian p\u00e4\u00e4syn akneen.<br \/>\u2714 <strong>Hydrokolloidinen aine<\/strong> - Imeytt\u00e4\u00e4 ylim\u00e4\u00e4r\u00e4isen talin ja ep\u00e4puhtaudet edist\u00e4\u00e4kseen ihon uudistumista.<br \/>\u2714 <strong>Sopii kaikille ihotyypeille<\/strong>, erityisen altis aknelle ja tulehduksille<\/p>","protected":false},"featured_media":32165,"comment_status":"open","ping_status":"closed","template":"","meta":{"_acf_changed":false},"product_brand":[418],"product_cat":[92,142,59],"product_tag":[],"class_list":{"0":"post-32111","1":"product","2":"type-product","3":"status-publish","4":"has-post-thumbnail","6":"product_brand-cosrx","7":"product_cat-groziui","8":"product_cat-veido-kaukes","9":"product_cat-veidui","11":"first","12":"instock","13":"shipping-taxable","14":"purchasable","15":"product-type-simple"},"acf":[],"tiered_pricing_type":"fixed","tiered_pricing_fixed_rules":[],"tiered_pricing_product_settings":{"layout":"default","base_unit_name":{"singular":null,"plural":null},"default_variation":null},"tiered_pricing_minimum_quantity":null,"tiered_pricing_roles_data":[],"tiered_pricing_percentage_rules":[],"_links":{"self":[{"href":"https:\/\/purama.lt\/fi\/wp-json\/wp\/v2\/product\/32111","targetHints":{"allow":["GET"]}}],"collection":[{"href":"https:\/\/purama.lt\/fi\/wp-json\/wp\/v2\/product"}],"about":[{"href":"https:\/\/purama.lt\/fi\/wp-json\/wp\/v2\/types\/product"}],"replies":[{"embeddable":true,"href":"https:\/\/purama.lt\/fi\/wp-json\/wp\/v2\/comments?post=32111"}],"wp:featuredmedia":[{"embeddable":true,"href":"https:\/\/purama.lt\/fi\/wp-json\/wp\/v2\/media\/32165"}],"wp:attachment":[{"href":"https:\/\/purama.lt\/fi\/wp-json\/wp\/v2\/media?parent=32111"}],"wp:term":[{"taxonomy":"product_brand","embeddable":true,"href":"https:\/\/purama.lt\/fi\/wp-json\/wp\/v2\/product_brand?post=32111"},{"taxonomy":"product_cat","embeddable":true,"href":"https:\/\/purama.lt\/fi\/wp-json\/wp\/v2\/product_cat?post=32111"},{"taxonomy":"product_tag","embeddable":true,"href":"https:\/\/purama.lt\/fi\/wp-json\/wp\/v2\/product_tag?post=32111"}],"curies":[{"name":"wp","href":"https:\/\/api.w.org\/{rel}","templated":true}]}}