{"id":32110,"date":"2025-02-04T13:13:40","date_gmt":"2025-02-04T13:13:40","guid":{"rendered":"https:\/\/purama.lt\/produktas\/cosrx-master-patch-originall-fit-pleistrai-nuo-spuogu\/"},"modified":"2026-04-10T13:03:25","modified_gmt":"2026-04-10T11:03:25","slug":"cosrx-master-patch-originall-fit-akne-laastarit","status":"publish","type":"product","link":"https:\/\/purama.lt\/fi\/produktas\/cosrx-master-patch-originall-fit-pleistrai-nuo-spuogu\/","title":{"rendered":"COSRX Master Patch Originall FIT akne laastarit"},"content":{"rendered":"<h4 class=\"wp-block-heading\"><strong>Miten COSRX Master Patch Original Fit toimii?<\/strong><\/h4>\n\n\n\n<ul class=\"wp-block-list\">\n<li>Imukykyinen hydrokolloidi auttaa poistamaan ep\u00e4puhtauksia ja ylim\u00e4\u00e4r\u00e4ist\u00e4 talia.<\/li>\n\n\n\n<li>V\u00e4hent\u00e4\u00e4 aknen n\u00e4kyvyytt\u00e4 ja auttaa ihoa paranemaan nopeammin.<\/li>\n\n\n\n<li>S\u00e4ilytt\u00e4\u00e4 optimaalisen kosteuden ihon nopeampaa paranemista varten<\/li>\n\n\n\n<li>Suojaa vaurioitunutta aluetta ulkoisilta \u00e4rsytt\u00e4vilt\u00e4 aineilta ja bakteereilta.<\/li>\n<\/ul>\n\n\n\n<h4 class=\"wp-block-heading\"><strong>Kuinka k\u00e4ytt\u00e4\u00e4?<\/strong><\/h4>\n\n\n\n<ol class=\"wp-block-list\">\n<li>Puhdista ja kuivaa iho.<\/li>\n\n\n\n<li>Valitse sopivan kokoinen laastari ja levit\u00e4 se n\u00e4ppyl\u00e4\u00e4n tai ongelma-alueelle.<\/li>\n\n\n\n<li>J\u00e4t\u00e4 se k\u00e4yntiin <strong>6-8 tuntia tai y\u00f6n yli<\/strong>.<\/li>\n\n\n\n<li>Poista laastari ja vaihda se tarvittaessa uuteen.<\/li>\n<\/ol>\n\n\n\n<p><strong>Ainesosat:<\/strong> hydrokolloidia, suojaavia ja kosteuttavia aineita.<\/p>\n\n\n\n<p><strong>COSRX Master Patch Original Fit<\/strong> - Nopea ja tehokas tapa torjua aknea ja suojata ihoa \u00e4rsytykselt\u00e4 ja arpeutumiselta.<\/p>\n\n\n\n<p>Etsitk\u00f6 lis\u00e4\u00e4? Katso kaikki <a href=\"\/fi\/tuoteselosteet\/cosrx\/\">COSRX-valikoima<\/a>.<\/p>","protected":false},"excerpt":{"rendered":"<p><strong>COSRX Master Patch Original Fit<\/strong> - huomaamaton, tehokas ja helppok\u00e4ytt\u00f6inen <strong>hydrokolloidilaastarit<\/strong>, auttaa <strong>nopeuttaa aknen paranemista, suojaa vaurioitunutta ihoa ja v\u00e4hent\u00e4\u00e4 tulehdusta.<\/strong>. Ohuet ja l\u00e4hes n\u00e4kym\u00e4tt\u00f6m\u00e4t laastarit mukautuvat ihoon, imev\u00e4t itseens\u00e4 likaa ja yll\u00e4pit\u00e4v\u00e4t optimaalista kosteustasapainoa auttaen ihoa toipumaan nopeammin. Akne voi olla sek\u00e4 kivulias ett\u00e4 esteettinen ongelma, mink\u00e4 vuoksi <strong>COSRX Master Patch Original Fit<\/strong> on erityisesti suunniteltu <strong>v\u00e4hent\u00e4\u00e4 aknen n\u00e4kyvyytt\u00e4 ja nopeuttaa paranemista.<\/strong>, est\u00e4\u00e4 bakteereja vahingoittamasta ihoa entisest\u00e4\u00e4n.<\/p>\n<p><strong>Miksi valita COSRX Master Patch Original Fit?<\/strong><\/p>\n<p>\u2714 <strong>Nopeuttaa aknen paranemista<\/strong> - imee likaa ja v\u00e4hent\u00e4\u00e4 tulehdusta<br \/>\u2714 <strong>Suojaa ihoa<\/strong> - est\u00e4\u00e4 bakteerien ja lian p\u00e4\u00e4syn vaurioituneelle alueelle.<br \/>\u2714 <strong>N\u00e4kym\u00e4t\u00f6n rakenne<\/strong> - ohuet, l\u00e4pin\u00e4kyv\u00e4t laastarit, jotka soveltuvat sek\u00e4 p\u00e4iv\u00e4- ett\u00e4 y\u00f6k\u00e4ytt\u00f6\u00f6n.<br \/>\u2714 <strong>Yll\u00e4pit\u00e4\u00e4 kosteustasapainoa<\/strong> - auttaa ihoa toipumaan nopeammin ilman arpia<br \/>\u2714 <strong>Sopii kaikille ihotyypeille<\/strong>, erityisesti rasvaiselle ja akneen taipuvaiselle iholle.<\/p>","protected":false},"featured_media":32157,"comment_status":"open","ping_status":"closed","template":"","meta":{"_acf_changed":false},"product_brand":[418],"product_cat":[92,142,59],"product_tag":[],"class_list":{"0":"post-32110","1":"product","2":"type-product","3":"status-publish","4":"has-post-thumbnail","6":"product_brand-cosrx","7":"product_cat-groziui","8":"product_cat-veido-kaukes","9":"product_cat-veidui","11":"first","12":"outofstock","13":"shipping-taxable","14":"purchasable","15":"product-type-simple"},"acf":[],"tiered_pricing_type":"fixed","tiered_pricing_fixed_rules":[],"tiered_pricing_product_settings":{"layout":"default","base_unit_name":{"singular":null,"plural":null},"default_variation":null},"tiered_pricing_minimum_quantity":null,"tiered_pricing_roles_data":[],"tiered_pricing_percentage_rules":[],"_links":{"self":[{"href":"https:\/\/purama.lt\/fi\/wp-json\/wp\/v2\/product\/32110","targetHints":{"allow":["GET"]}}],"collection":[{"href":"https:\/\/purama.lt\/fi\/wp-json\/wp\/v2\/product"}],"about":[{"href":"https:\/\/purama.lt\/fi\/wp-json\/wp\/v2\/types\/product"}],"replies":[{"embeddable":true,"href":"https:\/\/purama.lt\/fi\/wp-json\/wp\/v2\/comments?post=32110"}],"wp:featuredmedia":[{"embeddable":true,"href":"https:\/\/purama.lt\/fi\/wp-json\/wp\/v2\/media\/32157"}],"wp:attachment":[{"href":"https:\/\/purama.lt\/fi\/wp-json\/wp\/v2\/media?parent=32110"}],"wp:term":[{"taxonomy":"product_brand","embeddable":true,"href":"https:\/\/purama.lt\/fi\/wp-json\/wp\/v2\/product_brand?post=32110"},{"taxonomy":"product_cat","embeddable":true,"href":"https:\/\/purama.lt\/fi\/wp-json\/wp\/v2\/product_cat?post=32110"},{"taxonomy":"product_tag","embeddable":true,"href":"https:\/\/purama.lt\/fi\/wp-json\/wp\/v2\/product_tag?post=32110"}],"curies":[{"name":"wp","href":"https:\/\/api.w.org\/{rel}","templated":true}]}}