{"id":32108,"date":"2025-02-04T13:13:39","date_gmt":"2025-02-04T13:13:39","guid":{"rendered":"https:\/\/purama.lt\/produktas\/cosrx-ultimate-nourishing-rice-overnight-spa-mask-naktine-kauke\/"},"modified":"2026-04-10T13:03:25","modified_gmt":"2026-04-10T11:03:25","slug":"cosrx-ultimate-nourishing-rice-overnight-spa-naamio-yo-naamio-yo-naamio","status":"publish","type":"product","link":"https:\/\/purama.lt\/fi\/produktas\/cosrx-ultimate-nourishing-rice-overnight-spa-mask-naktine-kauke\/","title":{"rendered":"COSRX Ultimate Nourishing Rice Overnight Spa Naamio"},"content":{"rendered":"<h4 class=\"wp-block-heading\">Miten COSRX Ultimate Nourishing Rice Overnight Spa Mask toimii?<\/h4>\n\n\n\n<ul class=\"wp-block-list\">\n<li>Kosteuttaa ja ravitsee ihoa syv\u00e4sti unen aikana.<\/li>\n\n\n\n<li>Antaa s\u00e4teilev\u00e4n ja terveen ihon vaikutelman.<\/li>\n\n\n\n<li>Parantaa ihon kimmoisuutta ja pehmeytt\u00e4<\/li>\n\n\n\n<li>Auttaa tasoittamaan ihon s\u00e4vy\u00e4 ja v\u00e4hent\u00e4m\u00e4\u00e4n turvotusta.<\/li>\n<\/ul>\n\n\n\n<h4 class=\"wp-block-heading\">Kuinka k\u00e4ytt\u00e4\u00e4?<\/h4>\n\n\n\n<ol class=\"wp-block-list\">\n<li>Levit\u00e4 illalla, ihonhoitorutiinisi viimeisen\u00e4 osana, seuraavia tuotteita <strong>ohut kerros<\/strong> naamiot puhtaalle iholle.<\/li>\n\n\n\n<li>Anna sen imeyty\u00e4 - se toimii y\u00f6n yli.<\/li>\n\n\n\n<li>Huuhtele aamulla haalealla vedell\u00e4.<\/li>\n\n\n\n<li>Voidaan k\u00e4ytt\u00e4\u00e4 <strong>p\u00e4ivitt\u00e4in tai tarpeen mukaan<\/strong> kosteuttavana naamiona.<\/li>\n<\/ol>\n\n\n\n<p><strong>Ainesosat:<\/strong> Riisiuutetta, kosteuttavia ainesosia, antioksidantteja, ravitsevia \u00f6ljyj\u00e4.<\/p>\n\n\n\n<p><strong>COSRX Ultimate Nourishing Rice Overnight Spa Mask -ravintonaamio y\u00f6n yli<\/strong> - y\u00f6ihonhoito, joka antaa iholle pitk\u00e4kestoista kosteutusta, s\u00e4teilevyytt\u00e4 ja mukavuutta.<\/p>\n\n\n\n<p>Etsitk\u00f6 lis\u00e4\u00e4? Katso kaikki <a href=\"\/fi\/tuoteselosteet\/cosrx\/\">COSRX-valikoima<\/a>.<\/p>","protected":false},"excerpt":{"rendered":"<p><strong>COSRX Ultimate Nourishing Rice Overnight Spa Mask -ravintonaamio y\u00f6n yli<\/strong> - intensiivisesti kosteuttava ja ravitseva <strong>y\u00f6n kasvonaamio riisiuutteella<\/strong>, Suunniteltu elvytt\u00e4m\u00e4\u00e4n ja kirkastamaan ihoa y\u00f6n yli. Kevyt mutta t\u00e4ytel\u00e4inen koostumus <strong>kosteuttaa syv\u00e4lt\u00e4, pehment\u00e4\u00e4 ja auttaa tasoittamaan ihon s\u00e4vy\u00e4.<\/strong>, ja riisiuutteen vitamiinit ja antioksidantit stimuloivat ihon luonnollista uudistumista.<\/p>\n<p><strong>Miksi valita COSRX Ultimate Nourishing Rice Overnight Spa Mask?<br \/><\/strong>\u2714 Riisiuute - kirkastaa, pehment\u00e4\u00e4 ja kosteuttaa ihoa.<br \/>\u2714 Ravitseva koostumus - kosteuttaa syv\u00e4sti ja antaa iholle kimmoisuutta.<br \/>\u2714 Antioksidantit - auttavat suojaamaan ihoa ymp\u00e4rist\u00f6n aiheuttamilta vaurioilta.<br \/>\u2714 Kevyt koostumus - imeytyy nopeasti j\u00e4tt\u00e4m\u00e4tt\u00e4 rasvaista tunnetta.<br \/>\u2714 Sopii kaikille ihotyypeille, erityisesti kuivalle ja v\u00e4syneelle iholle.<\/p>","protected":false},"featured_media":32158,"comment_status":"open","ping_status":"closed","template":"","meta":{"_acf_changed":false},"product_brand":[418],"product_cat":[92,142,59],"product_tag":[],"class_list":{"0":"post-32108","1":"product","2":"type-product","3":"status-publish","4":"has-post-thumbnail","6":"product_brand-cosrx","7":"product_cat-groziui","8":"product_cat-veido-kaukes","9":"product_cat-veidui","11":"first","12":"instock","13":"shipping-taxable","14":"purchasable","15":"product-type-simple"},"acf":[],"tiered_pricing_type":"fixed","tiered_pricing_fixed_rules":[],"tiered_pricing_product_settings":{"layout":"default","base_unit_name":{"singular":null,"plural":null},"default_variation":null},"tiered_pricing_minimum_quantity":null,"tiered_pricing_roles_data":[],"tiered_pricing_percentage_rules":[],"_links":{"self":[{"href":"https:\/\/purama.lt\/fi\/wp-json\/wp\/v2\/product\/32108","targetHints":{"allow":["GET"]}}],"collection":[{"href":"https:\/\/purama.lt\/fi\/wp-json\/wp\/v2\/product"}],"about":[{"href":"https:\/\/purama.lt\/fi\/wp-json\/wp\/v2\/types\/product"}],"replies":[{"embeddable":true,"href":"https:\/\/purama.lt\/fi\/wp-json\/wp\/v2\/comments?post=32108"}],"wp:featuredmedia":[{"embeddable":true,"href":"https:\/\/purama.lt\/fi\/wp-json\/wp\/v2\/media\/32158"}],"wp:attachment":[{"href":"https:\/\/purama.lt\/fi\/wp-json\/wp\/v2\/media?parent=32108"}],"wp:term":[{"taxonomy":"product_brand","embeddable":true,"href":"https:\/\/purama.lt\/fi\/wp-json\/wp\/v2\/product_brand?post=32108"},{"taxonomy":"product_cat","embeddable":true,"href":"https:\/\/purama.lt\/fi\/wp-json\/wp\/v2\/product_cat?post=32108"},{"taxonomy":"product_tag","embeddable":true,"href":"https:\/\/purama.lt\/fi\/wp-json\/wp\/v2\/product_tag?post=32108"}],"curies":[{"name":"wp","href":"https:\/\/api.w.org\/{rel}","templated":true}]}}