{"id":32106,"date":"2025-02-04T13:13:39","date_gmt":"2025-02-04T13:13:39","guid":{"rendered":"https:\/\/purama.lt\/produktas\/cosrx-advanced-snail-92-all-in-one-cream-tube-veido-kremas\/"},"modified":"2026-04-10T13:03:24","modified_gmt":"2026-04-10T11:03:24","slug":"cosrx-advanced-snail-92-all-in-one-cream-tuubinen-kasvovoide-kasvovesi","status":"publish","type":"product","link":"https:\/\/purama.lt\/fi\/produktas\/cosrx-advanced-snail-92-all-in-one-cream-tube-veido-kremas\/","title":{"rendered":"COSRX Advanced Snail 92 All in One Cream -tuubin kasvovoide"},"content":{"rendered":"<h4 class=\"wp-block-heading\">Miten COSRX Advanced Snail 92 All in One Cream Tube toimii?<\/h4>\n\n\n\n<ul class=\"wp-block-list\">\n<li>Kosteuttaa ja rauhoittaa \u00e4rtynytt\u00e4 ihoa antaen sille miellytt\u00e4v\u00e4n tunteen.<\/li>\n\n\n\n<li>Auttaa palauttamaan ihoesteen ja vahvistamaan sen suojaavia toimintoja.<\/li>\n\n\n\n<li>Antaa luonnollisen hehkun ja kimmoisuuden.<\/li>\n\n\n\n<li>V\u00e4hent\u00e4\u00e4 venytyksen tunnetta ja ehk\u00e4isee kuivumista.<\/li>\n<\/ul>\n\n\n\n<h4 class=\"wp-block-heading\">Kuinka k\u00e4ytt\u00e4\u00e4?<\/h4>\n\n\n\n<ol class=\"wp-block-list\">\n<li>Levit\u00e4 voidetta <strong>aamulla ja illalla<\/strong> puhtaalle iholle ihonhoitorutiinisi viimeisen\u00e4 osana.<\/li>\n\n\n\n<li>Hiero kevyesti imeytymisen helpottamiseksi.<\/li>\n\n\n\n<li>Voidaan k\u00e4ytt\u00e4\u00e4 yhdess\u00e4 muiden kosteuttavien tai korjaavien tuotteiden kanssa.<\/li>\n<\/ol>\n\n\n\n<p><strong>Ainesosat:<\/strong> 92% Suodatettu etanan erityksen uute, kosteuttavia ainesosia, ihoa rauhoittavia uutteita, antioksidantteja.<\/p>\n\n\n\n<p><strong>COSRX Advanced Snail 92 All in One Cream -tuubi (etana 92 kaikki yhdess\u00e4)<\/strong> - intensiivinen kosteutus ja ihon korjaaminen pehmeytt\u00e4 ja kimmoisuutta lis\u00e4\u00e4v\u00e4 vaikutus.<\/p>\n\n\n\n<p>Etsitk\u00f6 lis\u00e4\u00e4? Katso kaikki <a href=\"\/fi\/tuoteselosteet\/cosrx\/\">COSRX-valikoima<\/a>.<\/p>","protected":false},"excerpt":{"rendered":"<p><strong>COSRX Advanced Snail 92 All in One Cream -tuubi (etana 92 kaikki yhdess\u00e4)<\/strong> - intensiivisesti kosteuttava, palauttava ja rauhoittava kasvovoide, jossa on <strong>92% Suodatettu etanan eritteen uute<\/strong>, joka auttaa <strong>ravitsevat, suojaavat ja elvytt\u00e4v\u00e4t ihoa<\/strong>. Kevyen mutta eritt\u00e4in tehokkaan koostumuksensa ansiosta voide tekee ihosta joustavan, pehme\u00e4n ja luonnollisesti s\u00e4teilev\u00e4n ja auttaa torjumaan ihon kuivumista, \u00e4rsytyst\u00e4 ja juonteita.<\/p>\n<p><strong>Miksi valita COSRX Advanced Snail 92 All in One Cream Tube?<\/strong><\/p>\n<p>\u2714 92% Etanoiden eritysuute - kosteuttaa intensiivisesti, rauhoittaa ja auttaa korjaamaan ihoa.<br \/>\u2714 Kevyt mutta ravitseva koostumus - imeytyy nopeasti painamatta ihoa.<br \/>\u2714 Auttaa torjumaan kuivaa ja \u00e4rtynytt\u00e4 ihoa - rauhoittaa herkk\u00e4\u00e4 ihoa.<br \/>\u2714 Parantaa ihon kimmoisuutta ja tarjoaa pitk\u00e4kestoista kosteutusta.<br \/>\u2714 Sopii kaikille ihotyypeille, erityisesti kuivalle, herk\u00e4lle ja kyps\u00e4lle iholle.<\/p>","protected":false},"featured_media":32155,"comment_status":"open","ping_status":"closed","template":"","meta":{"_acf_changed":false},"product_brand":[418],"product_cat":[92,55,59],"product_tag":[],"class_list":{"0":"post-32106","1":"product","2":"type-product","3":"status-publish","4":"has-post-thumbnail","6":"product_brand-cosrx","7":"product_cat-groziui","8":"product_cat-veido-kremai","9":"product_cat-veidui","11":"first","12":"instock","13":"shipping-taxable","14":"purchasable","15":"product-type-simple"},"acf":[],"tiered_pricing_type":"fixed","tiered_pricing_fixed_rules":[],"tiered_pricing_product_settings":{"layout":"default","base_unit_name":{"singular":null,"plural":null},"default_variation":null},"tiered_pricing_minimum_quantity":null,"tiered_pricing_roles_data":[],"tiered_pricing_percentage_rules":[],"_links":{"self":[{"href":"https:\/\/purama.lt\/fi\/wp-json\/wp\/v2\/product\/32106","targetHints":{"allow":["GET"]}}],"collection":[{"href":"https:\/\/purama.lt\/fi\/wp-json\/wp\/v2\/product"}],"about":[{"href":"https:\/\/purama.lt\/fi\/wp-json\/wp\/v2\/types\/product"}],"replies":[{"embeddable":true,"href":"https:\/\/purama.lt\/fi\/wp-json\/wp\/v2\/comments?post=32106"}],"wp:featuredmedia":[{"embeddable":true,"href":"https:\/\/purama.lt\/fi\/wp-json\/wp\/v2\/media\/32155"}],"wp:attachment":[{"href":"https:\/\/purama.lt\/fi\/wp-json\/wp\/v2\/media?parent=32106"}],"wp:term":[{"taxonomy":"product_brand","embeddable":true,"href":"https:\/\/purama.lt\/fi\/wp-json\/wp\/v2\/product_brand?post=32106"},{"taxonomy":"product_cat","embeddable":true,"href":"https:\/\/purama.lt\/fi\/wp-json\/wp\/v2\/product_cat?post=32106"},{"taxonomy":"product_tag","embeddable":true,"href":"https:\/\/purama.lt\/fi\/wp-json\/wp\/v2\/product_tag?post=32106"}],"curies":[{"name":"wp","href":"https:\/\/api.w.org\/{rel}","templated":true}]}}