{"id":32102,"date":"2025-02-04T13:13:38","date_gmt":"2025-02-04T13:13:38","guid":{"rendered":"https:\/\/purama.lt\/produktas\/cosrx-advanced-snail-96-mucin-power-essence-veido-esencija\/"},"modified":"2026-04-10T13:03:24","modified_gmt":"2026-04-10T11:03:24","slug":"cosrx-advanced-snail-96-mucin-power-essence-kasvojen-olemusoljy","status":"publish","type":"product","link":"https:\/\/purama.lt\/fi\/produktas\/cosrx-advanced-snail-96-mucin-power-essence-veido-esencija\/","title":{"rendered":"COSRX Advanced Snail 96 Mucin Power Essence kasvojen ydinvoide"},"content":{"rendered":"<h4 class=\"wp-block-heading\">Miten COSRX Advanced Snail 96 Mucin Power Essence toimii?<\/h4>\n\n\n\n<ul class=\"wp-block-list\">\n<li>Kosteuttaa ihoa intensiivisesti ja antaa sille luonnollisen hehkun.<\/li>\n\n\n\n<li>Auttaa palauttamaan ihon kimmoisuuden ja v\u00e4hent\u00e4m\u00e4\u00e4n juonteita ja ryppyj\u00e4.<\/li>\n\n\n\n<li>Vahvistaa ihon suojamuuria ja v\u00e4hent\u00e4\u00e4 \u00e4rsytyst\u00e4.<\/li>\n\n\n\n<li>Stimuloi ihon uudistumista, auttaa v\u00e4hent\u00e4m\u00e4\u00e4n arpia ja kuoppia.<\/li>\n<\/ul>\n\n\n\n<h4 class=\"wp-block-heading\">Kuinka k\u00e4ytt\u00e4\u00e4?<\/h4>\n\n\n\n<ol class=\"wp-block-list\">\n<li>Puhdistuksen ja kasvoveden poiston j\u00e4lkeen levit\u00e4 pieni m\u00e4\u00e4r\u00e4 essentiaalia puhtaalle iholle.<\/li>\n\n\n\n<li>Hiero varovasti sormilla, jotta se imeytyy paremmin.<\/li>\n\n\n\n<li>Jatka normaalia ihonhoitorutiinia seerumin ja voiteen avulla.<\/li>\n\n\n\n<li>Voidaan k\u00e4ytt\u00e4\u00e4 sek\u00e4 aamulla ett\u00e4 illalla.<\/li>\n<\/ol>\n\n\n\n<p><strong>Ainesosat: <\/strong>Suodatettu etanan eritteen uute, kosteuttavia ainesosia, ihoa suojaavia aineita, antioksidantteja.<\/p>\n\n\n\n<p><strong>COSRX Advanced Snail 96 Mucin Power Essence (etana 96 Mucin tehouute)<\/strong> - Intensiivisesti kosteuttava ja ihoa korjaava koostumus, joka takaa pitk\u00e4kestoisen mukavuuden ja terveen hehkun.<\/p>\n\n\n\n<p>Etsitk\u00f6 lis\u00e4\u00e4? Katso kaikki <a href=\"\/fi\/tuoteselosteet\/cosrx\/\">COSRX-valikoima<\/a>.<\/p>","protected":false},"excerpt":{"rendered":"<p><strong>COSRX Advanced Snail 96 Mucin Power Essence (etana 96 Mucin tehouute)<\/strong> - tiivistetty, intensiivisesti kosteuttava ja korjaava kasvovesi, jossa on <strong>96% Suodatettu etanan eritteen uute<\/strong>, joka auttaa <strong>ravitsevat, suojaavat ja elvytt\u00e4v\u00e4t ihoa<\/strong>, j\u00e4tt\u00e4en sen pehme\u00e4ksi, notkeaksi ja luonnollisen hehkuvan. Kevyt mutta eritt\u00e4in tehokas koostumus <strong>v\u00e4hent\u00e4\u00e4 \u00e4rsytyst\u00e4, vahvistaa ihon suojaverkkoa ja stimuloi ihon luonnollista uudistumisprosessia.<\/strong>.<\/p>\n<h4>Miksi valita COSRX Advanced Snail 96 Mucin Power Essence?<\/h4>\n<p>\u2714 96% Etanoiden eritysuute - kosteuttaa intensiivisesti, rauhoittaa ja auttaa korjaamaan ihoa.<br \/>\u2714 Kevyt mutta ravitseva koostumus - imeytyy nopeasti j\u00e4tt\u00e4m\u00e4tt\u00e4 tahmeaa tunnetta.<br \/>\u2714 Vahvistaa ihon suojaavaa estett\u00e4 - suojaa ymp\u00e4rist\u00f6tekij\u00f6ilt\u00e4 ja kuivumiselta.<br \/>\u2714 Stimuloi ihon uudistumista - auttaa tasoittamaan ihon koostumusta ja v\u00e4hent\u00e4m\u00e4\u00e4n arpia.<br \/>\u2714 Sopii kaikille ihotyypeille, erityisesti herk\u00e4lle, kuivalle ja \u00e4rtyneelle iholle.<\/p>","protected":false},"featured_media":32156,"comment_status":"open","ping_status":"closed","template":"","meta":{"_acf_changed":false},"product_brand":[418],"product_cat":[92,56,59],"product_tag":[],"class_list":{"0":"post-32102","1":"product","2":"type-product","3":"status-publish","4":"has-post-thumbnail","6":"product_brand-cosrx","7":"product_cat-groziui","8":"product_cat-veido-serumai","9":"product_cat-veidui","11":"first","12":"instock","13":"shipping-taxable","14":"purchasable","15":"product-type-simple"},"acf":[],"tiered_pricing_type":"fixed","tiered_pricing_fixed_rules":[],"tiered_pricing_product_settings":{"layout":"default","base_unit_name":{"singular":null,"plural":null},"default_variation":null},"tiered_pricing_minimum_quantity":null,"tiered_pricing_roles_data":[],"tiered_pricing_percentage_rules":[],"_links":{"self":[{"href":"https:\/\/purama.lt\/fi\/wp-json\/wp\/v2\/product\/32102","targetHints":{"allow":["GET"]}}],"collection":[{"href":"https:\/\/purama.lt\/fi\/wp-json\/wp\/v2\/product"}],"about":[{"href":"https:\/\/purama.lt\/fi\/wp-json\/wp\/v2\/types\/product"}],"replies":[{"embeddable":true,"href":"https:\/\/purama.lt\/fi\/wp-json\/wp\/v2\/comments?post=32102"}],"wp:featuredmedia":[{"embeddable":true,"href":"https:\/\/purama.lt\/fi\/wp-json\/wp\/v2\/media\/32156"}],"wp:attachment":[{"href":"https:\/\/purama.lt\/fi\/wp-json\/wp\/v2\/media?parent=32102"}],"wp:term":[{"taxonomy":"product_brand","embeddable":true,"href":"https:\/\/purama.lt\/fi\/wp-json\/wp\/v2\/product_brand?post=32102"},{"taxonomy":"product_cat","embeddable":true,"href":"https:\/\/purama.lt\/fi\/wp-json\/wp\/v2\/product_cat?post=32102"},{"taxonomy":"product_tag","embeddable":true,"href":"https:\/\/purama.lt\/fi\/wp-json\/wp\/v2\/product_tag?post=32102"}],"curies":[{"name":"wp","href":"https:\/\/api.w.org\/{rel}","templated":true}]}}