{"id":32100,"date":"2025-02-04T13:13:37","date_gmt":"2025-02-04T13:13:37","guid":{"rendered":"https:\/\/purama.lt\/produktas\/nordic-nutris-kapsules-less-stress\/"},"modified":"2025-11-12T14:25:08","modified_gmt":"2025-11-12T12:25:08","slug":"soma-sap-less-stressi-kapselit-stressin-ja-ahdistuksen-hallintaan","status":"publish","type":"product","link":"https:\/\/purama.lt\/fi\/produktas\/soma-sap-less-stress-kapsules-streso-ir-nerimo-kontrolei\/","title":{"rendered":"SOMA SAP Less Stress -kapselit stressin ja ahdistuksen hallintaan"},"content":{"rendered":"<h4 class=\"wp-block-heading\"><strong>Miten SOMA SAP Less Stress toimii?<\/strong><\/h4>\n\n\n\n<ul class=\"wp-block-list\">\n<li>V\u00e4hent\u00e4\u00e4 stressin ja ahdistuksen vaikutuksia elimist\u00f6\u00f6n.<\/li>\n\n\n\n<li>Edist\u00e4\u00e4 emotionaalista tasapainoa ja auttaa yll\u00e4pit\u00e4m\u00e4\u00e4n rauhallisuutta<\/li>\n\n\n\n<li>Tukee parempaa keskittymist\u00e4 ja psykologista kest\u00e4vyytt\u00e4<\/li>\n\n\n\n<li>Vahvistaa hermostoa ja v\u00e4hent\u00e4\u00e4 ylikuormituksen oireita.<\/li>\n<\/ul>\n\n\n\n<h4 class=\"wp-block-heading\"><strong>Kuinka k\u00e4ytt\u00e4\u00e4?<\/strong><\/h4>\n\n\n\n<ol class=\"wp-block-list\">\n<li>Juoma <strong>1-2 kapselia p\u00e4iv\u00e4ss\u00e4<\/strong>mieluiten aamulla tai p\u00e4iv\u00e4ll\u00e4.<\/li>\n\n\n\n<li>Peit\u00e4 lasillinen vett\u00e4.<\/li>\n\n\n\n<li>Sit\u00e4 suositellaan otettavaksi p\u00e4ivitt\u00e4in pitk\u00e4aikaisen vaikutuksen aikaansaamiseksi.<\/li>\n\n\n\n<li>\u00c4l\u00e4 ylit\u00e4 suositeltua vuorokausiannosta.<\/li>\n<\/ol>\n\n\n\n<p><strong>Ainesosat: <\/strong>adaptogeeniset kasviuutteet, magnesium, B-vitamiinit, hermoston tuki.<\/p>\n\n\n\n<p><strong>SOMA SAP V\u00e4hemm\u00e4n stressi\u00e4<\/strong> - Luonnollinen tapa yll\u00e4pit\u00e4\u00e4 sis\u00e4ist\u00e4 rauhaa, emotionaalista tasapainoa ja parempaa hyvinvointia joka p\u00e4iv\u00e4.<\/p>","protected":false},"excerpt":{"rendered":"<p><strong>SOMA SAP V\u00e4hemm\u00e4n stressi\u00e4<\/strong> - luonnollinen ravintolis\u00e4 auttaa <strong>hallita stressi\u00e4, v\u00e4hent\u00e4\u00e4 ahdistusta ja yll\u00e4pit\u00e4\u00e4 emotionaalista tasapainoa.<\/strong>. Ainutlaatuisesti muotoillut kapselit, joissa on <strong>adaptogeenisi\u00e4 kasviuutteita, magnesiumia ja B-vitamiineja.<\/strong> tukee hermostoa, parantaa stressinsietokyky\u00e4 ja auttaa kehoa selviytym\u00e4\u00e4n emotionaalisesta stressist\u00e4. Jatkuva stressi ja ahdistus voivat vaikuttaa kielteisesti yleiseen hyvinvointiin, energiatasoon ja keskittymiskykyyn. <strong>SOMA SAP V\u00e4hemm\u00e4n stressi\u00e4<\/strong> Ainesosat tukevat luonnollisesti elimist\u00f6n kyky\u00e4 sopeutua stressiin, v\u00e4hent\u00e4v\u00e4t ylikuormitusta ja auttavat sinua tuntemaan olosi rauhallisemmaksi my\u00f6s kiireisimmiss\u00e4 el\u00e4m\u00e4nvaiheissa. S\u00e4\u00e4nn\u00f6llinen k\u00e4ytt\u00f6 edist\u00e4\u00e4 parempaa mielialaa, selke\u00e4mp\u00e4\u00e4 ajattelua ja emotionaalista tasapainoa.<\/p>\n<p><strong>Miksi valita SOMA SAP Less Stress?<\/strong><\/p>\n<p>\u2714 <strong>Luonnollinen stressinhallinta<\/strong> - auttaa v\u00e4hent\u00e4m\u00e4\u00e4n ahdistusta ja emotionaalista j\u00e4nnityst\u00e4<br \/>\u2714 <strong>Adaptogeeniset kasvit<\/strong> - tukee elimist\u00f6n vastustuskyky\u00e4 stressi\u00e4 ja v\u00e4symyst\u00e4 vastaan.<br \/>\u2714 <strong>Magnesium ja B-vitamiinit<\/strong> - edist\u00e4\u00e4 hermoston normaalia toimintaa.<br \/>\u2714 <strong>Parempi mieliala<\/strong> - auttaa sinua tuntemaan olosi rauhallisemmaksi, v\u00e4hent\u00e4\u00e4 v\u00e4symyst\u00e4.<br \/>\u2714 <strong>Sopii aktiivisille ihmisille<\/strong>stressin alla oleville ja tunnetasapainoa etsiville<\/p>","protected":false},"featured_media":32175,"comment_status":"open","ping_status":"closed","template":"","meta":{"_acf_changed":false},"product_brand":[456],"product_cat":[123,259,256,258],"product_tag":[],"class_list":{"0":"post-32100","1":"product","2":"type-product","3":"status-publish","4":"has-post-thumbnail","6":"product_brand-soma-sap","7":"product_cat-papildai-ilgaamziskumui","8":"product_cat-nuotaika-ir-stresas","9":"product_cat-smegenims-ir-atminciai","10":"product_cat-smegenu-apsauga","12":"first","13":"outofstock","14":"shipping-taxable","15":"purchasable","16":"product-type-variable"},"acf":[],"tiered_pricing_type":"fixed","tiered_pricing_fixed_rules":[],"tiered_pricing_product_settings":{"layout":"default","base_unit_name":{"singular":null,"plural":null},"default_variation":null},"tiered_pricing_minimum_quantity":null,"tiered_pricing_roles_data":[],"tiered_pricing_percentage_rules":[],"_links":{"self":[{"href":"https:\/\/purama.lt\/fi\/wp-json\/wp\/v2\/product\/32100","targetHints":{"allow":["GET"]}}],"collection":[{"href":"https:\/\/purama.lt\/fi\/wp-json\/wp\/v2\/product"}],"about":[{"href":"https:\/\/purama.lt\/fi\/wp-json\/wp\/v2\/types\/product"}],"replies":[{"embeddable":true,"href":"https:\/\/purama.lt\/fi\/wp-json\/wp\/v2\/comments?post=32100"}],"wp:featuredmedia":[{"embeddable":true,"href":"https:\/\/purama.lt\/fi\/wp-json\/wp\/v2\/media\/32175"}],"wp:attachment":[{"href":"https:\/\/purama.lt\/fi\/wp-json\/wp\/v2\/media?parent=32100"}],"wp:term":[{"taxonomy":"product_brand","embeddable":true,"href":"https:\/\/purama.lt\/fi\/wp-json\/wp\/v2\/product_brand?post=32100"},{"taxonomy":"product_cat","embeddable":true,"href":"https:\/\/purama.lt\/fi\/wp-json\/wp\/v2\/product_cat?post=32100"},{"taxonomy":"product_tag","embeddable":true,"href":"https:\/\/purama.lt\/fi\/wp-json\/wp\/v2\/product_tag?post=32100"}],"curies":[{"name":"wp","href":"https:\/\/api.w.org\/{rel}","templated":true}]}}