{"id":32099,"date":"2025-02-04T13:13:37","date_gmt":"2025-02-04T13:13:37","guid":{"rendered":"https:\/\/purama.lt\/produktas\/nordic-nutris-kapsules-eat-less\/"},"modified":"2026-02-11T12:35:07","modified_gmt":"2026-02-11T10:35:07","slug":"soma-sap-kapselit-syoda-vahemman-ruokahalua-ja-painonhallintaa-varten","status":"publish","type":"product","link":"https:\/\/purama.lt\/fi\/produktas\/soma-sap-kapsules-eat-less-apetito-ir-svorio-kontrolei\/","title":{"rendered":"Soma Sap kapselit sy\u00f6d\u00e4 v\u00e4hemm\u00e4n ruokahalua ja painonhallintaa varten."},"content":{"rendered":"<p><strong>Kulutus<\/strong><br>Ota 1-2 kapselia p\u00e4iv\u00e4ss\u00e4, mieluiten 30 minuuttia ennen ateriaa.<br>Ota lasi vett\u00e4<br>\u00c4l\u00e4 ylit\u00e4 suositeltua vuorokausiannosta<\/p>\n\n\n\n<p><strong>Ainesosat<\/strong><br>kasviuutteita, kuitua, kromia, luonnollisia hivenaineita, ruoansulatusta tukevia ainesosia.<\/p>\n\n\n\n<p><\/p>\n\n\n\n<p><\/p>\n\n\n\n<p><\/p>","protected":false},"excerpt":{"rendered":"<p data-start=\"0\" data-end=\"559\"><strong data-start=\"16\" data-end=\"48\">SOMA SAP - Sy\u00f6 v\u00e4hemm\u00e4n kapseleita<\/strong> luonnollinen ravintolis\u00e4 <strong data-start=\"84\" data-end=\"105\">ruokahalun hallintaan<\/strong> ja yll\u00e4pit\u00e4\u00e4 tasapainoisia ruokailutottumuksia. Sis\u00e4lt\u00e4\u00e4 <strong data-start=\"168\" data-end=\"215\">kasviuutteet, kuitu ja kromi<\/strong> auttaa sinua tuntemaan olosi kyll\u00e4isemm\u00e4ksi pidemp\u00e4\u00e4n, hillitsem\u00e4\u00e4n napostelun himoa ja yll\u00e4pit\u00e4m\u00e4\u00e4n tasaisempaa energiatasapainoa koko p\u00e4iv\u00e4n ajan. Kuitu edist\u00e4\u00e4 ruoansulatuskanavan mukavuutta ja <strong data-start=\"393\" data-end=\"404\">kromi<\/strong> on hivenaine, joka vaikuttaa <strong data-start=\"444\" data-end=\"493\">veren glukoosipitoisuuden s\u00e4ilytt\u00e4minen normaalina<\/strong> - T\u00e4m\u00e4 voi olla t\u00e4rke\u00e4\u00e4, kun haluat v\u00e4hemm\u00e4n \u00e4killisi\u00e4 n\u00e4l\u00e4n \u201eaaltoja\u201c.<\/p>\n<p data-start=\"561\" data-end=\"862\"><strong data-start=\"561\" data-end=\"584\">Miksi valita<\/strong><br data-start=\"584\" data-end=\"587\" \/><strong data-start=\"587\" data-end=\"593\">\u2714\ufe0f<\/strong> 1-2 kapselia p\u00e4iv\u00e4ss\u00e4 - yksinkertainen rutiini<br data-start=\"634\" data-end=\"637\" \/><strong data-start=\"637\" data-end=\"643\">\u2714\ufe0f<\/strong> kuitua, joka antaa kyll\u00e4isyyden tunteen.<br data-start=\"689\" data-end=\"692\" \/><strong data-start=\"692\" data-end=\"698\">\u2714\ufe0f<\/strong> kromin kanssa normaalin glukoosipitoisuuden yll\u00e4pit\u00e4miseksi.<br data-start=\"746\" data-end=\"749\" \/><strong data-start=\"749\" data-end=\"755\">\u2714\ufe0f<\/strong> auttaa v\u00e4hent\u00e4m\u00e4\u00e4n impulsiivista napostelua<br data-start=\"794\" data-end=\"797\" \/><strong data-start=\"797\" data-end=\"803\">\u2714\ufe0f<\/strong> sopii niille, jotka etsiv\u00e4t tasapainoista ruokavaliota ja painotasapainoa.<\/p>","protected":false},"featured_media":32174,"comment_status":"open","ping_status":"closed","template":"","meta":{"_acf_changed":true},"product_brand":[456],"product_cat":[123,261,260,266,263,267,262,264,265],"product_tag":[],"class_list":{"0":"post-32099","1":"product","2":"type-product","3":"status-publish","4":"has-post-thumbnail","6":"product_brand-soma-sap","7":"product_cat-papildai-ilgaamziskumui","8":"product_cat-cukraus-balansas","9":"product_cat-energijai-ir-apykaitai","10":"product_cat-fermentai-ir-virskinimas","11":"product_cat-fizine-istverme","12":"product_cat-kepenu-detoksas","13":"product_cat-medziagu-apykaita","14":"product_cat-virskinimui-ir-detoksui","15":"product_cat-zarnynas-ir-mikrobioma","17":"first","18":"instock","19":"shipping-taxable","20":"purchasable","21":"product-type-simple"},"acf":[],"tiered_pricing_type":"fixed","tiered_pricing_fixed_rules":[],"tiered_pricing_product_settings":{"layout":"default","base_unit_name":{"singular":null,"plural":null},"default_variation":null},"tiered_pricing_minimum_quantity":null,"tiered_pricing_roles_data":[],"tiered_pricing_percentage_rules":[],"_links":{"self":[{"href":"https:\/\/purama.lt\/fi\/wp-json\/wp\/v2\/product\/32099","targetHints":{"allow":["GET"]}}],"collection":[{"href":"https:\/\/purama.lt\/fi\/wp-json\/wp\/v2\/product"}],"about":[{"href":"https:\/\/purama.lt\/fi\/wp-json\/wp\/v2\/types\/product"}],"replies":[{"embeddable":true,"href":"https:\/\/purama.lt\/fi\/wp-json\/wp\/v2\/comments?post=32099"}],"wp:featuredmedia":[{"embeddable":true,"href":"https:\/\/purama.lt\/fi\/wp-json\/wp\/v2\/media\/32174"}],"wp:attachment":[{"href":"https:\/\/purama.lt\/fi\/wp-json\/wp\/v2\/media?parent=32099"}],"wp:term":[{"taxonomy":"product_brand","embeddable":true,"href":"https:\/\/purama.lt\/fi\/wp-json\/wp\/v2\/product_brand?post=32099"},{"taxonomy":"product_cat","embeddable":true,"href":"https:\/\/purama.lt\/fi\/wp-json\/wp\/v2\/product_cat?post=32099"},{"taxonomy":"product_tag","embeddable":true,"href":"https:\/\/purama.lt\/fi\/wp-json\/wp\/v2\/product_tag?post=32099"}],"curies":[{"name":"wp","href":"https:\/\/api.w.org\/{rel}","templated":true}]}}