{"id":32009,"date":"2025-01-24T11:36:35","date_gmt":"2025-01-24T11:36:35","guid":{"rendered":"https:\/\/purama.lt\/produktas\/magu-space-kanapiu-guminukai-su-svarainiais\/"},"modified":"2026-04-13T15:27:01","modified_gmt":"2026-04-13T13:27:01","slug":"magu-space-kannabis-purukumi-painojen-kanssa","status":"publish","type":"product","link":"https:\/\/purama.lt\/fi\/produktas\/magu-space-kanapiu-guminukai-su-svarainiais\/","title":{"rendered":"MAGU SPACE kannabispurukumi kvittenill\u00e4"},"content":{"rendered":"<p><strong>Koostumus:<\/strong> glukoosisiirappi, sokeri, liivate, luonnollinen kvitteniaromi, hamppuuute, happamuudens\u00e4\u00e4t\u00f6aineet, v\u00e4riaineet.<\/p>","protected":false},"excerpt":{"rendered":"<p><strong>MAGU SPACE kannabispurukumi kvittenill\u00e4<\/strong> - herkullinen ja luonnollinen valinta niille, jotka etsiv\u00e4t makeutta ja lis\u00e4etuja. Laadukkaalla hamppuuutteella rikastetuissa purukumeissa yhdistyv\u00e4t kvittenin hienovarainen maku ja miellytt\u00e4v\u00e4 koostumus. T\u00e4ydellinen valinta p\u00e4ivitt\u00e4iseksi v\u00e4lipalaksi tai rentouttaviin hetkiin.<\/p>","protected":false},"featured_media":32022,"comment_status":"open","ping_status":"closed","template":"","meta":{"_acf_changed":false},"product_brand":[],"product_cat":[109,112,60,61],"product_tag":[],"class_list":{"0":"post-32009","1":"product","2":"type-product","3":"status-publish","4":"has-post-thumbnail","6":"product_cat-cbd-uzkandziai","7":"product_cat-guminukai","8":"product_cat-mitybai","9":"product_cat-ramybei","11":"first","12":"outofstock","13":"shipping-taxable","14":"purchasable","15":"product-type-simple"},"acf":[],"tiered_pricing_type":"fixed","tiered_pricing_fixed_rules":[],"tiered_pricing_product_settings":{"layout":"default","base_unit_name":{"singular":null,"plural":null},"default_variation":null},"tiered_pricing_minimum_quantity":null,"tiered_pricing_roles_data":[],"tiered_pricing_percentage_rules":[],"_links":{"self":[{"href":"https:\/\/purama.lt\/fi\/wp-json\/wp\/v2\/product\/32009","targetHints":{"allow":["GET"]}}],"collection":[{"href":"https:\/\/purama.lt\/fi\/wp-json\/wp\/v2\/product"}],"about":[{"href":"https:\/\/purama.lt\/fi\/wp-json\/wp\/v2\/types\/product"}],"replies":[{"embeddable":true,"href":"https:\/\/purama.lt\/fi\/wp-json\/wp\/v2\/comments?post=32009"}],"wp:featuredmedia":[{"embeddable":true,"href":"https:\/\/purama.lt\/fi\/wp-json\/wp\/v2\/media\/32022"}],"wp:attachment":[{"href":"https:\/\/purama.lt\/fi\/wp-json\/wp\/v2\/media?parent=32009"}],"wp:term":[{"taxonomy":"product_brand","embeddable":true,"href":"https:\/\/purama.lt\/fi\/wp-json\/wp\/v2\/product_brand?post=32009"},{"taxonomy":"product_cat","embeddable":true,"href":"https:\/\/purama.lt\/fi\/wp-json\/wp\/v2\/product_cat?post=32009"},{"taxonomy":"product_tag","embeddable":true,"href":"https:\/\/purama.lt\/fi\/wp-json\/wp\/v2\/product_tag?post=32009"}],"curies":[{"name":"wp","href":"https:\/\/api.w.org\/{rel}","templated":true}]}}