{"id":32004,"date":"2025-01-24T11:36:34","date_gmt":"2025-01-24T11:36:34","guid":{"rendered":"https:\/\/purama.lt\/produktas\/hayejin-cuddle-of-flowers-drekinamosios-lakstines-veido-kaukes\/"},"modified":"2026-04-10T13:03:24","modified_gmt":"2026-04-10T11:03:24","slug":"hayejin-cuddle-kukkia-kastelevat-kasvonaamarit","status":"publish","type":"product","link":"https:\/\/purama.lt\/fi\/produktas\/hayejin-cuddle-of-flowers-drekinamosios-lakstines-veido-kaukes\/","title":{"rendered":"HAYEJIN Cuddle of Flowers Kosteuttavat kasvonaamiot - kasvonaamiot"},"content":{"rendered":"<p><strong>Koostumus:<\/strong> vesi, kukkauutteet (kamomilla, ruusu, jasmiini), hyaluronihappo, glyseriini, niasiiniamidi, aloe veran lehtimehu, pantenoli, luonnolliset kosteusvoiteet, antioksidantit.<\/p>","protected":false},"excerpt":{"rendered":"<p><strong>HAYEJIN Cuddle of Flowers Kosteuttavat kasvonaamiot - kasvonaamiot<\/strong> - intensiivist\u00e4 kosteutusta ja hell\u00e4varaista ihonhoitoa kukkauutteilla! N\u00e4iss\u00e4 naamiolevyiss\u00e4 on erilaisia kukkauutteita, jotka kosteuttavat ihoa intensiivisesti, auttavat palauttamaan sen kimmoisuuden ja antavat sille luonnollisen hehkun. Levyn pehme\u00e4 ja hell\u00e4varainen koostumus mukautuu t\u00e4ydellisesti kasvojen \u00e4\u00e4riviivoihin ja takaa aktiivisten ainesosien tasaisen jakautumisen. K\u00e4yt\u00f6n j\u00e4lkeen iho tuntuu raikkaalta, kosteutetulta ja sile\u00e4lt\u00e4, kuin ter\u00e4lehdet olisivat koskettaneet sit\u00e4.<\/p>","protected":false},"featured_media":32016,"comment_status":"open","ping_status":"closed","template":"","meta":{"_acf_changed":false},"product_brand":[427],"product_cat":[92,142,59],"product_tag":[],"class_list":{"0":"post-32004","1":"product","2":"type-product","3":"status-publish","4":"has-post-thumbnail","6":"product_brand-hayejin","7":"product_cat-groziui","8":"product_cat-veido-kaukes","9":"product_cat-veidui","11":"first","12":"outofstock","13":"shipping-taxable","14":"purchasable","15":"product-type-simple"},"acf":[],"tiered_pricing_type":"fixed","tiered_pricing_fixed_rules":[],"tiered_pricing_product_settings":{"layout":"default","base_unit_name":{"singular":null,"plural":null},"default_variation":null},"tiered_pricing_minimum_quantity":null,"tiered_pricing_roles_data":[],"tiered_pricing_percentage_rules":[],"_links":{"self":[{"href":"https:\/\/purama.lt\/fi\/wp-json\/wp\/v2\/product\/32004","targetHints":{"allow":["GET"]}}],"collection":[{"href":"https:\/\/purama.lt\/fi\/wp-json\/wp\/v2\/product"}],"about":[{"href":"https:\/\/purama.lt\/fi\/wp-json\/wp\/v2\/types\/product"}],"replies":[{"embeddable":true,"href":"https:\/\/purama.lt\/fi\/wp-json\/wp\/v2\/comments?post=32004"}],"wp:featuredmedia":[{"embeddable":true,"href":"https:\/\/purama.lt\/fi\/wp-json\/wp\/v2\/media\/32016"}],"wp:attachment":[{"href":"https:\/\/purama.lt\/fi\/wp-json\/wp\/v2\/media?parent=32004"}],"wp:term":[{"taxonomy":"product_brand","embeddable":true,"href":"https:\/\/purama.lt\/fi\/wp-json\/wp\/v2\/product_brand?post=32004"},{"taxonomy":"product_cat","embeddable":true,"href":"https:\/\/purama.lt\/fi\/wp-json\/wp\/v2\/product_cat?post=32004"},{"taxonomy":"product_tag","embeddable":true,"href":"https:\/\/purama.lt\/fi\/wp-json\/wp\/v2\/product_tag?post=32004"}],"curies":[{"name":"wp","href":"https:\/\/api.w.org\/{rel}","templated":true}]}}