{"id":32003,"date":"2025-01-24T11:36:34","date_gmt":"2025-01-24T11:36:34","guid":{"rendered":"https:\/\/purama.lt\/produktas\/hayejin-cuddle-of-tea-tree-raminamosios-lakstines-veido-kaukes\/"},"modified":"2026-04-10T13:03:24","modified_gmt":"2026-04-10T11:03:24","slug":"hayejin-cuddle-of-tea-tree-rauhoittavat-kasvonaamiot","status":"publish","type":"product","link":"https:\/\/purama.lt\/fi\/produktas\/hayejin-cuddle-of-tea-tree-raminamosios-lakstines-veido-kaukes\/","title":{"rendered":"HAYEJIN Cuddle of Tea Tree rauhoittavat kasvonaamiot"},"content":{"rendered":"<p><strong>Ainesosat:<\/strong> vesi, teepuuuute, glyseriini, hyaluronihappo, niasiiniamidi, pantenoli, aloe veran lehtimehu, kamomillauute, luonnolliset kosteusvoiteet, kasviuutteet.<\/p>","protected":false},"excerpt":{"rendered":"<p><strong>HAYEJIN Cuddle of Tea Tree rauhoittavat kasvonaamiot<\/strong> - hell\u00e4varainen helpotus \u00e4rtyneelle iholle! Teepuuuutteella rikastetut naamiot rauhoittavat ja kosteuttavat ihoa tehokkaasti ja auttavat palauttamaan sen luonnollisen tasapainon. Teepuun antibakteeriset ominaisuudet v\u00e4hent\u00e4v\u00e4t punoitusta ja \u00e4rsytyst\u00e4, ja seerumin kevyt koostumus antaa raikkaan ja miellytt\u00e4v\u00e4n tunteen. Pehme\u00e4 lakana mukautuu t\u00e4ydellisesti kasvojen \u00e4\u00e4riviivoihin ja varmistaa aktiivisten ainesosien tasaisen jakautumisen. K\u00e4yt\u00f6n j\u00e4lkeen iho j\u00e4\u00e4 pehme\u00e4ksi, rauhoittuneeksi ja terveellisen hehkuvaksi.<\/p>","protected":false},"featured_media":32018,"comment_status":"open","ping_status":"closed","template":"","meta":{"_acf_changed":false},"product_brand":[427],"product_cat":[92,142,59],"product_tag":[],"class_list":{"0":"post-32003","1":"product","2":"type-product","3":"status-publish","4":"has-post-thumbnail","6":"product_brand-hayejin","7":"product_cat-groziui","8":"product_cat-veido-kaukes","9":"product_cat-veidui","11":"first","12":"outofstock","13":"shipping-taxable","14":"purchasable","15":"product-type-simple"},"acf":[],"tiered_pricing_type":"fixed","tiered_pricing_fixed_rules":[],"tiered_pricing_product_settings":{"layout":"default","base_unit_name":{"singular":null,"plural":null},"default_variation":null},"tiered_pricing_minimum_quantity":null,"tiered_pricing_roles_data":[],"tiered_pricing_percentage_rules":[],"_links":{"self":[{"href":"https:\/\/purama.lt\/fi\/wp-json\/wp\/v2\/product\/32003","targetHints":{"allow":["GET"]}}],"collection":[{"href":"https:\/\/purama.lt\/fi\/wp-json\/wp\/v2\/product"}],"about":[{"href":"https:\/\/purama.lt\/fi\/wp-json\/wp\/v2\/types\/product"}],"replies":[{"embeddable":true,"href":"https:\/\/purama.lt\/fi\/wp-json\/wp\/v2\/comments?post=32003"}],"wp:featuredmedia":[{"embeddable":true,"href":"https:\/\/purama.lt\/fi\/wp-json\/wp\/v2\/media\/32018"}],"wp:attachment":[{"href":"https:\/\/purama.lt\/fi\/wp-json\/wp\/v2\/media?parent=32003"}],"wp:term":[{"taxonomy":"product_brand","embeddable":true,"href":"https:\/\/purama.lt\/fi\/wp-json\/wp\/v2\/product_brand?post=32003"},{"taxonomy":"product_cat","embeddable":true,"href":"https:\/\/purama.lt\/fi\/wp-json\/wp\/v2\/product_cat?post=32003"},{"taxonomy":"product_tag","embeddable":true,"href":"https:\/\/purama.lt\/fi\/wp-json\/wp\/v2\/product_tag?post=32003"}],"curies":[{"name":"wp","href":"https:\/\/api.w.org\/{rel}","templated":true}]}}