{"id":32002,"date":"2025-01-24T11:36:34","date_gmt":"2025-01-24T11:36:34","guid":{"rendered":"https:\/\/purama.lt\/produktas\/hayejin-cuddle-of-jeju-oxygen-water-energizuojancios-lakstines-veido-kaukes\/"},"modified":"2026-04-10T13:03:23","modified_gmt":"2026-04-10T11:03:23","slug":"hayejin-cuddle-of-jeju-oxygen-water-energising-kasvonaamiot","status":"publish","type":"product","link":"https:\/\/purama.lt\/fi\/produktas\/hayejin-cuddle-of-jeju-oxygen-water-energizuojancios-lakstines-veido-kaukes\/","title":{"rendered":"HAYEJIN Cuddle of Jeju Oxygen Water Energising sheet kasvonaamiot"},"content":{"rendered":"<p><strong>Koostumus:<\/strong> Vesi, Jeju-saaren hapetettu vesi, glyseriini, hyaluronihappo, niasiiniamidi, aloe vera -uute, kamomillauute, pantenoli, luonnolliset kosteusvoiteet, kasviuutteet.<\/p>","protected":false},"excerpt":{"rendered":"<p><strong>HAYEJIN Cuddle of Jeju Oxygen Water Energising sheet kasvonaamiot<\/strong> - raikkautta ja energiaa ihollesi! N\u00e4m\u00e4 Jeju-saaren hapekkaalla vedell\u00e4 rikastetut lakananaamiot kosteuttavat, elvytt\u00e4v\u00e4t ja elvytt\u00e4v\u00e4t ihoa intensiivisesti. Luonnolliset uutteet ja kosteuttavat ainesosat auttavat parantamaan ihon s\u00e4vy\u00e4, antavat terveen hehkun ja ehk\u00e4isev\u00e4t kuivumista. Pehme\u00e4 lakana mukautuu t\u00e4ydellisesti kasvoille varmistaen aktiivisten ainesosien tasaisen jakautumisen. K\u00e4yt\u00f6n j\u00e4lkeen iho n\u00e4ytt\u00e4\u00e4 lev\u00e4nneelt\u00e4, virkistyneelt\u00e4 ja energiselt\u00e4.<\/p>","protected":false},"featured_media":32017,"comment_status":"open","ping_status":"closed","template":"","meta":{"_acf_changed":false},"product_brand":[427],"product_cat":[92,500,142,59],"product_tag":[],"class_list":{"0":"post-32002","1":"product","2":"type-product","3":"status-publish","4":"has-post-thumbnail","6":"product_brand-hayejin","7":"product_cat-groziui","8":"product_cat-outlet","9":"product_cat-veido-kaukes","10":"product_cat-veidui","12":"first","13":"instock","14":"sale","15":"shipping-taxable","16":"purchasable","17":"product-type-simple"},"acf":[],"tiered_pricing_type":"fixed","tiered_pricing_fixed_rules":[],"tiered_pricing_product_settings":{"layout":"default","base_unit_name":{"singular":null,"plural":null},"default_variation":null},"tiered_pricing_minimum_quantity":null,"tiered_pricing_roles_data":[],"tiered_pricing_percentage_rules":[],"_links":{"self":[{"href":"https:\/\/purama.lt\/fi\/wp-json\/wp\/v2\/product\/32002","targetHints":{"allow":["GET"]}}],"collection":[{"href":"https:\/\/purama.lt\/fi\/wp-json\/wp\/v2\/product"}],"about":[{"href":"https:\/\/purama.lt\/fi\/wp-json\/wp\/v2\/types\/product"}],"replies":[{"embeddable":true,"href":"https:\/\/purama.lt\/fi\/wp-json\/wp\/v2\/comments?post=32002"}],"wp:featuredmedia":[{"embeddable":true,"href":"https:\/\/purama.lt\/fi\/wp-json\/wp\/v2\/media\/32017"}],"wp:attachment":[{"href":"https:\/\/purama.lt\/fi\/wp-json\/wp\/v2\/media?parent=32002"}],"wp:term":[{"taxonomy":"product_brand","embeddable":true,"href":"https:\/\/purama.lt\/fi\/wp-json\/wp\/v2\/product_brand?post=32002"},{"taxonomy":"product_cat","embeddable":true,"href":"https:\/\/purama.lt\/fi\/wp-json\/wp\/v2\/product_cat?post=32002"},{"taxonomy":"product_tag","embeddable":true,"href":"https:\/\/purama.lt\/fi\/wp-json\/wp\/v2\/product_tag?post=32002"}],"curies":[{"name":"wp","href":"https:\/\/api.w.org\/{rel}","templated":true}]}}