{"id":31861,"date":"2025-01-20T19:28:45","date_gmt":"2025-01-20T19:28:45","guid":{"rendered":"https:\/\/purama.lt\/produktas\/l-cell-urolitinas-a-milteliai-21g\/"},"modified":"2026-04-17T10:34:31","modified_gmt":"2026-04-17T08:34:31","slug":"l-soluurolitiini-a-jauhe-21g","status":"publish","type":"product","link":"https:\/\/purama.lt\/fi\/produktas\/l-cell-urolitinas-a-milteliai-21g\/","title":{"rendered":"L Cell Urolitiini A (jauhe, 21g)"},"content":{"rendered":"<p><strong>Kuinka k\u00e4ytt\u00e4\u00e4:<\/strong><br>Ota 2 mittalusikallista mihin aikaan p\u00e4iv\u00e4st\u00e4 tahansa. Parhaan imeytymisen saavuttamiseksi suositellaan otettavaksi rasvaisten ruokien (esim. oliivi\u00f6ljy, jogurtti jne.) kanssa. Pakkauksessa on mukana yksi mittalusikallinen (0,5 ml, ~350 mg tuotetta).<\/p>\n\n\n\n<hr class=\"wp-block-separator has-alpha-channel-opacity\"\/>\n\n\n\n<p><strong>Ainesosat:<\/strong><br>Urolitiini A, sinkkiglukonaatti, tiamiinihydrokloridi (B1-vitamiini), kolekalsiferoli (D3-vitamiini).<\/p>\n\n\n\n<hr class=\"wp-block-separator has-alpha-channel-opacity\"\/>\n\n\n\n<p><strong>Ravintoarvo (2 mittalusikallista):<\/strong><\/p>\n\n\n\n<figure class=\"wp-block-table\"><table class=\"has-fixed-layout\"><thead><tr><th>Ravinteet<\/th><th>M\u00e4\u00e4r\u00e4<\/th><th>% RMV*<\/th><\/tr><\/thead><tbody><tr><td>Urolitiini A<\/td><td>700 mg<\/td><td>-<\/td><\/tr><tr><td>Sinkki<\/td><td>1,5 mg<\/td><td>15%<\/td><\/tr><tr><td>Tiamiini (B1-vitamiini)<\/td><td>0,165 mg<\/td><td>15%<\/td><\/tr><tr><td>D-vitamiini (kolekalsiferoli)<\/td><td>0,75 \u00b5g<\/td><td>15%<\/td><\/tr><\/tbody><\/table><\/figure>\n\n\n\n<p>*RMV - ravitsemuksellinen viitearvo<\/p>\n\n\n\n<p><a href=\"https:\/\/drive.google.com\/file\/d\/1RFVp9vWqWD-mv1psscwSspclxt5Fqigj\/view\" target=\"_blank\" rel=\"noreferrer noopener\">COA-todistus<\/a><\/p>\n\n\n\n<p>Etsitk\u00f6 lis\u00e4\u00e4? Katso kaikki <a href=\"\/fi\/tuoteselosteet\/l-cell\/\">L Cell-alue<\/a>.<\/p>","protected":false},"excerpt":{"rendered":"<p class=\"\" data-start=\"618\" data-end=\"749\"><strong data-start=\"618\" data-end=\"659\">L Cell Urolitiini A, eli i<\/strong><strong data-start=\"662\" data-end=\"749\">Urolitiini A:ta, sinkki\u00e4, B1-vitamiinia ja D3-vitamiinia sis\u00e4lt\u00e4v\u00e4 innovatiivinen pitk\u00e4ik\u00e4isyyslis\u00e4. L Cell Urolitiini A<\/strong> - on kehittynyt jauhemainen ravintolis\u00e4 p\u00e4ivitt\u00e4iseen k\u00e4ytt\u00f6\u00f6n. <strong>tukemaan energiaa, lihasten toimintaa, kognitiivisia toimintoja ja tervett\u00e4 ik\u00e4\u00e4ntymist\u00e4.<\/strong>. Jokainen annos sis\u00e4lt\u00e4\u00e4 jopa 700 mg eritt\u00e4in tiivist\u00e4 Urolithin A:ta, jota on t\u00e4ydennetty sinkill\u00e4, tiamiinilla (B1-vitamiini) ja D3-vitamiinilla. Urolitiini A on yksi edistyksellisimmist\u00e4 tutkimukseen perustuvista aineista, joka voi auttaa tukemaan mitokondrioiden terveytt\u00e4, edist\u00e4m\u00e4\u00e4n autofagiaa ja torjumaan oksidatiivista stressi\u00e4. T\u00e4m\u00e4 on erityisen t\u00e4rke\u00e4\u00e4 pitk\u00e4ik\u00e4isyydest\u00e4, hyvinvoinnista ja biohakkeroinnista kiinnostuneille ihmisille. Lis\u00e4ravinne sopii erityisesti ihmisille, jotka harrastavat liikuntaa, tekev\u00e4t paljon henkist\u00e4 ty\u00f6t\u00e4 tai haluavat yksinkertaisesti parantaa yleist\u00e4 hyvinvointiaan. Sen neutraalin maun ja helpon kulutuksen ansiosta se on helppo sis\u00e4llytt\u00e4\u00e4 p\u00e4ivitt\u00e4iseen rutiiniin.<\/p>\n<p data-start=\"618\" data-end=\"749\"><strong data-start=\"1542\" data-end=\"1568\">Miksi valita:<\/strong><br data-start=\"1568\" data-end=\"1571\" \/>\u2714\ufe0f Jopa 700 mg Urolithin A:ta annosta kohti - tehokas p\u00e4iv\u00e4annos.<br data-start=\"1643\" data-end=\"1646\" \/>\u2714\ufe0f Stimuloi autofagiaa ja mitokondrioiden toimintaa - tukee solujen luonnollista \u201epuhdistumista\u201c.\u201c<br data-start=\"1730\" data-end=\"1733\" \/>\u2714\ufe0f Tukee lihas- ja energia-aineenvaihduntaa - sopii aktiivisille ihmisille.<br data-start=\"1799\" data-end=\"1802\" \/>\u2714\ufe0f Parantaa kognitiivisia toimintoja - vaikuttaa hermostoon ja keskittymiseen.<br data-start=\"1870\" data-end=\"1873\" \/>\u2714\ufe0f Sinkki ja B1-vitamiini edist\u00e4v\u00e4t normaaleja psykologisia toimintoja.<br data-start=\"1945\" data-end=\"1948\" \/>\u2714\ufe0f D3-vitamiini auttaa yll\u00e4pit\u00e4m\u00e4\u00e4n immuniteettia ja luuston terveytt\u00e4.<br data-start=\"2008\" data-end=\"2011\" \/>\u2714\ufe0f Yli 98%-puhtaus - ei allergeeneja, s\u00e4il\u00f6nt\u00e4aineita tai GMO:ita.<br data-start=\"2072\" data-end=\"2075\" \/>\u2714\ufe0f Sopii vegaaneille - vain kasviper\u00e4isi\u00e4 ainesosia.<br data-start=\"2134\" data-end=\"2137\" \/>\u2714\ufe0f 30+ p\u00e4iv\u00e4n annokset - pitk\u00e4aikainen ja kustannustehokas ratkaisu.<\/p>","protected":false},"featured_media":31881,"comment_status":"open","ping_status":"closed","template":"","meta":{"_acf_changed":false},"product_brand":[433],"product_cat":[122,251,261,260,263,279,262,248,500,123,249,250],"product_tag":[],"class_list":{"0":"post-31861","1":"product","2":"type-product","3":"status-publish","4":"has-post-thumbnail","6":"product_brand-l-cell","7":"product_cat-lasteliu-jaunystei","8":"product_cat-antioksidantai","9":"product_cat-cukraus-balansas","10":"product_cat-energijai-ir-apykaitai","11":"product_cat-fizine-istverme","12":"product_cat-kaulams-ir-sanariams","13":"product_cat-medziagu-apykaita","14":"product_cat-nad-ir-mitochondrijos","15":"product_cat-outlet","16":"product_cat-papildai-ilgaamziskumui","17":"product_cat-senolitikai","18":"product_cat-telomeru-ir-dnr-apsauga","20":"first","21":"instock","22":"sale","23":"shipping-taxable","24":"purchasable","25":"product-type-simple"},"acf":[],"tiered_pricing_type":"fixed","tiered_pricing_fixed_rules":[],"tiered_pricing_product_settings":{"layout":"default","base_unit_name":{"singular":null,"plural":null},"default_variation":null},"tiered_pricing_minimum_quantity":null,"tiered_pricing_roles_data":[],"tiered_pricing_percentage_rules":[],"_links":{"self":[{"href":"https:\/\/purama.lt\/fi\/wp-json\/wp\/v2\/product\/31861","targetHints":{"allow":["GET"]}}],"collection":[{"href":"https:\/\/purama.lt\/fi\/wp-json\/wp\/v2\/product"}],"about":[{"href":"https:\/\/purama.lt\/fi\/wp-json\/wp\/v2\/types\/product"}],"replies":[{"embeddable":true,"href":"https:\/\/purama.lt\/fi\/wp-json\/wp\/v2\/comments?post=31861"}],"wp:featuredmedia":[{"embeddable":true,"href":"https:\/\/purama.lt\/fi\/wp-json\/wp\/v2\/media\/31881"}],"wp:attachment":[{"href":"https:\/\/purama.lt\/fi\/wp-json\/wp\/v2\/media?parent=31861"}],"wp:term":[{"taxonomy":"product_brand","embeddable":true,"href":"https:\/\/purama.lt\/fi\/wp-json\/wp\/v2\/product_brand?post=31861"},{"taxonomy":"product_cat","embeddable":true,"href":"https:\/\/purama.lt\/fi\/wp-json\/wp\/v2\/product_cat?post=31861"},{"taxonomy":"product_tag","embeddable":true,"href":"https:\/\/purama.lt\/fi\/wp-json\/wp\/v2\/product_tag?post=31861"}],"curies":[{"name":"wp","href":"https:\/\/api.w.org\/{rel}","templated":true}]}}