{"id":31860,"date":"2025-01-20T19:28:44","date_gmt":"2025-01-20T19:28:44","guid":{"rendered":"https:\/\/purama.lt\/produktas\/l-cell-urolitinas-a-350mg-kapsules-60-vnt\/"},"modified":"2026-04-07T12:30:48","modified_gmt":"2026-04-07T10:30:48","slug":"l-solu-urolitiini-a-350mg-kapselit-60-kpl","status":"publish","type":"product","link":"https:\/\/purama.lt\/fi\/produktas\/l-cell-urolitinas-a-350mg-kapsules-60-vnt\/","title":{"rendered":"L Cell Urolitiini A (350mg kapselit, 60 kpl)"},"content":{"rendered":"<p><strong>Kulutus:<\/strong><br>2 kapselia milloin tahansa vuorokauden aikana vesilasillisen kanssa.<\/p>\n\n\n\n<hr class=\"wp-block-separator has-alpha-channel-opacity\"\/>\n\n\n\n<p><strong>Ainesosat:<\/strong>Urolitiini A, kapselikuori (hypromelloosi), sinkkiglukonaatti, tiamiinihydrokloridi, kolekalsiferoli.<\/p>\n\n\n\n<hr class=\"wp-block-separator has-alpha-channel-opacity\"\/>\n\n\n\n<p><strong>Ravintoarvo<\/strong> (2 kapselia):<\/p>\n\n\n\n<figure class=\"wp-block-table\"><table class=\"has-fixed-layout\"><thead><tr><th><strong>Ravinteet<\/strong><\/th><th><strong>M\u00e4\u00e4r\u00e4<\/strong><\/th><th><strong>% RMV<\/strong>*<\/th><\/tr><\/thead><tbody><tr><td>Urolitiini A<\/td><td>700 mg<\/td><td><strong>-<\/strong><\/td><\/tr><tr><td>Sinkki<\/td><td>1,5 mg<\/td><td>15%<\/td><\/tr><tr><td>Tiamiini (B1-vitamiini)<\/td><td>0,165 mg<\/td><td>15%<\/td><\/tr><tr><td>D-vitamiini (kolekalsiferoli)<\/td><td>0,75 \u00b5g<\/td><td>15%<\/td><\/tr><\/tbody><\/table><\/figure>\n\n\n\n<p>*RMV - ravitsemuksellinen viitearvo<\/p>\n\n\n\n<p><a href=\"https:\/\/drive.google.com\/file\/d\/1RFVp9vWqWD-mv1psscwSspclxt5Fqigj\/view\" target=\"_blank\" rel=\"noreferrer noopener\">COA-todistus<\/a><\/p>\n\n\n\n<p>Etsitk\u00f6 lis\u00e4\u00e4? Katso kaikki <a href=\"\/fi\/tuoteselosteet\/l-cell\/\">L Cell-alue<\/a>.<\/p>","protected":false},"excerpt":{"rendered":"<p data-start=\"154\" data-end=\"249\"><strong data-start=\"158\" data-end=\"249\">L Cell Urolitin A - edistyksellinen tuki p\u00e4ivitt\u00e4iselle energialle, lihaksille ja pitk\u00e4ik\u00e4isyydelle. <\/strong><strong data-start=\"251\" data-end=\"274\">L Cell Urolitiini A\u00ae<\/strong> - on eritt\u00e4in puhdas ja voimakas Urolithin A -lis\u00e4 niille, jotka haluavat aktiivisesti tukea solujensa terveytt\u00e4, energiaa, lihasten toimintaa ja kognitiivista suorituskyky\u00e4. Jokainen kapseli sis\u00e4lt\u00e4\u00e4 per\u00e4ti 350 mg puhdasta Urolithin A:ta, joka on kehitetty farmaseuttisessa laboratoriossa maksimaalisen biologisen hy\u00f6tyosuuden ja tehon saavuttamiseksi.<\/p>\n<p data-start=\"605\" data-end=\"633\"><strong data-start=\"609\" data-end=\"633\">Miksi valita:<br \/><\/strong>\u2714\ufe0f <strong data-start=\"638\" data-end=\"675\">Vahva annos p\u00e4ivitt\u00e4iseen tukeen<\/strong> - jopa 700 mg Urolithin A:ta p\u00e4ivitt\u00e4ist\u00e4 annosta kohti.<br data-start=\"725\" data-end=\"728\" \/>\u2714\ufe0f <strong data-start=\"731\" data-end=\"774\">Solujen uudistuminen ja pitk\u00e4ik\u00e4isyys<\/strong> - auttaa yll\u00e4pit\u00e4m\u00e4\u00e4n mitokondrioiden toimintaa ja autofagiaa.<br data-start=\"840\" data-end=\"843\" \/>\u2714\ufe0f <strong data-start=\"846\" data-end=\"869\">Energiaa ja \u00e4lykkyytt\u00e4 varten<\/strong> - tukee normaalia energia-aineenvaihduntaa ja hermoston toimintaa<br data-start=\"933\" data-end=\"936\" \/>\u2714\ufe0f <strong data-start=\"939\" data-end=\"965\">Lihaksille ja aktiivisuudelle<\/strong> - edist\u00e4\u00e4 lihasten normaalia toimintaa<br data-start=\"1008\" data-end=\"1011\" \/>\u2714\ufe0f <strong data-start=\"1014\" data-end=\"1036\">GMO- ja allergeenivapaa<\/strong> - puhdas kaava ilman tarpeettomia lis\u00e4aineita<br data-start=\"1092\" data-end=\"1095\" \/>\u2714\ufe0f <strong data-start=\"1098\" data-end=\"1116\">Sopii vegaaneille<\/strong> - HPMC:st\u00e4 valmistettu kapselikuori, ei-el\u00e4inper\u00e4inen<br data-start=\"1167\" data-end=\"1170\" \/>\u2714\ufe0f <strong data-start=\"1173\" data-end=\"1206\">Laboratoriossa testattu laatu<\/strong> - s\u00e4\u00e4nn\u00f6llinen testaus puhtauden, raskasmetallien ja mykotoksiinien osalta.<\/p>","protected":false},"featured_media":31865,"comment_status":"open","ping_status":"closed","template":"","meta":{"_acf_changed":false},"product_brand":[433],"product_cat":[122,57,251,279,280,248,123,281,249],"product_tag":[],"class_list":{"0":"post-31860","1":"product","2":"type-product","3":"status-publish","4":"has-post-thumbnail","6":"product_brand-l-cell","7":"product_cat-lasteliu-jaunystei","8":"product_cat-akcijos","9":"product_cat-antioksidantai","10":"product_cat-kaulams-ir-sanariams","11":"product_cat-kaulu-stiprinimas","12":"product_cat-nad-ir-mitochondrijos","13":"product_cat-papildai-ilgaamziskumui","14":"product_cat-raumenu-palaikymas","15":"product_cat-senolitikai","17":"first","18":"instock","19":"sale","20":"shipping-taxable","21":"purchasable","22":"product-type-simple"},"acf":[],"tiered_pricing_type":"fixed","tiered_pricing_fixed_rules":[],"tiered_pricing_product_settings":{"layout":"default","base_unit_name":{"singular":null,"plural":null},"default_variation":null},"tiered_pricing_minimum_quantity":null,"tiered_pricing_roles_data":[],"tiered_pricing_percentage_rules":[],"_links":{"self":[{"href":"https:\/\/purama.lt\/fi\/wp-json\/wp\/v2\/product\/31860","targetHints":{"allow":["GET"]}}],"collection":[{"href":"https:\/\/purama.lt\/fi\/wp-json\/wp\/v2\/product"}],"about":[{"href":"https:\/\/purama.lt\/fi\/wp-json\/wp\/v2\/types\/product"}],"replies":[{"embeddable":true,"href":"https:\/\/purama.lt\/fi\/wp-json\/wp\/v2\/comments?post=31860"}],"wp:featuredmedia":[{"embeddable":true,"href":"https:\/\/purama.lt\/fi\/wp-json\/wp\/v2\/media\/31865"}],"wp:attachment":[{"href":"https:\/\/purama.lt\/fi\/wp-json\/wp\/v2\/media?parent=31860"}],"wp:term":[{"taxonomy":"product_brand","embeddable":true,"href":"https:\/\/purama.lt\/fi\/wp-json\/wp\/v2\/product_brand?post=31860"},{"taxonomy":"product_cat","embeddable":true,"href":"https:\/\/purama.lt\/fi\/wp-json\/wp\/v2\/product_cat?post=31860"},{"taxonomy":"product_tag","embeddable":true,"href":"https:\/\/purama.lt\/fi\/wp-json\/wp\/v2\/product_tag?post=31860"}],"curies":[{"name":"wp","href":"https:\/\/api.w.org\/{rel}","templated":true}]}}