{"id":31859,"date":"2025-01-20T19:28:44","date_gmt":"2025-01-20T19:28:44","guid":{"rendered":"https:\/\/purama.lt\/produktas\/l-cell-trans-resveratrolis-milteliai-24g\/"},"modified":"2026-04-03T14:24:03","modified_gmt":"2026-04-03T12:24:03","slug":"l-cell-trans-resveratrol-jauhe-24g","status":"publish","type":"product","link":"https:\/\/purama.lt\/fi\/produktas\/l-cell-trans-resveratrolis-milteliai-24g\/","title":{"rendered":"L Cell Trans Resveratrol (jauhe, 24g)"},"content":{"rendered":"<p><strong>Kulutus:<\/strong><br>2 kauhallista jauhetta (800 mg trans-resveratrolia) aamulla. Sekoittaminen rasvaisiin ruokiin (esim. oliivi\u00f6ljy, jogurtti) on suositeltavaa imeytymisen lis\u00e4\u00e4miseksi.<\/p>\n\n\n\n<hr class=\"wp-block-separator has-alpha-channel-opacity\"\/>\n\n\n\n<p><strong>Ainesosat:<\/strong>Japaninruohouute (\u226598% trans-resveratrol), sinkkiglukonaatti, tiamiinihydrokloridi, kolekalsiferoli.<\/p>\n\n\n\n<hr class=\"wp-block-separator has-alpha-channel-opacity\"\/>\n\n\n\n<p><strong>Ravintoarvo<\/strong> (2 kauhallista):<\/p>\n\n\n\n<figure class=\"wp-block-table\"><table class=\"has-fixed-layout\"><thead><tr><th><strong>Ravinteet<\/strong><\/th><th><strong>M\u00e4\u00e4r\u00e4<\/strong><\/th><th><strong>% RMV<\/strong>*<\/th><\/tr><\/thead><tbody><tr><td>Japanilainen Reinuthria-uute (98% trans-resveratrol)<\/td><td>800 mg<\/td><td><strong>-<\/strong><\/td><\/tr><tr><td>Sinkki<\/td><td>1,5 mg<\/td><td>15%<\/td><\/tr><tr><td>Tiamiini (B1-vitamiini)<\/td><td>0,165 mg<\/td><td>15%<\/td><\/tr><tr><td>D3-vitamiini<\/td><td>0,75 \u00b5g<\/td><td>15%<\/td><\/tr><\/tbody><\/table><\/figure>\n\n\n\n<p>*RMV - ravitsemuksellinen viitearvo<br>**RMV ei m\u00e4\u00e4ritetty<\/p>\n\n\n\n<p><strong>Aloittelijan opas:<\/strong> Rationaalisen alun ja luettelon 5 parhaasta pitk\u00e4ik\u00e4isyyslis\u00e4st\u00e4 vuodelle 2026 l\u00f6yd\u00e4t t\u00e4\u00e4lt\u00e4: <a href=\"https:\/\/purama.lt\/fi\/pitkaikaisyys-lisaravinteet-aloittelijoille-2026\/\">Top 5 pitk\u00e4ik\u00e4isyyslis\u00e4\u00e4 aloittelijoille vuonna 2026: mist\u00e4 aloittaa?<\/a><\/p>\n\n\n\n<p><a href=\"https:\/\/drive.google.com\/file\/d\/1jVWwSHJelxX165DdWy2uaN9lRuosche8\/view\" target=\"_blank\" rel=\"noreferrer noopener\">COA-todistus<\/a><\/p>\n\n\n\n<p>Etsitk\u00f6 lis\u00e4\u00e4? Katso kaikki <a href=\"\/fi\/tuoteselosteet\/l-cell\/\">L Cell-alue<\/a>.<\/p>","protected":false},"excerpt":{"rendered":"<p data-start=\"185\" data-end=\"281\"><strong data-start=\"189\" data-end=\"281\">L Cell Trans Resveratrol - solusuojaus, nivelten mukavuus ja terve ik\u00e4\u00e4ntyminen\u00a0<\/strong><strong data-start=\"283\" data-end=\"306\">L Cell Resveratrol\u00ae<\/strong> - on puhdas, voimakas trans-resveratrolijauhe, joka on tarkoitettu niille, jotka ovat huolissaan syd\u00e4mens\u00e4, niveltens\u00e4 ja solujensa terveydest\u00e4. 800 mg ensiluokkaista trans-resveratrolia annosta kohti auttaa tukemaan elimist\u00f6n vastustuskyky\u00e4 hapettumisvaurioita ja tulehdusprosesseja vastaan.<\/p>\n<p data-start=\"601\" data-end=\"629\"><strong data-start=\"605\" data-end=\"629\">Miksi valita:<br \/><\/strong>\u2714\ufe0f <strong data-start=\"634\" data-end=\"689\">Vahva p\u00e4ivitt\u00e4inen annos, jopa 800 mg trans-resveratrolia.<\/strong><br data-start=\"689\" data-end=\"692\" \/>\u2714\ufe0f <strong data-start=\"695\" data-end=\"733\">Syd\u00e4n, verenkierto ja nivelet<\/strong> - tukee normaalia syd\u00e4men toimintaa ja nivelten mukavuutta<br data-start=\"787\" data-end=\"790\" \/>\u2714\ufe0f <strong data-start=\"793\" data-end=\"817\">Suojaa tulehdukselta<\/strong> - auttaa s\u00e4\u00e4telem\u00e4\u00e4n tulehdus- ja immuunireaktioita.<br data-start=\"868\" data-end=\"871\" \/>\u2714\ufe0f <strong data-start=\"874\" data-end=\"902\">Pitk\u00e4ik\u00e4isyyden s\u00e4ilytt\u00e4minen<\/strong> - toimii senomorfisena ja voimakkaana antioksidanttina.<br data-start=\"956\" data-end=\"959\" \/>\u2714\ufe0f <strong data-start=\"962\" data-end=\"994\">Korkein puhtaus - &gt;98%<\/strong><br data-start=\"994\" data-end=\"997\" \/>\u2714\ufe0f <strong data-start=\"1000\" data-end=\"1022\">Luonnollinen l\u00e4hde<\/strong> - Japanilainen Reinuthria-uute ilman synteettisi\u00e4 ep\u00e4puhtauksia<br data-start=\"1079\" data-end=\"1082\" \/>\u2714\ufe0f <strong data-start=\"1085\" data-end=\"1106\">Vegaaninen kaava<\/strong> - sopii kaikkiin el\u00e4m\u00e4ntapoihin<br data-start=\"1138\" data-end=\"1141\" \/>\u2714\ufe0f <strong data-start=\"1144\" data-end=\"1177\" data-is-only-node=\"\">Laboratoriossa testattu laatu<\/strong> - Puhtaus, raskasmetallit ja mykotoksiinit tarkastetaan s\u00e4\u00e4nn\u00f6llisesti.<br data-start=\"1244\" data-end=\"1247\" \/>\u2714\ufe0f <strong data-start=\"1250\" data-end=\"1285\">Ei muuntogeenisi\u00e4 organismeja, s\u00e4il\u00f6nt\u00e4aineita tai allergeeneja<\/strong> - vain se, mik\u00e4 on hyv\u00e4ksi kehollesi<\/p>","protected":false},"featured_media":31864,"comment_status":"open","ping_status":"closed","template":"","meta":{"_acf_changed":false},"product_brand":[433],"product_cat":[122,57,251,253,252,248,255,123,249,256,250,254],"product_tag":[],"class_list":{"0":"post-31859","1":"product","2":"type-product","3":"status-publish","4":"has-post-thumbnail","6":"product_brand-l-cell","7":"product_cat-lasteliu-jaunystei","8":"product_cat-akcijos","9":"product_cat-antioksidantai","10":"product_cat-imuniteto-palaikymas","11":"product_cat-imunitetui","12":"product_cat-nad-ir-mitochondrijos","13":"product_cat-oksidacinio-streso-mazinimas","14":"product_cat-papildai-ilgaamziskumui","15":"product_cat-senolitikai","16":"product_cat-smegenims-ir-atminciai","17":"product_cat-telomeru-ir-dnr-apsauga","18":"product_cat-uzdegimo-mazinimas","20":"first","21":"instock","22":"sale","23":"shipping-taxable","24":"purchasable","25":"product-type-simple"},"acf":[],"tiered_pricing_type":"fixed","tiered_pricing_fixed_rules":[],"tiered_pricing_product_settings":{"layout":"default","base_unit_name":{"singular":null,"plural":null},"default_variation":null},"tiered_pricing_minimum_quantity":null,"tiered_pricing_roles_data":[],"tiered_pricing_percentage_rules":[],"_links":{"self":[{"href":"https:\/\/purama.lt\/fi\/wp-json\/wp\/v2\/product\/31859","targetHints":{"allow":["GET"]}}],"collection":[{"href":"https:\/\/purama.lt\/fi\/wp-json\/wp\/v2\/product"}],"about":[{"href":"https:\/\/purama.lt\/fi\/wp-json\/wp\/v2\/types\/product"}],"replies":[{"embeddable":true,"href":"https:\/\/purama.lt\/fi\/wp-json\/wp\/v2\/comments?post=31859"}],"wp:featuredmedia":[{"embeddable":true,"href":"https:\/\/purama.lt\/fi\/wp-json\/wp\/v2\/media\/31864"}],"wp:attachment":[{"href":"https:\/\/purama.lt\/fi\/wp-json\/wp\/v2\/media?parent=31859"}],"wp:term":[{"taxonomy":"product_brand","embeddable":true,"href":"https:\/\/purama.lt\/fi\/wp-json\/wp\/v2\/product_brand?post=31859"},{"taxonomy":"product_cat","embeddable":true,"href":"https:\/\/purama.lt\/fi\/wp-json\/wp\/v2\/product_cat?post=31859"},{"taxonomy":"product_tag","embeddable":true,"href":"https:\/\/purama.lt\/fi\/wp-json\/wp\/v2\/product_tag?post=31859"}],"curies":[{"name":"wp","href":"https:\/\/api.w.org\/{rel}","templated":true}]}}