{"id":31857,"date":"2025-01-20T19:28:44","date_gmt":"2025-01-20T19:28:44","guid":{"rendered":"https:\/\/purama.lt\/produktas\/l-cell-tmg-betainas-milteliai-90g\/"},"modified":"2026-04-07T12:43:59","modified_gmt":"2026-04-07T10:43:59","slug":"l-solun-tmg-betaiinijauhe-90g","status":"publish","type":"product","link":"https:\/\/purama.lt\/fi\/produktas\/l-cell-tmg-betainas-milteliai-90g\/","title":{"rendered":"L Cell TMG Betaine (jauhe, 90g)"},"content":{"rendered":"<p><strong>Kulutus:<\/strong><br>1 mittalusikallinen (noin 500 mg) aamiaisella ja 1 mittalusikallinen lounaalla. Ota veden tai muun nesteen kanssa aterioiden yhteydess\u00e4.<\/p>\n\n\n\n<hr class=\"wp-block-separator has-alpha-channel-opacity\"\/>\n\n\n\n<p><strong>Ainesosat:<\/strong> Trimetyyliglysiini (TMG-betaiini), sinkkiglukonaatti, tiamiinihydrokloridi.<\/p>\n\n\n\n<p><a href=\"https:\/\/drive.google.com\/file\/d\/1Q_GBz_RPeh4BW_GBQuGKBtCmybVQViy1\/view\" target=\"_blank\" rel=\"noreferrer noopener\">COA-todistus<\/a><\/p>\n\n\n\n<p>Etsitk\u00f6 lis\u00e4\u00e4? Katso kaikki <a href=\"\/fi\/tuoteselosteet\/l-cell\/\">L Cell-alue<\/a>.<\/p>","protected":false},"excerpt":{"rendered":"<p data-start=\"239\" data-end=\"298\"><strong data-start=\"243\" data-end=\"298\">L Cell TMG Betaine - syd\u00e4melle, mielelle ja energialle.\u00a0<\/strong><strong data-start=\"300\" data-end=\"323\">L Cell TMG Betaine\u00ae<\/strong> - on puhdas trimetyyliglysiini (TMG) jauhemainen kaava, joka on suunniteltu tukemaan syd\u00e4n-, verenkierto- ja hermoj\u00e4rjestelm\u00e4\u00e4. Jokainen annos sis\u00e4lt\u00e4\u00e4 1000 mg aktiivista ainesosaa, joka toimii metyyliryhm\u00e4n luovuttajana, tehostaa NAD+-esiasteiden (esim. NMN tai NR) vaikutuksia ja edist\u00e4\u00e4 solujen pitk\u00e4ik\u00e4isyytt\u00e4. TMG auttaa s\u00e4\u00e4telem\u00e4\u00e4n veren homokysteiinipitoisuuksia, tukee normaalia syd\u00e4men toimintaa, psykologista hyvinvointia ja saattaa parantaa hapen hyv\u00e4ksik\u00e4ytt\u00f6\u00e4 urheilun aikana. <\/p>\n<p><strong data-start=\"800\" data-end=\"824\"> Miksi valita:<br \/><\/strong>\u2714\ufe0f 1000 mg TMG-betaiinia p\u00e4iv\u00e4ss\u00e4 on optimaalinen annos.<br data-start=\"874\" data-end=\"877\" \/>\u2714\ufe0f Tukee syd\u00e4men, verenkierron ja hermoston toimintaa.<br data-start=\"935\" data-end=\"938\" \/>\u2714\ufe0f Toimii metyyliryhm\u00e4n luovuttajana - solujen pitk\u00e4ik\u00e4isyyden ja NAD+-synteesin kannalta.<br data-start=\"1017\" data-end=\"1020\" \/>\u2714\ufe0f &gt;98 %-puhtaus, ei GMO:ita, maku- tai v\u00e4riaineita.<br data-start=\"1068\" data-end=\"1071\" \/>\u2714\ufe0f Sopii vegaaneille<br data-start=\"1088\" data-end=\"1091\" \/>\u2714\ufe0f Laboratoriossa testattu laatu - ei raskasmetalleja tai mykotoksiineja.<br data-start=\"1160\" data-end=\"1163\" \/>\u2714\ufe0f 90+ p\u00e4iv\u00e4n pakkaus<\/p>\n<p data-start=\"239\" data-end=\"298\"><strong>Toimitus Liettuassa:<\/strong> 2-3 ty\u00f6p\u00e4iv\u00e4\u00e4.<\/p>","protected":false},"featured_media":31893,"comment_status":"open","ping_status":"closed","template":"","meta":{"_acf_changed":false},"product_brand":[433],"product_cat":[122,260,263,262,248,123],"product_tag":[],"class_list":{"0":"post-31857","1":"product","2":"type-product","3":"status-publish","4":"has-post-thumbnail","6":"product_brand-l-cell","7":"product_cat-lasteliu-jaunystei","8":"product_cat-energijai-ir-apykaitai","9":"product_cat-fizine-istverme","10":"product_cat-medziagu-apykaita","11":"product_cat-nad-ir-mitochondrijos","12":"product_cat-papildai-ilgaamziskumui","14":"first","15":"instock","16":"shipping-taxable","17":"purchasable","18":"product-type-simple"},"acf":[],"tiered_pricing_type":"fixed","tiered_pricing_fixed_rules":[],"tiered_pricing_product_settings":{"layout":"default","base_unit_name":{"singular":null,"plural":null},"default_variation":null},"tiered_pricing_minimum_quantity":null,"tiered_pricing_roles_data":[],"tiered_pricing_percentage_rules":[],"_links":{"self":[{"href":"https:\/\/purama.lt\/fi\/wp-json\/wp\/v2\/product\/31857","targetHints":{"allow":["GET"]}}],"collection":[{"href":"https:\/\/purama.lt\/fi\/wp-json\/wp\/v2\/product"}],"about":[{"href":"https:\/\/purama.lt\/fi\/wp-json\/wp\/v2\/types\/product"}],"replies":[{"embeddable":true,"href":"https:\/\/purama.lt\/fi\/wp-json\/wp\/v2\/comments?post=31857"}],"wp:featuredmedia":[{"embeddable":true,"href":"https:\/\/purama.lt\/fi\/wp-json\/wp\/v2\/media\/31893"}],"wp:attachment":[{"href":"https:\/\/purama.lt\/fi\/wp-json\/wp\/v2\/media?parent=31857"}],"wp:term":[{"taxonomy":"product_brand","embeddable":true,"href":"https:\/\/purama.lt\/fi\/wp-json\/wp\/v2\/product_brand?post=31857"},{"taxonomy":"product_cat","embeddable":true,"href":"https:\/\/purama.lt\/fi\/wp-json\/wp\/v2\/product_cat?post=31857"},{"taxonomy":"product_tag","embeddable":true,"href":"https:\/\/purama.lt\/fi\/wp-json\/wp\/v2\/product_tag?post=31857"}],"curies":[{"name":"wp","href":"https:\/\/api.w.org\/{rel}","templated":true}]}}