{"id":31856,"date":"2025-01-20T19:28:44","date_gmt":"2025-01-20T19:28:44","guid":{"rendered":"https:\/\/purama.lt\/produktas\/l-cell-tmg-betainas-500mg-kapsules-60-vnt\/"},"modified":"2026-04-03T14:38:11","modified_gmt":"2026-04-03T12:38:11","slug":"l-cell-tmg-betaiini-500mg-kapselit-60-kpl","status":"publish","type":"product","link":"https:\/\/purama.lt\/fi\/produktas\/l-cell-tmg-betainas-500mg-kapsules-60-vnt\/","title":{"rendered":"L Cell TMG Betaine (500mg kapselit, 60 kpl)"},"content":{"rendered":"<p><strong>Kulutus:<\/strong><\/p>\n\n\n\n<p>Ota 1 kapseli aamulla ja 1 kapseli lounasaikaan vesilasillisen kanssa.<\/p>\n\n\n\n<p><strong>Tuotetiedot:<\/strong><\/p>\n\n\n\n<ul class=\"wp-block-list\">\n<li>60 kapselia per pakkaus<\/li>\n\n\n\n<li>500 mg TMG Betaiinia jokaisessa kapselissa<\/li>\n\n\n\n<li>1000 mg\/vrk (2 kapselia)<\/li>\n\n\n\n<li>30+ k\u00e4ytt\u00f6p\u00e4iv\u00e4\u00e4<\/li>\n\n\n\n<li>Farmaseuttinen valmistus<\/li>\n\n\n\n<li>Testataan s\u00e4\u00e4nn\u00f6llisesti puhtauden, raskasmetallien ja mykotoksiinien osalta.<\/li>\n<\/ul>\n\n\n\n<p><strong>Ainesosat:<\/strong> Trimetyyliglysiini, kapselikuori (hypromelloosi - HPMC), tiamiinihydrokloridi.<\/p>\n\n\n\n<p>Ihanteellinen niille, jotka etsiv\u00e4t \u00e4lyk\u00e4st\u00e4 ratkaisua syd\u00e4men, emotionaalisen terveyden ja pitk\u00e4ik\u00e4isyyden tukemiseen.<\/p>\n\n\n\n<p><a href=\"https:\/\/drive.google.com\/file\/d\/1Q_GBz_RPeh4BW_GBQuGKBtCmybVQViy1\/view\" target=\"_blank\" rel=\"noreferrer noopener\">COA-todistus<\/a><\/p>\n\n\n\n<p>Etsitk\u00f6 lis\u00e4\u00e4? Katso kaikki <a href=\"\/fi\/tuoteselosteet\/l-cell\/\">L Cell-alue<\/a>.<\/p>","protected":false},"excerpt":{"rendered":"<p><strong data-start=\"250\" data-end=\"273\">L Cell TMG Betaine\u00ae<\/strong> - on eritt\u00e4in puhdas kaava, joka on suunniteltu tukemaan syd\u00e4men toimintaa, emotionaalista tasapainoa ja pitk\u00e4aikaista elinvoimaa. Trimetyyliglysiini (TMG) toimii metyyliryhmien luovuttajana, mik\u00e4 edist\u00e4\u00e4 NAD+-esiasteiden (NMN tai NR) parempaa hyv\u00e4ksik\u00e4ytt\u00f6\u00e4, mik\u00e4 liittyy suoraan energiaan ja solujen uusiutumiseen. B1-vitamiinilla t\u00e4ydennettyn\u00e4 tuotteella on positiivinen vaikutus hermostoon ja psykologiseen tilaan.<\/p>\n<p data-start=\"679\" data-end=\"697\"><strong data-start=\"683\" data-end=\"695\">Ominaisuudet:<br \/><\/strong>\u2714 Edist\u00e4\u00e4 syd\u00e4men normaalia toimintaa<br data-start=\"740\" data-end=\"743\" \/>\u2714 Tukee psykologista ja hermoston toimintaa<br data-start=\"792\" data-end=\"795\" \/>\u2714 Parantaa NAD + -prekursorien tehokkuutta (NMN, NR)<br data-start=\"838\" data-end=\"841\" \/>\u2714 Eritt\u00e4in puhdas kaava - yli 99% aktiivista ainesosaa.<br data-start=\"901\" data-end=\"904\" \/>\u2714 Sopii vegaaneille - ei gelatiinia, vain HPMC-kapselit.<br data-start=\"954\" data-end=\"957\" \/>\u2714 Ei sis\u00e4ll\u00e4 GMO:eja, v\u00e4riaineita, makuja ja s\u00e4il\u00f6nt\u00e4aineita.<\/p>\n<p data-start=\"679\" data-end=\"697\"><strong>Toimitus Liettuassa:<\/strong> 2-3 ty\u00f6p\u00e4iv\u00e4\u00e4.<\/p>","protected":false},"featured_media":31879,"comment_status":"open","ping_status":"closed","template":"","meta":{"_acf_changed":false},"product_brand":[433],"product_cat":[122,272,253,252,123,269],"product_tag":[],"class_list":{"0":"post-31856","1":"product","2":"type-product","3":"status-publish","4":"has-post-thumbnail","6":"product_brand-l-cell","7":"product_cat-lasteliu-jaunystei","8":"product_cat-emocine-pusiausvyra","9":"product_cat-imuniteto-palaikymas","10":"product_cat-imunitetui","11":"product_cat-papildai-ilgaamziskumui","12":"product_cat-stresui-ir-miegui","14":"first","15":"instock","16":"shipping-taxable","17":"purchasable","18":"product-type-simple"},"acf":[],"tiered_pricing_type":"fixed","tiered_pricing_fixed_rules":[],"tiered_pricing_product_settings":{"layout":"default","base_unit_name":{"singular":null,"plural":null},"default_variation":null},"tiered_pricing_minimum_quantity":null,"tiered_pricing_roles_data":[],"tiered_pricing_percentage_rules":[],"_links":{"self":[{"href":"https:\/\/purama.lt\/fi\/wp-json\/wp\/v2\/product\/31856","targetHints":{"allow":["GET"]}}],"collection":[{"href":"https:\/\/purama.lt\/fi\/wp-json\/wp\/v2\/product"}],"about":[{"href":"https:\/\/purama.lt\/fi\/wp-json\/wp\/v2\/types\/product"}],"replies":[{"embeddable":true,"href":"https:\/\/purama.lt\/fi\/wp-json\/wp\/v2\/comments?post=31856"}],"wp:featuredmedia":[{"embeddable":true,"href":"https:\/\/purama.lt\/fi\/wp-json\/wp\/v2\/media\/31879"}],"wp:attachment":[{"href":"https:\/\/purama.lt\/fi\/wp-json\/wp\/v2\/media?parent=31856"}],"wp:term":[{"taxonomy":"product_brand","embeddable":true,"href":"https:\/\/purama.lt\/fi\/wp-json\/wp\/v2\/product_brand?post=31856"},{"taxonomy":"product_cat","embeddable":true,"href":"https:\/\/purama.lt\/fi\/wp-json\/wp\/v2\/product_cat?post=31856"},{"taxonomy":"product_tag","embeddable":true,"href":"https:\/\/purama.lt\/fi\/wp-json\/wp\/v2\/product_tag?post=31856"}],"curies":[{"name":"wp","href":"https:\/\/api.w.org\/{rel}","templated":true}]}}