{"id":31855,"date":"2025-01-20T19:28:44","date_gmt":"2025-01-20T19:28:44","guid":{"rendered":"https:\/\/purama.lt\/produktas\/l-cell-spermidinas-milteliai-15g\/"},"modified":"2026-04-14T14:32:19","modified_gmt":"2026-04-14T12:32:19","slug":"l-solujen-spermidiinijauhe-15g","status":"publish","type":"product","link":"https:\/\/purama.lt\/fi\/produktas\/l-cell-spermidinas-milteliai-15g\/","title":{"rendered":"L Cell Spermidiini (jauhe, 15 g)"},"content":{"rendered":"<p><strong>Kulutus:<\/strong><\/p>\n\n\n\n<p>1 mittalusikallinen (noin 6 mg spermidiini\u00e4) - aamiaisen j\u00e4lkeen tai ajoittaisen paastoamisen j\u00e4lkeen. Sekoita veteen tai muuhun nesteeseen ja juo.<\/p>\n\n\n\n<p><strong>Tuotetiedot:<\/strong><\/p>\n\n\n\n<ul class=\"wp-block-list\">\n<li>15 g neutraalia aromijauhetta<\/li>\n\n\n\n<li>0,5 ml:n mittakuppi (6 mg spermidiinia)<\/li>\n\n\n\n<li>Yli 30 p\u00e4iv\u00e4n osuudet<\/li>\n\n\n\n<li>1,2 %-pitoisuus - optimaalinen imeytyminen<\/li>\n\n\n\n<li>Tuotanto l\u00e4\u00e4kkeiden laatulaboratoriossa<\/li>\n\n\n\n<li>Tarkastetaan s\u00e4\u00e4nn\u00f6llisesti puhtauden, raskasmetallien ja mykotoksiinien osalta.<\/li>\n<\/ul>\n\n\n\n<p><strong>Ainesosat:<\/strong> Selluloosa, spermidiinitetrahydrokloridi, sinkkiglukonaatti, tiamiinihydrokloridi.<\/p>\n\n\n\n<p>Sopii p\u00e4ivitt\u00e4iseen k\u00e4ytt\u00f6\u00f6n. Suunniteltu tukemaan pitk\u00e4ik\u00e4isyytt\u00e4 ja aktivoimaan kehon uudistavia toimintoja.<\/p>\n\n\n\n<p><strong>Aloittelijan opas:<\/strong> Rationaalisen alun ja luettelon 5 parhaasta pitk\u00e4ik\u00e4isyyslis\u00e4st\u00e4 vuodelle 2026 l\u00f6yd\u00e4t t\u00e4\u00e4lt\u00e4: <a href=\"https:\/\/purama.lt\/fi\/pitkaikaisyys-lisaravinteet-aloittelijoille-2026\/\">Top 5 pitk\u00e4ik\u00e4isyyslis\u00e4\u00e4 aloittelijoille vuonna 2026: mist\u00e4 aloittaa?<\/a><\/p>\n\n\n\n<p>Etsitk\u00f6 lis\u00e4\u00e4? Katso kaikki <a href=\"\/fi\/tuoteselosteet\/l-solu\/\">L Cell-alue<\/a>.<\/p>","protected":false},"excerpt":{"rendered":"<p><strong data-start=\"262\" data-end=\"284\">L Cell Spermidiini\u00ae<\/strong> - on farmaseuttista laatua oleva jauhe, joka on suunniteltu tukemaan kehon solujen uudistumista, parantamaan aineenvaihduntaa ja edist\u00e4m\u00e4\u00e4n pitk\u00e4ik\u00e4isyytt\u00e4. Jokainen annos sis\u00e4lt\u00e4\u00e4 6 mg spermidiini\u00e4, joka luonnollisesti moduloi autofagiaprosesseja, stimuloi solujen itsepuhdistumismekanismeja ja edist\u00e4\u00e4 parempaa kehon terveytt\u00e4. Sit\u00e4 on t\u00e4ydennetty sinkill\u00e4 ja B1-vitamiinilla, joilla on syd\u00e4nt\u00e4, hermostoa ja energia-aineenvaihduntaa vahvistava vaikutus.<\/p>\n<p data-start=\"731\" data-end=\"749\"><strong data-start=\"735\" data-end=\"747\">Ominaisuudet:<br \/><\/strong>\u2714 Stimuloi autofagiaa - solujen luonnollista uudistumisprosessia.<br data-start=\"812\" data-end=\"815\" \/>\u2714 Edist\u00e4\u00e4 normaalia syd\u00e4men, hermoston ja psykologista toimintaa.<br data-start=\"881\" data-end=\"884\" \/>\u2714 Tukee aineenvaihduntaa: hiilihydraatit, rasvahapot ja makroravintoaineet.<br data-start=\"961\" data-end=\"964\" \/>\u2714 Sopii ajoittaiseen paastoon tai p\u00e4ivitt\u00e4iseen k\u00e4ytt\u00f6\u00f6n.<br data-start=\"1019\" data-end=\"1022\" \/>\u2714 Neutraali maku - sekoittuu helposti veteen tai muihin juomiin.<br data-start=\"1086\" data-end=\"1089\" \/>\u2714 Sopii vegaaneille, ei GMO:ita, v\u00e4riaineita tai s\u00e4il\u00f6nt\u00e4aineita.<\/p>","protected":false},"featured_media":31892,"comment_status":"open","ping_status":"closed","template":"","meta":{"_acf_changed":false},"product_brand":[433],"product_cat":[122,57,123,249],"product_tag":[],"class_list":{"0":"post-31855","1":"product","2":"type-product","3":"status-publish","4":"has-post-thumbnail","6":"product_brand-l-cell","7":"product_cat-lasteliu-jaunystei","8":"product_cat-akcijos","9":"product_cat-papildai-ilgaamziskumui","10":"product_cat-senolitikai","12":"first","13":"instock","14":"sale","15":"shipping-taxable","16":"purchasable","17":"product-type-simple"},"acf":[],"tiered_pricing_type":"fixed","tiered_pricing_fixed_rules":[],"tiered_pricing_product_settings":{"layout":"default","base_unit_name":{"singular":null,"plural":null},"default_variation":null},"tiered_pricing_minimum_quantity":null,"tiered_pricing_roles_data":[],"tiered_pricing_percentage_rules":[],"_links":{"self":[{"href":"https:\/\/purama.lt\/fi\/wp-json\/wp\/v2\/product\/31855","targetHints":{"allow":["GET"]}}],"collection":[{"href":"https:\/\/purama.lt\/fi\/wp-json\/wp\/v2\/product"}],"about":[{"href":"https:\/\/purama.lt\/fi\/wp-json\/wp\/v2\/types\/product"}],"replies":[{"embeddable":true,"href":"https:\/\/purama.lt\/fi\/wp-json\/wp\/v2\/comments?post=31855"}],"wp:featuredmedia":[{"embeddable":true,"href":"https:\/\/purama.lt\/fi\/wp-json\/wp\/v2\/media\/31892"}],"wp:attachment":[{"href":"https:\/\/purama.lt\/fi\/wp-json\/wp\/v2\/media?parent=31855"}],"wp:term":[{"taxonomy":"product_brand","embeddable":true,"href":"https:\/\/purama.lt\/fi\/wp-json\/wp\/v2\/product_brand?post=31855"},{"taxonomy":"product_cat","embeddable":true,"href":"https:\/\/purama.lt\/fi\/wp-json\/wp\/v2\/product_cat?post=31855"},{"taxonomy":"product_tag","embeddable":true,"href":"https:\/\/purama.lt\/fi\/wp-json\/wp\/v2\/product_tag?post=31855"}],"curies":[{"name":"wp","href":"https:\/\/api.w.org\/{rel}","templated":true}]}}