{"id":31854,"date":"2025-01-20T19:28:43","date_gmt":"2025-01-20T19:28:43","guid":{"rendered":"https:\/\/purama.lt\/produktas\/l-cell-spermidinas-3mg-kapsules-60-vnt\/"},"modified":"2026-04-22T15:22:07","modified_gmt":"2026-04-22T13:22:07","slug":"l-solun-spermidiini-3mg-kapselit-60-kpl","status":"publish","type":"product","link":"https:\/\/purama.lt\/fi\/produktas\/l-cell-spermidinas-3mg-kapsules-60-vnt\/","title":{"rendered":"L Cell Spermidiini (3 mg kapselit, 60 kpl)"},"content":{"rendered":"<p><strong>Kulutus:<\/strong> Ota 1 kapseli aamulla ja illalla lasillisen veden kera, mieluiten aterian yhteydess\u00e4.<\/p>\n\n\n\n<hr class=\"wp-block-separator has-alpha-channel-opacity\"\/>\n\n\n\n<p><strong>Ainesosat:<\/strong> Vehn\u00e4nalkiouute (sis\u00e4lt\u00e4\u00e4 0,24 % spermidiini\u00e4), kapselikuori (hypromelloosi), sinkkiglukonaatti, tiamiinihydrokloridi.<\/p>\n\n\n\n<hr class=\"wp-block-separator has-alpha-channel-opacity\"\/>\n\n\n\n<p><strong>Ravintoarvo<\/strong> (2 kapselia):<\/p>\n\n\n\n<figure class=\"wp-block-table\"><table class=\"has-fixed-layout\"><thead><tr><th><strong>Ravinteet<\/strong><\/th><th><strong>M\u00e4\u00e4r\u00e4<\/strong><\/th><th><strong>% RMV*<\/strong><\/th><\/tr><\/thead><tbody><tr><td>Vehn\u00e4nalkiouute<\/td><td>2500 mg<\/td><td>-<\/td><\/tr><tr><td>...josta spermidiini<\/td><td>6 mg<\/td><td>-<\/td><\/tr><tr><td>Sinkki<\/td><td>1,5 mg<\/td><td>15 %<\/td><\/tr><tr><td>Tiamiini (B1-vitamiini)<\/td><td>0,165 mg<\/td><td>15 %<\/td><\/tr><\/tbody><\/table><\/figure>\n\n\n\n<p>*RMV - ravitsemuksellinen viitearvo<br>**RMV ei m\u00e4\u00e4ritetty<\/p>\n\n\n\n<p><strong>Aloittelijan opas:<\/strong> Rationaalisen alun ja luettelon 5 parhaasta pitk\u00e4ik\u00e4isyyslis\u00e4st\u00e4 vuodelle 2026 l\u00f6yd\u00e4t t\u00e4\u00e4lt\u00e4: <a href=\"https:\/\/purama.lt\/fi\/pitkaikaisyys-lisaravinteet-aloittelijoille-2026\/\">Top 5 pitk\u00e4ik\u00e4isyyslis\u00e4\u00e4 aloittelijoille vuonna 2026: mist\u00e4 aloittaa?<\/a><\/p>\n\n\n\n<p>Etsitk\u00f6 lis\u00e4\u00e4? Katso kaikki <a href=\"\/fi\/tuoteselosteet\/l-cell\/\">L Cell-alue<\/a>.<\/p>","protected":false},"excerpt":{"rendered":"<p data-start=\"217\" data-end=\"290\"><strong data-start=\"221\" data-end=\"290\">L Cell Spermidiini - vapauttaa solujen uusiutumispotentiaalin.\u00a0<\/strong><strong data-start=\"292\" data-end=\"314\">L Cell Spermidiini\u00ae<\/strong> - on kehittynyt luonnollista alkuper\u00e4\u00e4 oleva lis\u00e4ravinne, <strong>niille, jotka etsiv\u00e4t pitk\u00e4ik\u00e4isyytt\u00e4, parempaa aineenvaihduntaa ja selke\u00e4mp\u00e4\u00e4 mielt\u00e4.<\/strong>. Jokainen kapseli sis\u00e4lt\u00e4\u00e4 3 mg spermidiini\u00e4 korkealaatuisesta vehn\u00e4nalkiouutteesta, joka toimii autofagian modulaattorina - edist\u00e4\u00e4 vaurioituneiden solujen luonnollista \u201epuhdistumista\u201c ja uudistumista. T\u00e4m\u00e4 yhdiste liitet\u00e4\u00e4n yh\u00e4 useammin terveeseen ik\u00e4\u00e4ntymiseen, syd\u00e4men ja hermoston toimintaan, ja sen s\u00e4\u00e4nn\u00f6llisest\u00e4 k\u00e4yt\u00f6st\u00e4 on tulossa p\u00e4ivitt\u00e4inen osa hyvinvointia bioteknologian aikakaudella.<\/p>\n<p data-start=\"843\" data-end=\"871\"><strong data-start=\"847\" data-end=\"871\">Miksi valita:<br \/><\/strong>\u2714\ufe0f 6 mg spermidiini\u00e4 annosta kohti - suuri ja tehokas annos.<br data-start=\"927\" data-end=\"930\" \/>\u2714\ufe0f Stimuloi autofagiaa - solujen uudistumisprosessia.<br data-start=\"984\" data-end=\"987\" \/>\u2714\ufe0f Tukee syd\u00e4men, aivojen ja aineenvaihdunnan toimintoja.<br data-start=\"1046\" data-end=\"1049\" \/>\u2714\ufe0f &gt;98 Vehn\u00e4nalkiouute, puhtausaste % Vehn\u00e4nalkiouute, puhtausaste %.<br data-start=\"1091\" data-end=\"1094\" \/>\u2714\ufe0f Ei muuntogeenisi\u00e4 organismeja, s\u00e4il\u00f6nt\u00e4aineita tai keinotekoisia lis\u00e4aineita.<br data-start=\"1136\" data-end=\"1139\" \/>\u2714\ufe0f Sopii vegaaneille - kapselit on valmistettu HPMC:st\u00e4, joka ei ole el\u00e4inper\u00e4ist\u00e4.<br data-start=\"1196\" data-end=\"1199\" \/>\u2714\ufe0f Laboratoriossa testattu koostumus - taattu turvallisuus ja tehokkuus.<\/p>\n<p><strong>Toimitus Liettuassa:<\/strong> 2-3 ty\u00f6p\u00e4iv\u00e4\u00e4.<\/p>","protected":false},"featured_media":31891,"comment_status":"open","ping_status":"closed","template":"","meta":{"_acf_changed":false},"product_brand":[433],"product_cat":[122,123,249],"product_tag":[],"class_list":{"0":"post-31854","1":"product","2":"type-product","3":"status-publish","4":"has-post-thumbnail","6":"product_brand-l-cell","7":"product_cat-lasteliu-jaunystei","8":"product_cat-papildai-ilgaamziskumui","9":"product_cat-senolitikai","11":"first","12":"instock","13":"shipping-taxable","14":"purchasable","15":"product-type-simple"},"acf":[],"tiered_pricing_type":"fixed","tiered_pricing_fixed_rules":[],"tiered_pricing_product_settings":{"layout":"default","base_unit_name":{"singular":null,"plural":null},"default_variation":null},"tiered_pricing_minimum_quantity":null,"tiered_pricing_roles_data":[],"tiered_pricing_percentage_rules":[],"_links":{"self":[{"href":"https:\/\/purama.lt\/fi\/wp-json\/wp\/v2\/product\/31854","targetHints":{"allow":["GET"]}}],"collection":[{"href":"https:\/\/purama.lt\/fi\/wp-json\/wp\/v2\/product"}],"about":[{"href":"https:\/\/purama.lt\/fi\/wp-json\/wp\/v2\/types\/product"}],"replies":[{"embeddable":true,"href":"https:\/\/purama.lt\/fi\/wp-json\/wp\/v2\/comments?post=31854"}],"wp:featuredmedia":[{"embeddable":true,"href":"https:\/\/purama.lt\/fi\/wp-json\/wp\/v2\/media\/31891"}],"wp:attachment":[{"href":"https:\/\/purama.lt\/fi\/wp-json\/wp\/v2\/media?parent=31854"}],"wp:term":[{"taxonomy":"product_brand","embeddable":true,"href":"https:\/\/purama.lt\/fi\/wp-json\/wp\/v2\/product_brand?post=31854"},{"taxonomy":"product_cat","embeddable":true,"href":"https:\/\/purama.lt\/fi\/wp-json\/wp\/v2\/product_cat?post=31854"},{"taxonomy":"product_tag","embeddable":true,"href":"https:\/\/purama.lt\/fi\/wp-json\/wp\/v2\/product_tag?post=31854"}],"curies":[{"name":"wp","href":"https:\/\/api.w.org\/{rel}","templated":true}]}}