{"id":31853,"date":"2025-01-20T19:28:43","date_gmt":"2025-01-20T19:28:43","guid":{"rendered":"https:\/\/purama.lt\/produktas\/l-cell-kvercetinas-milteliai-30g\/"},"modified":"2026-04-14T14:52:52","modified_gmt":"2026-04-14T12:52:52","slug":"l-solun-kversetiinijauhe-30g","status":"publish","type":"product","link":"https:\/\/purama.lt\/fi\/produktas\/l-cell-kvercetinas-milteliai-30g\/","title":{"rendered":"L Cell Kversetiini (jauhe, 30g)"},"content":{"rendered":"<p><strong>Kulutus:<\/strong> 2 mittalusikallista jauhetta (500 mg kversetiini\u00e4) aamulla, mieluiten rasvaisen ruoan (esim. oliivi\u00f6ljy tai jogurtti) kanssa imeytymisen parantamiseksi.<\/p>\n\n\n\n<hr class=\"wp-block-separator has-alpha-channel-opacity\"\/>\n\n\n\n<p><strong>Ainesosat:<\/strong> Japanilainen Sophora-uute (\u226595 % kversetiini), sinkkiglukonaatti, kolekalsiferoli.<\/p>\n\n\n\n<hr class=\"wp-block-separator has-alpha-channel-opacity\"\/>\n\n\n\n<p><strong>Ravintoarvo<\/strong> (2 kauhallista):<\/p>\n\n\n\n<figure class=\"wp-block-table\"><table class=\"has-fixed-layout\"><thead><tr><th><strong>Ravinteet<\/strong><\/th><th><strong>M\u00e4\u00e4r\u00e4<\/strong><\/th><th><strong>% RMV*<\/strong><\/th><\/tr><\/thead><tbody><tr><td>Japanilainen Sophora-uute<\/td><td>525 mg<\/td><td>-<\/td><\/tr><tr><td>...josta kversetiini<\/td><td>500 mg<\/td><td>-<\/td><\/tr><tr><td>Sinkki<\/td><td>1,5 mg<\/td><td>15 %<\/td><\/tr><tr><td>Tiamiini (B1-vitamiini)<\/td><td>0,165 mg<\/td><td>15 %<\/td><\/tr><tr><td>D3-vitamiini<\/td><td>0,75 \u00b5g<\/td><td>15 %<\/td><\/tr><\/tbody><\/table><\/figure>\n\n\n\n<p>*RMV - ravitsemuksellinen viitearvo<br>**RMV ei m\u00e4\u00e4ritetty<\/p>\n\n\n\n<p><a href=\"https:\/\/drive.google.com\/file\/d\/1Ys8q6AJZ6qw3pdkfN8wdG113V7P18m1n\/view\" target=\"_blank\" rel=\"noreferrer noopener\">COA-todistus<\/a><\/p>\n\n\n\n<p>Etsitk\u00f6 lis\u00e4\u00e4? Katso kaikki <a href=\"\/fi\/tuoteselosteet\/l-solu\/\">L Cell-alue<\/a>.<\/p>","protected":false},"excerpt":{"rendered":"<p data-start=\"207\" data-end=\"305\"><strong data-start=\"211\" data-end=\"305\">L Cell Quercetin - kehittynyt suoja tulehdusta, solujen ik\u00e4\u00e4ntymist\u00e4 ja syd\u00e4men ep\u00e4tasapainoa vastaan.\u00a0<\/strong><strong data-start=\"307\" data-end=\"328\">L Cell Quercetin\u00ae<\/strong> - on voimakas luonnollinen flavonoidi japanilaisesta Sophora-uutteesta,<strong> niille, jotka etsiv\u00e4t parempaa verenkiertoa, v\u00e4hentynytt\u00e4 tulehdusta ja pitk\u00e4aikaista solujen vastustuskyky\u00e4.<\/strong>. Jokainen annos sis\u00e4lt\u00e4\u00e4 jopa 500 mg aktiivista ainesosaa, jonka hy\u00f6dyt perustuvat uusimpiin pitk\u00e4aikaisiin terveystutkimuksiin. Kversetiinill\u00e4 on voimakkaita tulehdusta ehk\u00e4isevi\u00e4 ominaisuuksia, <strong>auttaa s\u00e4\u00e4telem\u00e4\u00e4n immuunivastetta, suojaamaan hapettumisstressilt\u00e4 ja tukemaan hermoston toimintaa.<\/strong>. Yhdess\u00e4 sinkin ja D3-vitamiinin kanssa se luo synergistisen vaikutuksen, joka on hy\u00f6dyllinen sek\u00e4 p\u00e4ivitt\u00e4isen energiatasapainon ett\u00e4 ik\u00e4\u00e4ntymisen hidastamisen kannalta.<\/p>\n<p data-start=\"940\" data-end=\"968\"><strong data-start=\"944\" data-end=\"968\">Miksi valita:<br \/><\/strong>\u2714\ufe0f 500 mg kversetiinia annosta kohti - optimaalinen annos p\u00e4ivitt\u00e4iseen yll\u00e4pitoon.<br data-start=\"1038\" data-end=\"1041\" \/>\u2714\ufe0f Tukee syd\u00e4n-, verenkierto- ja immuunij\u00e4rjestelm\u00e4\u00e4.<br data-start=\"1100\" data-end=\"1103\" \/>\u2714\ufe0f Tukahduttaa tulehdusta - luonnollinen tulehdusta ehk\u00e4isev\u00e4 aine.<br data-start=\"1160\" data-end=\"1163\" \/>\u2714\ufe0f Edist\u00e4\u00e4 hermoston tasapainoa ja kognitiivista selkeytt\u00e4.<br data-start=\"1216\" data-end=\"1219\" \/>\u2714\ufe0f &gt;95 %-puhtaus japanilaisesta Sophora-uutteesta.<br data-start=\"1266\" data-end=\"1269\" \/>\u2714\ufe0f Ei muuntogeenisi\u00e4 organismeja, allergeeneja, s\u00e4il\u00f6nt\u00e4aineita tai makuaineita.<br data-start=\"1314\" data-end=\"1317\" \/>\u2714\ufe0f Sopii vegaaneille - vain kasviper\u00e4isi\u00e4 ainesosia.<br data-start=\"1376\" data-end=\"1379\" \/>\u2714\ufe0f Valmistus ja laadun testaus l\u00e4\u00e4kelaatua koskevien standardien mukaisesti.<\/p>\n<p><strong>Toimitus Liettuassa:<\/strong> 2-3 ty\u00f6p\u00e4iv\u00e4\u00e4.<\/p>","protected":false},"featured_media":31874,"comment_status":"open","ping_status":"closed","template":"","meta":{"_acf_changed":false},"product_brand":[433],"product_cat":[122,500,123,249],"product_tag":[],"class_list":{"0":"post-31853","1":"product","2":"type-product","3":"status-publish","4":"has-post-thumbnail","6":"product_brand-l-cell","7":"product_cat-lasteliu-jaunystei","8":"product_cat-outlet","9":"product_cat-papildai-ilgaamziskumui","10":"product_cat-senolitikai","12":"first","13":"instock","14":"sale","15":"shipping-taxable","16":"purchasable","17":"product-type-simple"},"acf":[],"tiered_pricing_type":"fixed","tiered_pricing_fixed_rules":[],"tiered_pricing_product_settings":{"layout":"default","base_unit_name":{"singular":null,"plural":null},"default_variation":null},"tiered_pricing_minimum_quantity":null,"tiered_pricing_roles_data":[],"tiered_pricing_percentage_rules":[],"_links":{"self":[{"href":"https:\/\/purama.lt\/fi\/wp-json\/wp\/v2\/product\/31853","targetHints":{"allow":["GET"]}}],"collection":[{"href":"https:\/\/purama.lt\/fi\/wp-json\/wp\/v2\/product"}],"about":[{"href":"https:\/\/purama.lt\/fi\/wp-json\/wp\/v2\/types\/product"}],"replies":[{"embeddable":true,"href":"https:\/\/purama.lt\/fi\/wp-json\/wp\/v2\/comments?post=31853"}],"wp:featuredmedia":[{"embeddable":true,"href":"https:\/\/purama.lt\/fi\/wp-json\/wp\/v2\/media\/31874"}],"wp:attachment":[{"href":"https:\/\/purama.lt\/fi\/wp-json\/wp\/v2\/media?parent=31853"}],"wp:term":[{"taxonomy":"product_brand","embeddable":true,"href":"https:\/\/purama.lt\/fi\/wp-json\/wp\/v2\/product_brand?post=31853"},{"taxonomy":"product_cat","embeddable":true,"href":"https:\/\/purama.lt\/fi\/wp-json\/wp\/v2\/product_cat?post=31853"},{"taxonomy":"product_tag","embeddable":true,"href":"https:\/\/purama.lt\/fi\/wp-json\/wp\/v2\/product_tag?post=31853"}],"curies":[{"name":"wp","href":"https:\/\/api.w.org\/{rel}","templated":true}]}}