{"id":31852,"date":"2025-01-20T19:28:43","date_gmt":"2025-01-20T19:28:43","guid":{"rendered":"https:\/\/purama.lt\/produktas\/l-cell-kvercetinas-250mg-kapsules-60-vnt\/"},"modified":"2026-04-14T14:53:07","modified_gmt":"2026-04-14T12:53:07","slug":"l-solun-kversetiini-250mg-kapselit-60-kpl","status":"publish","type":"product","link":"https:\/\/purama.lt\/fi\/produktas\/l-cell-kvercetinas-250mg-kapsules-60-vnt\/","title":{"rendered":"L Cell Quercetin (250mg kapselit, 60 kpl)"},"content":{"rendered":"<p><strong>Kulutus:<\/strong> Ota 2 kapselia aamulla lasillisen veden kanssa. Suositellaan otettavaksi rasvaisten ruokien (esim. oliivi\u00f6ljy tai jogurtti) kanssa imeytymisen parantamiseksi.<\/p>\n\n\n\n<hr class=\"wp-block-separator has-alpha-channel-opacity\"\/>\n\n\n\n<p><strong>Ainesosat:<\/strong> Japanilainen Sophora-uute (\u226595 % kversetiini), kapselikuori (hypromelloosi), sinkkiglukonaatti, kolekalsiferoli.<\/p>\n\n\n\n<hr class=\"wp-block-separator has-alpha-channel-opacity\"\/>\n\n\n\n<p><strong>Ravintoarvo<\/strong> (2 kapselia):<\/p>\n\n\n\n<figure class=\"wp-block-table\"><table class=\"has-fixed-layout\"><thead><tr><th><strong>Ravinteet<\/strong><\/th><th><strong>M\u00e4\u00e4r\u00e4<\/strong><\/th><th><strong>% RMV*<\/strong><\/th><\/tr><\/thead><tbody><tr><td>Japanilainen Sophora-uute<\/td><td>525 mg<\/td><td>-<\/td><\/tr><tr><td>...josta kversetiini<\/td><td>500 mg<\/td><td>-<\/td><\/tr><tr><td>Sinkki<\/td><td>1,5 mg<\/td><td>15 %<\/td><\/tr><tr><td>Tiamiini (B1-vitamiini)<\/td><td>0,165 mg<\/td><td>15 %<\/td><\/tr><tr><td>D3-vitamiini<\/td><td>0,75 \u00b5g<\/td><td>15 %<\/td><\/tr><\/tbody><\/table><\/figure>\n\n\n\n<p>*RMV - ravitsemuksellinen viitearvo<br>**RMV ei m\u00e4\u00e4ritetty<\/p>\n\n\n\n<p><a href=\"https:\/\/drive.google.com\/file\/d\/1Ys8q6AJZ6qw3pdkfN8wdG113V7P18m1n\/view\" target=\"_blank\" rel=\"noreferrer noopener\">COA-todistus<\/a><\/p>\n\n\n\n<p>Etsitk\u00f6 lis\u00e4\u00e4? Katso kaikki <a href=\"\/fi\/tuoteselosteet\/l-cell\/\">L Cell-alue<\/a>.<\/p>","protected":false},"excerpt":{"rendered":"<p data-start=\"137\" data-end=\"217\"><strong data-start=\"141\" data-end=\"217\">L Cell Kversetiini - p\u00e4ivitt\u00e4inen suoja tulehdusta ja oksidatiivista stressi\u00e4 vastaan.\u00a0<\/strong><strong data-start=\"219\" data-end=\"240\">L Cell Quercetin\u00ae<\/strong> - on k\u00e4tev\u00e4sti muotoiltu, eritt\u00e4in tiivis kversetiinilis\u00e4 japanilaisesta Sophora-uutteesta. Jokainen p\u00e4ivitt\u00e4inen annos sis\u00e4lt\u00e4\u00e4 500 mg puhdasta flavonoidia, jota <strong>auttaa tukemaan syd\u00e4men, immuunij\u00e4rjestelm\u00e4n ja hermoston toimintaa.<\/strong>. Kversetiini toimii my\u00f6s tehokkaana antioksidanttina, joka auttaa kehoa torjumaan soluvaurioita ja tulehdusreaktioita. T\u00e4m\u00e4 ravintolis\u00e4 sopii erityisesti niille, jotka ovat huolissaan pitk\u00e4aikaisesta terveydest\u00e4, elinvoimaisuudesta ja haluavat p\u00e4ivitt\u00e4ist\u00e4 tukea solutasolla. <\/p>\n<p><strong data-start=\"738\" data-end=\"762\">Miksi valita:<br \/><\/strong>\u2714\ufe0f 500 mg kversetiinia p\u00e4iv\u00e4ss\u00e4 on tieteellisesti perusteltu annos.<br data-start=\"821\" data-end=\"824\" \/>\u2714\ufe0f Tukee syd\u00e4n- ja verisuonij\u00e4rjestelm\u00e4\u00e4, immuunij\u00e4rjestelm\u00e4\u00e4 ja hermostoa.<br data-start=\"893\" data-end=\"896\" \/>\u2714\ufe0f Auttaa torjumaan oksidatiivista stressi\u00e4 ja tulehdusta.<br data-start=\"946\" data-end=\"949\" \/>\u2714\ufe0f &gt;95 % puhtaus Japanilainen Sophora-uute<br data-start=\"994\" data-end=\"997\" \/>\u2714\ufe0f Kapselimuoto - k\u00e4tev\u00e4 jokap\u00e4iv\u00e4iseen k\u00e4ytt\u00f6\u00f6n ja liikkeell\u00e4 oloon.<br data-start=\"1053\" data-end=\"1056\" \/>\u2714\ufe0f Ei sis\u00e4ll\u00e4 GMO:eja, v\u00e4riaineita, maku- ja s\u00e4il\u00f6nt\u00e4aineita.<br data-start=\"1109\" data-end=\"1112\" \/>\u2714\ufe0f Sopii vegaaneille - HPMC-kapselit<br data-start=\"1145\" data-end=\"1148\" \/>\u2714\ufe0f Laatu varmistetaan laboratoriotesteill\u00e4<\/p>","protected":false},"featured_media":31888,"comment_status":"open","ping_status":"closed","template":"","meta":{"_acf_changed":false},"product_brand":[433],"product_cat":[122,57,123,249],"product_tag":[],"class_list":{"0":"post-31852","1":"product","2":"type-product","3":"status-publish","4":"has-post-thumbnail","6":"product_brand-l-cell","7":"product_cat-lasteliu-jaunystei","8":"product_cat-akcijos","9":"product_cat-papildai-ilgaamziskumui","10":"product_cat-senolitikai","12":"first","13":"instock","14":"sale","15":"shipping-taxable","16":"purchasable","17":"product-type-simple"},"acf":[],"tiered_pricing_type":"fixed","tiered_pricing_fixed_rules":[],"tiered_pricing_product_settings":{"layout":"default","base_unit_name":{"singular":null,"plural":null},"default_variation":null},"tiered_pricing_minimum_quantity":null,"tiered_pricing_roles_data":[],"tiered_pricing_percentage_rules":[],"_links":{"self":[{"href":"https:\/\/purama.lt\/fi\/wp-json\/wp\/v2\/product\/31852","targetHints":{"allow":["GET"]}}],"collection":[{"href":"https:\/\/purama.lt\/fi\/wp-json\/wp\/v2\/product"}],"about":[{"href":"https:\/\/purama.lt\/fi\/wp-json\/wp\/v2\/types\/product"}],"replies":[{"embeddable":true,"href":"https:\/\/purama.lt\/fi\/wp-json\/wp\/v2\/comments?post=31852"}],"wp:featuredmedia":[{"embeddable":true,"href":"https:\/\/purama.lt\/fi\/wp-json\/wp\/v2\/media\/31888"}],"wp:attachment":[{"href":"https:\/\/purama.lt\/fi\/wp-json\/wp\/v2\/media?parent=31852"}],"wp:term":[{"taxonomy":"product_brand","embeddable":true,"href":"https:\/\/purama.lt\/fi\/wp-json\/wp\/v2\/product_brand?post=31852"},{"taxonomy":"product_cat","embeddable":true,"href":"https:\/\/purama.lt\/fi\/wp-json\/wp\/v2\/product_cat?post=31852"},{"taxonomy":"product_tag","embeddable":true,"href":"https:\/\/purama.lt\/fi\/wp-json\/wp\/v2\/product_tag?post=31852"}],"curies":[{"name":"wp","href":"https:\/\/api.w.org\/{rel}","templated":true}]}}