{"id":31851,"date":"2025-01-20T19:28:43","date_gmt":"2025-01-20T19:28:43","guid":{"rendered":"https:\/\/purama.lt\/produktas\/l-cell-nr-milteliai-24g\/"},"modified":"2026-04-03T14:49:29","modified_gmt":"2026-04-03T12:49:29","slug":"l-cell-no-jauhe-24g","status":"publish","type":"product","link":"https:\/\/purama.lt\/fi\/produktas\/l-cell-nr-milteliai-24g\/","title":{"rendered":"L Cell NR (jauhe, 24 g)"},"content":{"rendered":"<p><strong>Kulutus:<\/strong> 1-2 kauhallista jauhetta (300-600 mg NR) aamulla. On suositeltavaa ottaa sublinguaalisesti ja s\u00e4ilytt\u00e4\u00e4 kunnes se on liuennut. Herkemmille k\u00e4ytt\u00e4jille - voidaan ottaa aterioiden j\u00e4lkeen.<\/p>\n\n\n\n<hr class=\"wp-block-separator has-alpha-channel-opacity\"\/>\n\n\n\n<p><strong>Ainesosat:<\/strong> Nikotiiniamidi-ribosidi, selluloosa, sinkkiglukonaatti, tiamiinihydrokloridi.<\/p>\n\n\n\n<hr class=\"wp-block-separator has-alpha-channel-opacity\"\/>\n\n\n\n<p><strong>Ravintoarvo<\/strong> (1 per kauhallinen):<\/p>\n\n\n\n<figure class=\"wp-block-table\"><table class=\"has-fixed-layout\"><thead><tr><th><strong>Ravinteet<\/strong><\/th><th><strong>M\u00e4\u00e4r\u00e4<\/strong><\/th><th><strong>% RMV*<\/strong><\/th><\/tr><\/thead><tbody><tr><td>Nikotiiniamidi ribosidi<\/td><td>300 mg<\/td><td>-<\/td><\/tr><tr><td>Sinkki<\/td><td>1,5 mg<\/td><td>15 %<\/td><\/tr><tr><td>Tiamiini (B1-vitamiini)<\/td><td>0,165 mg<\/td><td>15 %<\/td><\/tr><\/tbody><\/table><\/figure>\n\n\n\n<p>*RMV - ravitsemuksellinen viitearvo<br>**RMV ei m\u00e4\u00e4ritetty<br><br><strong>Lis\u00e4selvityksi\u00e4 NAD+:n esiasteista:<\/strong> <a href=\"https:\/\/purama.lt\/fi\/nmn-vs-nr\/\">NMN vs NR -vertailu<\/a><\/p>\n\n\n\n<p>Etsitk\u00f6 lis\u00e4\u00e4? Katso kaikki <a href=\"\/fi\/tuoteselosteet\/l-cell\/\">L Cell-alue<\/a>.<\/p>","protected":false},"excerpt":{"rendered":"<p data-start=\"235\" data-end=\"329\"><strong data-start=\"239\" data-end=\"329\">L Cell NR - kehittynyt NAD+-tason tuki energialle, pitk\u00e4ik\u00e4isyydelle ja henkiselle selkeydelle.\u00a0<\/strong><strong data-start=\"331\" data-end=\"345\">L Cell NR\u00ae<\/strong> - on puhdas nikotiiniamidi-ribosidi (NR) jauhevalmiste solujen energia-aineenvaihdunnan, hermoston ja ik\u00e4\u00e4ntymisen hallintaan. NR - <strong>Se on yksi tehokkaimmista NAD+:n esiasteista, auttaa palauttamaan solujen luonnollisen energiatasapainon ja tehostaa DNA:n korjausprosesseja.<\/strong>. Korkeammat NAD+-pitoisuudet ovat yhteydess\u00e4 parempaan stressinsietokykyyn, energiaan ja terveeseen ik\u00e4\u00e4ntymiseen. T\u00e4m\u00e4 ravintolis\u00e4 on erityisen tehokas niille, joilla on energian puutetta, henkist\u00e4 v\u00e4symyst\u00e4 tai jotka haluavat vahvistaa kehon vastustuskyky\u00e4 solujen ik\u00e4\u00e4ntymist\u00e4 vastaan.<\/p>\n<p data-start=\"891\" data-end=\"919\"><strong data-start=\"895\" data-end=\"919\">Miksi valita:<br \/><\/strong>\u2714\ufe0f Enint\u00e4\u00e4n 800 mg NR p\u00e4iv\u00e4ss\u00e4 - suurin tehokas annos.<br data-start=\"973\" data-end=\"976\" \/>\u2714\ufe0f Yll\u00e4pit\u00e4\u00e4 NAD+-tasoja - t\u00e4rke\u00e4 energian, DNA:n korjaamisen ja pitk\u00e4ik\u00e4isyyden kannalta.<br data-start=\"1047\" data-end=\"1050\" \/>\u2714\ufe0f Edist\u00e4\u00e4 hermoston ja psykologisen toiminnan normaalia toimintaa.<br data-start=\"1117\" data-end=\"1120\" \/>\u2714\ufe0f Yli 98 %-puhtaus - vapaa ep\u00e4puhtauksista ja tarpeettomista yhdisteist\u00e4.<br data-start=\"1187\" data-end=\"1190\" \/>\u2714\ufe0f Sublingvaalinen muoto - nopeampi ja tehokkaampi imeytyminen.<br data-start=\"1253\" data-end=\"1256\" \/>\u2714\ufe0f Sopii vegaaneille - ei sis\u00e4ll\u00e4 liivatetta tai el\u00e4inper\u00e4isi\u00e4 ainesosia.<br data-start=\"1320\" data-end=\"1323\" \/>\u2714\ufe0f Valmistettu farmaseuttisessa laatulaboratoriossa Euroopassa.<br data-start=\"1378\" data-end=\"1381\" \/>\u2714\ufe0f Ei muuntogeenisi\u00e4 organismeja, allergeeneja, s\u00e4il\u00f6nt\u00e4aineita tai makuaineita.<br data-start=\"1434\" data-end=\"1437\" \/>\u2714\ufe0f Yhdistettyn\u00e4 TMG-betaineen, metyylin luovuttajan, kanssa NR:n tehon lis\u00e4\u00e4miseksi.<\/p>\n<p><strong>Toimitus Liettuassa:<\/strong> 2-3 ty\u00f6p\u00e4iv\u00e4\u00e4.<\/p>","protected":false},"featured_media":31878,"comment_status":"open","ping_status":"closed","template":"","meta":{"_acf_changed":false},"product_brand":[433],"product_cat":[122,251,261,260,263,253,252,262,248,255,123,249,256,250,254],"product_tag":[],"class_list":{"0":"post-31851","1":"product","2":"type-product","3":"status-publish","4":"has-post-thumbnail","6":"product_brand-l-cell","7":"product_cat-lasteliu-jaunystei","8":"product_cat-antioksidantai","9":"product_cat-cukraus-balansas","10":"product_cat-energijai-ir-apykaitai","11":"product_cat-fizine-istverme","12":"product_cat-imuniteto-palaikymas","13":"product_cat-imunitetui","14":"product_cat-medziagu-apykaita","15":"product_cat-nad-ir-mitochondrijos","16":"product_cat-oksidacinio-streso-mazinimas","17":"product_cat-papildai-ilgaamziskumui","18":"product_cat-senolitikai","19":"product_cat-smegenims-ir-atminciai","20":"product_cat-telomeru-ir-dnr-apsauga","21":"product_cat-uzdegimo-mazinimas","23":"first","24":"instock","25":"shipping-taxable","26":"purchasable","27":"product-type-simple"},"acf":[],"tiered_pricing_type":"fixed","tiered_pricing_fixed_rules":[],"tiered_pricing_product_settings":{"layout":"default","base_unit_name":{"singular":null,"plural":null},"default_variation":null},"tiered_pricing_minimum_quantity":null,"tiered_pricing_roles_data":[],"tiered_pricing_percentage_rules":[],"_links":{"self":[{"href":"https:\/\/purama.lt\/fi\/wp-json\/wp\/v2\/product\/31851","targetHints":{"allow":["GET"]}}],"collection":[{"href":"https:\/\/purama.lt\/fi\/wp-json\/wp\/v2\/product"}],"about":[{"href":"https:\/\/purama.lt\/fi\/wp-json\/wp\/v2\/types\/product"}],"replies":[{"embeddable":true,"href":"https:\/\/purama.lt\/fi\/wp-json\/wp\/v2\/comments?post=31851"}],"wp:featuredmedia":[{"embeddable":true,"href":"https:\/\/purama.lt\/fi\/wp-json\/wp\/v2\/media\/31878"}],"wp:attachment":[{"href":"https:\/\/purama.lt\/fi\/wp-json\/wp\/v2\/media?parent=31851"}],"wp:term":[{"taxonomy":"product_brand","embeddable":true,"href":"https:\/\/purama.lt\/fi\/wp-json\/wp\/v2\/product_brand?post=31851"},{"taxonomy":"product_cat","embeddable":true,"href":"https:\/\/purama.lt\/fi\/wp-json\/wp\/v2\/product_cat?post=31851"},{"taxonomy":"product_tag","embeddable":true,"href":"https:\/\/purama.lt\/fi\/wp-json\/wp\/v2\/product_tag?post=31851"}],"curies":[{"name":"wp","href":"https:\/\/api.w.org\/{rel}","templated":true}]}}