{"id":31850,"date":"2025-01-20T19:28:43","date_gmt":"2025-01-20T19:28:43","guid":{"rendered":"https:\/\/purama.lt\/produktas\/l-cell-magnio-l-treonatas-milteliai-60g\/"},"modified":"2026-04-14T14:58:58","modified_gmt":"2026-04-14T12:58:58","slug":"l-solumagnesium-l-treonaattijauhe-60g","status":"publish","type":"product","link":"https:\/\/purama.lt\/fi\/produktas\/l-cell-magnio-l-treonatas-milteliai-60g\/","title":{"rendered":"L Cell Magnesium L-treonaatti (jauhe, 60g)"},"content":{"rendered":"<p><strong>Kulutus:<\/strong> Ota 2 mittalusikallista aamulla ja illalla. Parasta ennen aterioita, mutta voidaan ottaa aterioiden j\u00e4lkeen herkemmille vatsoille. Sekoita veteen tai muuhun nesteeseen.<\/p>\n\n\n\n<hr class=\"wp-block-separator has-alpha-channel-opacity\"\/>\n\n\n\n<p><strong>Ainesosat:<\/strong> Magnesium-L-treonaatti, sinkkiglukonaatti, kolekalsiferoli.<\/p>\n\n\n\n<hr class=\"wp-block-separator has-alpha-channel-opacity\"\/>\n\n\n\n<p><strong>Ravintoarvo<\/strong> (4 kauhallista):<\/p>\n\n\n\n<figure class=\"wp-block-table\"><table class=\"has-fixed-layout\"><thead><tr><th><strong>Ravinteet<\/strong><\/th><th><strong>M\u00e4\u00e4r\u00e4<\/strong><\/th><th><strong>% RMV*<\/strong><\/th><\/tr><\/thead><tbody><tr><td>Magnesium L-treonaatti<\/td><td>2000 mg<\/td><td>-<\/td><\/tr><tr><td>...josta magnesium<\/td><td>160 mg<\/td><td>43 %<\/td><\/tr><tr><td>Sinkki<\/td><td>1,5 mg<\/td><td>15 %<\/td><\/tr><tr><td>D3-vitamiini<\/td><td>0,75 \u00b5g<\/td><td>15 %<\/td><\/tr><\/tbody><\/table><\/figure>\n\n\n\n<p>*RMV - ravitsemuksellinen viitearvo<br>**RMV ei m\u00e4\u00e4ritetty<\/p>\n\n\n\n<h3 class=\"wp-block-heading\">Usein kysyttyj\u00e4 kysymyksi\u00e4 L Cell Magnesium L-treonaattijauheesta<\/h3>\n\n\n\n<p><strong>Miten minun pit\u00e4isi ottaa L Cell Magnesium L-treonaattijauhetta?<\/strong><br>Ota j\u00e4lkeen <strong>2 mittalusikallista aamulla ja illalla<\/strong>, sekoitetaan veteen tai muuhun nesteeseen.<\/p>\n\n\n\n<p><strong>Mik\u00e4 on annoskoko ja ravintoarvo?<\/strong><br>Annos - <strong>4 kauhallista<\/strong>. Se sis\u00e4lt\u00e4\u00e4: <strong>2000 mg magnesium-L-treonaattia<\/strong>, <strong>160 mg magnesiumia (43% RMV)<\/strong>, <strong>Sinkki 1,5 mg (15%)<\/strong>, <strong>vit. D3 0,75 \u00b5g (15%)<\/strong>.<\/p>\n\n\n\n<p><strong>Onko parempi ottaa se ennen vai j\u00e4lkeen aterian?<\/strong><br>Paras - <strong>ennen aterioita<\/strong>, mutta jos vatsa on herkempi, sit\u00e4 voidaan k\u00e4ytt\u00e4\u00e4. <strong>aterioiden j\u00e4lkeen<\/strong>.<\/p>\n\n\n\n<p><strong>Mit\u00e4 se sis\u00e4lt\u00e4\u00e4?<\/strong><br>Ainesosat: <strong>magnesium-L-treonaatti, sinkkiglukonaatti, kolekalsiferoli.<\/strong>.<\/p>\n\n\n\n<p><strong>Mit\u00e4 eroa on jauheella ja kapseleilla?<\/strong><br>Jauhe valitaan yleens\u00e4 silloin, kun halutaan <strong>joustavampi annostelu<\/strong>, ja kapselit, kun sill\u00e4 on eniten merkityst\u00e4 <strong>mukavuus rutiininomainen<\/strong>.<\/p>\n\n\n\n<h3 class=\"wp-block-heading\">Vertaa muihin magnesium l-treonaattivaihtoehtoihin<\/h3>\n\n\n\n<ul class=\"wp-block-list\">\n<li><a href=\"https:\/\/purama.lt\/fi\/tuote\/l-solumagnesium-l-treonaatti-450mg-kapselit-120-kpl\/\">L-Cell kapselit (120 kpl)<\/a> - miellytt\u00e4vin rutiini.<\/li>\n\n\n\n<li><a href=\"https:\/\/purama.lt\/fi\/tuote\/l-solumagnesium-l-treonaattijauhe-60g\/\">L-Cell jauhe (60 g)<\/a> - joustavampaa annostelua varten.<\/li>\n\n\n\n<li><a href=\"https:\/\/purama.lt\/fi\/tuote\/slavic-labs-brainmag-magnesium-l-treonaatti-stressinhallintalisa-50g\/\">Slavic Labs BrainMag (50 g)<\/a> - annoskontrollia varten (1-3 sikaa\/vrk).<\/li>\n<\/ul>\n\n\n\n<p><strong>Aiheeseen liittyv\u00e4 opas:<\/strong><a href=\"https:\/\/purama.lt\/fi\/magnesium-l-treonaatti\/\"> Magnesium-L-treonaatti: kenelle, miten sit\u00e4 k\u00e4ytet\u00e4\u00e4n ja vertailu bisglysinaattiin?<\/a><\/p>\n\n\n\n<p>Artikkelissa esitet\u00e4\u00e4n yhteenveto kliinisist\u00e4 tutkimuksista, annostelulogiikka (alkuainemagnesium) ja selke\u00e4 valinta magnesium-L-treonaatin eri muotojen v\u00e4lill\u00e4.<\/p>\n\n\n\n<p>Etsitk\u00f6 lis\u00e4\u00e4? Katso kaikki <a href=\"\/fi\/tuoteselosteet\/l-cell\/\">L Cell-alue<\/a>.<\/p>","protected":false},"excerpt":{"rendered":"<p data-start=\"215\" data-end=\"304\"><strong data-start=\"219\" data-end=\"304\">L Cell Magnesium L-Threonaatti - voimakas lis\u00e4 mielelle, lihaksille ja pitk\u00e4ik\u00e4isyydelle.\u00a0<\/strong>Tutustu erilaiseen magnesiumiin - <strong data-start=\"328\" data-end=\"348\">L-Treonato-muoto<\/strong> on kyky p\u00e4\u00e4st\u00e4 aivosoluihisi ja auttaa mielt\u00e4si toimimaan selke\u00e4sti ja p\u00e4\u00e4tt\u00e4v\u00e4isesti. <strong data-start=\"447\" data-end=\"480\">L Cell Magnesium L-treonaatti\u00ae<\/strong> - on edistyksellinen p\u00e4ivitt\u00e4inen koostumus, joka on suunniteltu tukemaan hermoston lis\u00e4ksi my\u00f6s lihasten, luiden ja energian tasapainoa koko kehossa. Miedosti maustettu jauhe liukenee helposti veteen ja siit\u00e4 tulee olennainen osa aamu- ja iltahoitoasi. T\u00e4t\u00e4 ravintolis\u00e4\u00e4 arvostavat erityisesti ne, jotka etsiv\u00e4t selke\u00e4\u00e4 ajattelua, parempaa unta, v\u00e4hentynytt\u00e4 v\u00e4symyst\u00e4 ja solujen suojaa hapetusstressi\u00e4 vastaan. Ainutlaatuinen koostumus - <strong data-start=\"883\" data-end=\"910\">ainoa magnesiumtyyppi<\/strong>, jotka voivat toimia tehokkaasti aivojen alueilla, jotka liittyv\u00e4t muistiin, tarkkaavaisuuteen ja kognitiiviseen ter\u00e4vyyteen. <\/p>\n<p><strong data-start=\"1024\" data-end=\"1048\">Miksi valita:<br \/><\/strong>\u2714\ufe0f 2000 mg magnesium L-treonaattia annosta kohti - korkea pitoisuus (4 mittalusikallista).<br data-start=\"1122\" data-end=\"1125\" \/>\u2714\ufe0f Magnesiumin muoto, josta keskustellaan usein kognitiivisten toimintojen ja unen yhteydess\u00e4.<br data-start=\"1196\" data-end=\"1199\" \/>\u2714\ufe0f Auttaa v\u00e4hent\u00e4m\u00e4\u00e4n v\u00e4symyst\u00e4 ja yll\u00e4pit\u00e4m\u00e4\u00e4n energiatasapainoa.<br data-start=\"1256\" data-end=\"1259\" \/>\u2714\ufe0f Tukee lihasten, luuston ja hermoston toimintaa.<br data-start=\"1309\" data-end=\"1312\" \/>\u2714\ufe0f &gt;98 %-puhtaus, laboratorioturvallisuustestaus.<br data-start=\"1363\" data-end=\"1366\" \/>\u2714\ufe0f Ei sis\u00e4ll\u00e4 GMO:eja, allergeeneja, v\u00e4riaineita eik\u00e4 tarpeettomia lis\u00e4aineita.<br data-start=\"1418\" data-end=\"1421\" \/>\u2714\ufe0f Miedon makuinen jauhe - helppo integroida p\u00e4ivitt\u00e4iseen rutiiniin.<br data-start=\"1482\" data-end=\"1485\" \/>\u2714\ufe0f Sopii vegaaneille<\/p>","protected":false},"featured_media":31876,"comment_status":"open","ping_status":"closed","template":"","meta":{"_acf_changed":false},"product_brand":[433],"product_cat":[57,257,259,123,256,258],"product_tag":[],"class_list":{"0":"post-31850","1":"product","2":"type-product","3":"status-publish","4":"has-post-thumbnail","6":"product_brand-l-cell","7":"product_cat-akcijos","8":"product_cat-atmintis-ir-demesys","9":"product_cat-nuotaika-ir-stresas","10":"product_cat-papildai-ilgaamziskumui","11":"product_cat-smegenims-ir-atminciai","12":"product_cat-smegenu-apsauga","14":"first","15":"instock","16":"sale","17":"shipping-taxable","18":"purchasable","19":"product-type-simple"},"acf":[],"tiered_pricing_type":"fixed","tiered_pricing_fixed_rules":[],"tiered_pricing_product_settings":{"layout":"default","base_unit_name":{"singular":null,"plural":null},"default_variation":null},"tiered_pricing_minimum_quantity":null,"tiered_pricing_roles_data":[],"tiered_pricing_percentage_rules":[],"_links":{"self":[{"href":"https:\/\/purama.lt\/fi\/wp-json\/wp\/v2\/product\/31850","targetHints":{"allow":["GET"]}}],"collection":[{"href":"https:\/\/purama.lt\/fi\/wp-json\/wp\/v2\/product"}],"about":[{"href":"https:\/\/purama.lt\/fi\/wp-json\/wp\/v2\/types\/product"}],"replies":[{"embeddable":true,"href":"https:\/\/purama.lt\/fi\/wp-json\/wp\/v2\/comments?post=31850"}],"wp:featuredmedia":[{"embeddable":true,"href":"https:\/\/purama.lt\/fi\/wp-json\/wp\/v2\/media\/31876"}],"wp:attachment":[{"href":"https:\/\/purama.lt\/fi\/wp-json\/wp\/v2\/media?parent=31850"}],"wp:term":[{"taxonomy":"product_brand","embeddable":true,"href":"https:\/\/purama.lt\/fi\/wp-json\/wp\/v2\/product_brand?post=31850"},{"taxonomy":"product_cat","embeddable":true,"href":"https:\/\/purama.lt\/fi\/wp-json\/wp\/v2\/product_cat?post=31850"},{"taxonomy":"product_tag","embeddable":true,"href":"https:\/\/purama.lt\/fi\/wp-json\/wp\/v2\/product_tag?post=31850"}],"curies":[{"name":"wp","href":"https:\/\/api.w.org\/{rel}","templated":true}]}}