{"id":31848,"date":"2025-01-20T19:28:43","date_gmt":"2025-01-20T19:28:43","guid":{"rendered":"https:\/\/purama.lt\/produktas\/l-cell-l-teaninas-milteliai-23g\/"},"modified":"2026-04-03T14:54:46","modified_gmt":"2026-04-03T12:54:46","slug":"l-solu-l-teaniinijauhe-23g","status":"publish","type":"product","link":"https:\/\/purama.lt\/fi\/produktas\/l-cell-l-teaninas-milteliai-23g\/","title":{"rendered":"L Cell L-Teanine (jauhe, 23g)"},"content":{"rendered":"<p><strong>Kulutus:<\/strong> 1 mittalusikallinen (200 mg) jauhetta nukkumaan menness\u00e4. Sekoita veteen tai muuhun nesteeseen ja juo. Sopii my\u00f6s p\u00e4iv\u00e4k\u00e4ytt\u00f6\u00f6n j\u00e4nnityksen tai ahdistuksen yhteydess\u00e4.<\/p>\n\n\n\n<hr class=\"wp-block-separator has-alpha-channel-opacity\"\/>\n\n\n\n<p><strong>Ainesosat:<\/strong> Vihre\u00e4n teen uute (\u226580 % L-Teanine), sinkkiglukonaatti, tiamiinihydrokloridi.<\/p>\n\n\n\n<hr class=\"wp-block-separator has-alpha-channel-opacity\"\/>\n\n\n\n<p><strong>Ravintoarvo<\/strong> (1 per kauhallinen):<\/p>\n\n\n\n<figure class=\"wp-block-table\"><table class=\"has-fixed-layout\"><thead><tr><th><strong>Ravinteet<\/strong><\/th><th><strong>M\u00e4\u00e4r\u00e4<\/strong><\/th><th><strong>% RMV*<\/strong><\/th><\/tr><\/thead><tbody><tr><td>Vihre\u00e4n teen uute<\/td><td>250 mg<\/td><td>-<\/td><\/tr><tr><td>...josta L-Teanino<\/td><td>200 mg<\/td><td>-<\/td><\/tr><tr><td>Sinkki<\/td><td>1,5 mg<\/td><td>15 %<\/td><\/tr><tr><td>Tiamiini (B1-vitamiini)<\/td><td>0,165 mg<\/td><td>15 %<\/td><\/tr><\/tbody><\/table><\/figure>\n\n\n\n<p>*RMV - ravitsemuksellinen viitearvo<br>**RMV ei m\u00e4\u00e4ritetty<\/p>\n\n\n\n<p>Etsitk\u00f6 lis\u00e4\u00e4? Katso kaikki <a href=\"\/fi\/tuoteselosteet\/l-cell\/\">L Cell-alue<\/a>.<\/p>","protected":false},"excerpt":{"rendered":"<p data-start=\"169\" data-end=\"259\"><strong data-start=\"173\" data-end=\"259\">L Cell L-Teanine - sis\u00e4iseen rauhaan, selkeisiin ajatuksiin ja syv\u00e4\u00e4n rentoutumiseen.\u00a0<\/strong><strong data-start=\"261\" data-end=\"283\">L Cell L-teaniini\u00ae<\/strong> - on vihre\u00e4 tee -uutteesta valmistettu luonnollinen kaava, joka tukee emotionaalista tasapainoa, v\u00e4hent\u00e4\u00e4 j\u00e4nnityst\u00e4 ja edist\u00e4\u00e4 laadukasta lepoa. Yksi annos sis\u00e4lt\u00e4\u00e4 200 mg L-teaniinia, joka tunnetaan kyvyst\u00e4\u00e4n rauhoittaa mielt\u00e4 ilman uneliaisuuden tunnetta. Sopii erinomaisesti iltarutiiniin tai stressin hallintaan p\u00e4iv\u00e4n aikana. Tunnetason hy\u00f6tyjen lis\u00e4ksi L-teaniini edist\u00e4\u00e4 my\u00f6s aineenvaihdunnan ja solujen suojausprosesseja - se on antioksidantti ja autofagian modulaattori, joka auttaa tukemaan kehon sis\u00e4ist\u00e4 uudistumista. <\/p>\n<p><strong data-start=\"805\" data-end=\"829\"> Miksi valita:<br \/><\/strong>\u2714\ufe0f 200 mg L-teaniinia - tieteellisesti p\u00e4tev\u00e4 p\u00e4iv\u00e4annos.<br data-start=\"884\" data-end=\"887\" \/>\u2714\ufe0f Rauhoittaa ilman uneliaisuutta - hyv\u00e4 mielelle, stressille ja laadukkaalle unelle.<br data-start=\"959\" data-end=\"962\" \/>\u2714\ufe0f Edist\u00e4\u00e4 hermoston normaalia toimintaa.<br data-start=\"1012\" data-end=\"1015\" \/>\u2714\ufe0f Valmistettu vihre\u00e4st\u00e4 teest\u00e4 - luonnollinen l\u00e4hde.<br data-start=\"1070\" data-end=\"1073\" \/>\u2714\ufe0f Tukee solujen suojaa ja pitk\u00e4ik\u00e4isyytt\u00e4.<br data-start=\"1117\" data-end=\"1120\" \/>\u2714\ufe0f Ei muuntogeenisi\u00e4 organismeja, allergeeneja, makuaineita tai keinotekoisia lis\u00e4aineita.<br data-start=\"1178\" data-end=\"1181\" \/>\u2714\ufe0f Sopii vegaaneille - puhtaat kasviper\u00e4iset ainesosat.<br data-start=\"1223\" data-end=\"1226\" \/>\u2714\ufe0f Laboratoriossa testattu puhtaus ja turvallisuus<\/p>\n<p><strong>Toimitus Liettuassa:<\/strong> 2-3 ty\u00f6p\u00e4iv\u00e4\u00e4.<\/p>","protected":false},"featured_media":31875,"comment_status":"open","ping_status":"closed","template":"","meta":{"_acf_changed":false},"product_brand":[433],"product_cat":[122,259,123,256],"product_tag":[],"class_list":{"0":"post-31848","1":"product","2":"type-product","3":"status-publish","4":"has-post-thumbnail","6":"product_brand-l-cell","7":"product_cat-lasteliu-jaunystei","8":"product_cat-nuotaika-ir-stresas","9":"product_cat-papildai-ilgaamziskumui","10":"product_cat-smegenims-ir-atminciai","12":"first","13":"instock","14":"shipping-taxable","15":"purchasable","16":"product-type-simple"},"acf":[],"tiered_pricing_type":"fixed","tiered_pricing_fixed_rules":[],"tiered_pricing_product_settings":{"layout":"default","base_unit_name":{"singular":null,"plural":null},"default_variation":null},"tiered_pricing_minimum_quantity":null,"tiered_pricing_roles_data":[],"tiered_pricing_percentage_rules":[],"_links":{"self":[{"href":"https:\/\/purama.lt\/fi\/wp-json\/wp\/v2\/product\/31848","targetHints":{"allow":["GET"]}}],"collection":[{"href":"https:\/\/purama.lt\/fi\/wp-json\/wp\/v2\/product"}],"about":[{"href":"https:\/\/purama.lt\/fi\/wp-json\/wp\/v2\/types\/product"}],"replies":[{"embeddable":true,"href":"https:\/\/purama.lt\/fi\/wp-json\/wp\/v2\/comments?post=31848"}],"wp:featuredmedia":[{"embeddable":true,"href":"https:\/\/purama.lt\/fi\/wp-json\/wp\/v2\/media\/31875"}],"wp:attachment":[{"href":"https:\/\/purama.lt\/fi\/wp-json\/wp\/v2\/media?parent=31848"}],"wp:term":[{"taxonomy":"product_brand","embeddable":true,"href":"https:\/\/purama.lt\/fi\/wp-json\/wp\/v2\/product_brand?post=31848"},{"taxonomy":"product_cat","embeddable":true,"href":"https:\/\/purama.lt\/fi\/wp-json\/wp\/v2\/product_cat?post=31848"},{"taxonomy":"product_tag","embeddable":true,"href":"https:\/\/purama.lt\/fi\/wp-json\/wp\/v2\/product_tag?post=31848"}],"curies":[{"name":"wp","href":"https:\/\/api.w.org\/{rel}","templated":true}]}}