{"id":31847,"date":"2025-01-20T19:28:42","date_gmt":"2025-01-20T19:28:42","guid":{"rendered":"https:\/\/purama.lt\/produktas\/l-cell-l-teaninas-200mg-kapsules-30-vnt\/"},"modified":"2026-04-07T12:49:52","modified_gmt":"2026-04-07T10:49:52","slug":"l-solu-l-teaniini-200mg-kapselit-30-kpl","status":"publish","type":"product","link":"https:\/\/purama.lt\/fi\/produktas\/l-cell-l-teaninas-200mg-kapsules-30-vnt\/","title":{"rendered":"L Cell L-Teanine (200mg kapselit, 30 kpl)"},"content":{"rendered":"<p><strong>Kulutus:<\/strong> 1 kapseli nukkumaan menness\u00e4 lasillisen veden kanssa. Sopii p\u00e4iv\u00e4k\u00e4ytt\u00f6\u00f6n stressin tai emotionaalisen ep\u00e4tasapainon yhteydess\u00e4.<\/p>\n\n\n\n<hr class=\"wp-block-separator has-alpha-channel-opacity\"\/>\n\n\n\n<p><strong>Ainesosat:<\/strong> Vihre\u00e4n teen uute (\u226580 % L-Teanine), kapselikuori (hypromelloosi), sinkkiglukonaatti, tiamiinihydrokloridi.<\/p>\n\n\n\n<hr class=\"wp-block-separator has-alpha-channel-opacity\"\/>\n\n\n\n<p><strong>Ravintoarvo<\/strong> (1 kapseli):<\/p>\n\n\n\n<figure class=\"wp-block-table\"><table class=\"has-fixed-layout\"><thead><tr><th><strong>Ravinteet<\/strong><\/th><th><strong>M\u00e4\u00e4r\u00e4<\/strong><\/th><th><strong>% RMV*<\/strong><\/th><\/tr><\/thead><tbody><tr><td>Vihre\u00e4n teen uute<\/td><td>250 mg<\/td><td>-<\/td><\/tr><tr><td>...josta L-Teanino<\/td><td>200 mg<\/td><td>-<\/td><\/tr><tr><td>Sinkki<\/td><td>1,5 mg<\/td><td>15 %<\/td><\/tr><tr><td>Tiamiini (B1-vitamiini)<\/td><td>0,165 mg<\/td><td>15 %<\/td><\/tr><\/tbody><\/table><\/figure>\n\n\n\n<p>*RMV - ravitsemuksellinen viitearvo<br>**RMV ei m\u00e4\u00e4ritetty<\/p>\n\n\n\n<p>Etsitk\u00f6 lis\u00e4\u00e4? Katso kaikki <a href=\"\/fi\/tuoteselosteet\/l-cell\/\">L Cell-alue<\/a>.<\/p>","protected":false},"excerpt":{"rendered":"<p data-start=\"174\" data-end=\"235\"><strong data-start=\"178\" data-end=\"235\">L Cell L-Teanine - mielenrauha, joka odottaa mielt\u00e4si.\u00a0<\/strong><strong data-start=\"237\" data-end=\"259\">L Cell L-teaniini\u00ae<\/strong> - Se on luonnollinen, lempe\u00e4 lis\u00e4ravinne, joka auttaa mielt\u00e4 hidastumaan ja ajatuksia yhdistym\u00e4\u00e4n. Vihre\u00e4st\u00e4 teeuutteesta uutettu L-teaniini tunnetaan kyvyst\u00e4\u00e4n lievitt\u00e4\u00e4 j\u00e4nnityst\u00e4, parantaa tunnetilaa ja edist\u00e4\u00e4 sis\u00e4ist\u00e4 tasapainoa v\u00e4hent\u00e4m\u00e4tt\u00e4 valppautta. Yksi kapseli sis\u00e4lt\u00e4\u00e4 200 mg t\u00e4t\u00e4 ainetta, joka on suunniteltu tekem\u00e4\u00e4n illoista rauhallisempia ja huomisista valoisampia. Tunneterveyteen kohdistuvien vaikutustensa lis\u00e4ksi L-teaniini edist\u00e4\u00e4 my\u00f6s aineenvaihduntaprosesseja, solujen suojaa ja hermoston yleist\u00e4 tasapainoa.<\/p>\n<p data-start=\"801\" data-end=\"829\"><strong data-start=\"805\" data-end=\"829\">Miksi valita:<br \/><\/strong>\u2714\ufe0f 200 mg L-teaniinia kapselia kohti - tehokas p\u00e4iv\u00e4annos.<br data-start=\"893\" data-end=\"896\" \/>\u2714\ufe0f Rauhoittaa ilman uneliaisuutta - hyv\u00e4 nukkumaanmenoaikaan tai stressiin.<br data-start=\"959\" data-end=\"962\" \/>\u2714\ufe0f Tukee psykologista ja hermoston toimintaa<br data-start=\"1010\" data-end=\"1013\" \/>\u2714\ufe0f Valmistettu vihre\u00e4n teen uutteesta - luonnollinen l\u00e4hde.<br data-start=\"1077\" data-end=\"1080\" \/>\u2714\ufe0f Osallistuu aineenvaihduntaan ja solujen suojaamiseen.<br data-start=\"1137\" data-end=\"1140\" \/>\u2714\ufe0f Sopii vegaaneille - gelatiinittomat kapselit.<br data-start=\"1181\" data-end=\"1184\" \/>\u2714\ufe0f Ei muuntogeenisi\u00e4 organismeja, makuaineita, s\u00e4il\u00f6nt\u00e4aineita tai allergeeneja.<br data-start=\"1237\" data-end=\"1240\" \/>\u2714\ufe0f Farmaseuttisen laadun ja puhtauden valvonta<\/p>","protected":false},"featured_media":31889,"comment_status":"open","ping_status":"closed","template":"","meta":{"_acf_changed":false},"product_brand":[433],"product_cat":[122,57,259,123,256],"product_tag":[],"class_list":{"0":"post-31847","1":"product","2":"type-product","3":"status-publish","4":"has-post-thumbnail","6":"product_brand-l-cell","7":"product_cat-lasteliu-jaunystei","8":"product_cat-akcijos","9":"product_cat-nuotaika-ir-stresas","10":"product_cat-papildai-ilgaamziskumui","11":"product_cat-smegenims-ir-atminciai","13":"first","14":"instock","15":"sale","16":"shipping-taxable","17":"purchasable","18":"product-type-simple"},"acf":[],"tiered_pricing_type":"fixed","tiered_pricing_fixed_rules":[],"tiered_pricing_product_settings":{"layout":"default","base_unit_name":{"singular":null,"plural":null},"default_variation":null},"tiered_pricing_minimum_quantity":null,"tiered_pricing_roles_data":[],"tiered_pricing_percentage_rules":[],"_links":{"self":[{"href":"https:\/\/purama.lt\/fi\/wp-json\/wp\/v2\/product\/31847","targetHints":{"allow":["GET"]}}],"collection":[{"href":"https:\/\/purama.lt\/fi\/wp-json\/wp\/v2\/product"}],"about":[{"href":"https:\/\/purama.lt\/fi\/wp-json\/wp\/v2\/types\/product"}],"replies":[{"embeddable":true,"href":"https:\/\/purama.lt\/fi\/wp-json\/wp\/v2\/comments?post=31847"}],"wp:featuredmedia":[{"embeddable":true,"href":"https:\/\/purama.lt\/fi\/wp-json\/wp\/v2\/media\/31889"}],"wp:attachment":[{"href":"https:\/\/purama.lt\/fi\/wp-json\/wp\/v2\/media?parent=31847"}],"wp:term":[{"taxonomy":"product_brand","embeddable":true,"href":"https:\/\/purama.lt\/fi\/wp-json\/wp\/v2\/product_brand?post=31847"},{"taxonomy":"product_cat","embeddable":true,"href":"https:\/\/purama.lt\/fi\/wp-json\/wp\/v2\/product_cat?post=31847"},{"taxonomy":"product_tag","embeddable":true,"href":"https:\/\/purama.lt\/fi\/wp-json\/wp\/v2\/product_tag?post=31847"}],"curies":[{"name":"wp","href":"https:\/\/api.w.org\/{rel}","templated":true}]}}