{"id":31844,"date":"2025-01-20T19:28:42","date_gmt":"2025-01-20T19:28:42","guid":{"rendered":"https:\/\/purama.lt\/produktas\/l-cell-fisetinas-milteliai-15g\/"},"modified":"2026-04-14T14:30:33","modified_gmt":"2026-04-14T12:30:33","slug":"l-solu-fisetiinijauhe-15g","status":"publish","type":"product","link":"https:\/\/purama.lt\/fi\/produktas\/l-cell-fisetinas-milteliai-15g\/","title":{"rendered":"L Cell Fisetiini (jauhe, 15 g)"},"content":{"rendered":"<p><strong>Kulutus:<\/strong> 1-2 kauhallista jauhetta (250-500 mg fisetiinia) aamulla. Maksimaalisen imeytymisen saavuttamiseksi ota rasvaisten ruokien, kuten jogurtin, avokadon, oliivi\u00f6ljyn jne. kanssa.<\/p>\n\n\n\n<hr class=\"wp-block-separator has-alpha-channel-opacity\"\/>\n\n\n\n<p><strong>Ainesosat:<\/strong> Eurooppalainen Puffball-uute (\u226598 % fisetiini), sinkkiglukonaatti, kolekalsiferoli.<\/p>\n\n\n\n<hr class=\"wp-block-separator has-alpha-channel-opacity\"\/>\n\n\n\n<p><strong>Ravintoarvo<\/strong> (2 kauhallista):<\/p>\n\n\n\n<figure class=\"wp-block-table\"><table class=\"has-fixed-layout\"><thead><tr><th><strong>Ravinteet<\/strong><\/th><th><strong>M\u00e4\u00e4r\u00e4<\/strong><\/th><th><strong>% RMV*<\/strong><\/th><\/tr><\/thead><tbody><tr><td>Eurooppalainen puffinpallouute (98 % fisetiini)<\/td><td>500 mg<\/td><td>-<\/td><\/tr><tr><td>Sinkki<\/td><td>1,5 mg<\/td><td>15 %<\/td><\/tr><tr><td>D3-vitamiini<\/td><td>0,75 \u00b5g<\/td><td>15 %<\/td><\/tr><\/tbody><\/table><\/figure>\n\n\n\n<p>*RMV - ravitsemuksellinen viitearvo<br>**RMV ei m\u00e4\u00e4ritetty<\/p>\n\n\n\n<p><a href=\"https:\/\/drive.google.com\/file\/d\/1hIvdXIORI4rPRIZRa5ITcU3mcDucjLj3\/view\" target=\"_blank\" rel=\"noreferrer noopener\">COA-todistus<\/a><\/p>\n\n\n\n<p>Etsitk\u00f6 lis\u00e4\u00e4? Katso kaikki <a href=\"\/fi\/tuoteselosteet\/l-cell\/\">L Cell-alue<\/a>.<\/p>","protected":false},"excerpt":{"rendered":"<p data-start=\"174\" data-end=\"255\"><strong data-start=\"178\" data-end=\"255\">L Cell Fisetin - edistyksellinen ratkaisu solujen suojaamiseen ja pitk\u00e4ik\u00e4isyyteen.\u00a0<\/strong><strong data-start=\"257\" data-end=\"276\">L Cell Fisetin\u00ae<\/strong> - on puhtaaseen eurooppalaiseen Puffball-uutteeseen perustuva luonnollinen lis\u00e4ravinne, joka on suunniteltu torjumaan solujen ik\u00e4\u00e4ntymisen ja tulehduksen vaikutuksia sis\u00e4lt\u00e4p\u00e4in. Fisetiini on yksi tehokkaimmista tunnetuista <strong data-start=\"468\" data-end=\"482\">Senolytics<\/strong>, tukee kehon luonnollista kyky\u00e4 p\u00e4\u00e4st\u00e4 eroon vaurioituneista soluista, mik\u00e4 edist\u00e4\u00e4 terveemp\u00e4\u00e4 ja pidemp\u00e4\u00e4 el\u00e4m\u00e4\u00e4. Lis\u00e4ksi fisetiini auttaa normalisoimaan tulehdusreaktiota, pit\u00e4\u00e4 ihon, hiukset ja kynnet hyv\u00e4ss\u00e4 kunnossa ja edist\u00e4\u00e4 aineenvaihduntaprosesseja - erityisen t\u00e4rke\u00e4\u00e4 niille, jotka ovat huolissaan sek\u00e4 ulkoisesta kauneudesta ett\u00e4 solujen syv\u00e4llisest\u00e4 terveydest\u00e4. <\/p>\n<p><strong data-start=\"851\" data-end=\"875\"> Miksi valita:<br \/><\/strong>\u2714\ufe0f 98 % fisetiinin puhtaus - korkealaatuisesta eurooppalaisesta untuvasta.<br data-start=\"946\" data-end=\"949\" \/>\u2714\ufe0f Tukee tulehdus- ja immuunij\u00e4rjestelm\u00e4n v\u00e4list\u00e4 tasapainoa.<br data-start=\"1000\" data-end=\"1003\" \/>\u2714\ufe0f Toimii senolyyttisesti - edist\u00e4\u00e4 solujen uudistumista ja suojaa.<br data-start=\"1073\" data-end=\"1076\" \/>\u2714\ufe0f Edist\u00e4\u00e4 hiusten, ihon, kynsien ja luiden normaalia kehityst\u00e4.<br data-start=\"1139\" data-end=\"1142\" \/>\u2714\ufe0f Auttaa yll\u00e4pit\u00e4m\u00e4\u00e4n hiilihydraatti- ja rasva-aineenvaihduntaa.<br data-start=\"1196\" data-end=\"1199\" \/>\u2714\ufe0f Ei muuntogeenisi\u00e4 organismeja, v\u00e4rej\u00e4, makuja tai allergeeneja.<br data-start=\"1249\" data-end=\"1252\" \/>\u2714\ufe0f Sopii vegaaneille - 100 % kasvipohjainen.<br data-start=\"1294\" data-end=\"1297\" \/>\u2714\ufe0f Laboratoriossa testattu koostumus ja turvallisuus<\/p>\n<p><strong>Toimitus Liettuassa:<\/strong> 2-3 ty\u00f6p\u00e4iv\u00e4\u00e4.<\/p>","protected":false},"featured_media":31885,"comment_status":"open","ping_status":"closed","template":"","meta":{"_acf_changed":false},"product_brand":[433],"product_cat":[122,123,249],"product_tag":[],"class_list":{"0":"post-31844","1":"product","2":"type-product","3":"status-publish","4":"has-post-thumbnail","6":"product_brand-l-cell","7":"product_cat-lasteliu-jaunystei","8":"product_cat-papildai-ilgaamziskumui","9":"product_cat-senolitikai","11":"first","12":"instock","13":"shipping-taxable","14":"purchasable","15":"product-type-simple"},"acf":[],"tiered_pricing_type":"fixed","tiered_pricing_fixed_rules":[],"tiered_pricing_product_settings":{"layout":"default","base_unit_name":{"singular":null,"plural":null},"default_variation":null},"tiered_pricing_minimum_quantity":null,"tiered_pricing_roles_data":[],"tiered_pricing_percentage_rules":[],"_links":{"self":[{"href":"https:\/\/purama.lt\/fi\/wp-json\/wp\/v2\/product\/31844","targetHints":{"allow":["GET"]}}],"collection":[{"href":"https:\/\/purama.lt\/fi\/wp-json\/wp\/v2\/product"}],"about":[{"href":"https:\/\/purama.lt\/fi\/wp-json\/wp\/v2\/types\/product"}],"replies":[{"embeddable":true,"href":"https:\/\/purama.lt\/fi\/wp-json\/wp\/v2\/comments?post=31844"}],"wp:featuredmedia":[{"embeddable":true,"href":"https:\/\/purama.lt\/fi\/wp-json\/wp\/v2\/media\/31885"}],"wp:attachment":[{"href":"https:\/\/purama.lt\/fi\/wp-json\/wp\/v2\/media?parent=31844"}],"wp:term":[{"taxonomy":"product_brand","embeddable":true,"href":"https:\/\/purama.lt\/fi\/wp-json\/wp\/v2\/product_brand?post=31844"},{"taxonomy":"product_cat","embeddable":true,"href":"https:\/\/purama.lt\/fi\/wp-json\/wp\/v2\/product_cat?post=31844"},{"taxonomy":"product_tag","embeddable":true,"href":"https:\/\/purama.lt\/fi\/wp-json\/wp\/v2\/product_tag?post=31844"}],"curies":[{"name":"wp","href":"https:\/\/api.w.org\/{rel}","templated":true}]}}